{"id":15516,"date":"2025-11-05T02:29:03","date_gmt":"2025-11-05T02:29:03","guid":{"rendered":"https:\/\/osesa.cl\/?page_id=15516"},"modified":"2025-12-18T13:07:39","modified_gmt":"2025-12-18T13:07:39","slug":"canales-de-denuncia","status":"publish","type":"page","link":"https:\/\/osesa.cl\/index.php\/canales-de-denuncia\/","title":{"rendered":"Canales de Denuncia"},"content":{"rendered":"\t\t<div data-elementor-type=\"wp-page\" data-elementor-id=\"15516\" class=\"elementor elementor-15516\">\n\t\t\t\t\t\t<section class=\"elementor-section elementor-top-section elementor-element elementor-element-5498db5 elementor-section-boxed elementor-section-height-default elementor-section-height-default\" data-id=\"5498db5\" data-element_type=\"section\">\n\t\t\t\t\t\t<div class=\"elementor-container elementor-column-gap-default\">\n\t\t\t\t\t<div class=\"elementor-column elementor-col-100 elementor-top-column elementor-element elementor-element-4009f15\" data-id=\"4009f15\" data-element_type=\"column\">\n\t\t\t<div class=\"elementor-widget-wrap elementor-element-populated\">\n\t\t\t\t\t\t<div class=\"elementor-element elementor-element-e6cf4c5 elementor-widget elementor-widget-heading\" data-id=\"e6cf4c5\" data-element_type=\"widget\" data-widget_type=\"heading.default\">\n\t\t\t\t<div class=\"elementor-widget-container\">\n\t\t\t\t\t<h2 class=\"elementor-heading-title elementor-size-default\">Canales de Denuncia<\/h2>\t\t\t\t<\/div>\n\t\t\t\t<\/div>\n\t\t\t\t<div class=\"elementor-element elementor-element-170225f elementor-widget__width-initial elementor-widget elementor-widget-text-editor\" data-id=\"170225f\" data-element_type=\"widget\" data-widget_type=\"text-editor.default\">\n\t\t\t\t<div class=\"elementor-widget-container\">\n\t\t\t\t\t\t\t\t\t<p>En <b>OSESA<\/b>, la \u00e9tica, la transparencia y el respeto son pilares esenciales en la forma en que realizamos nuestras operaciones y nos relacionamos con las personas.<\/p><p>Con el prop\u00f3sito de mantener los m\u00e1s altos est\u00e1ndares de integridad y conducta, hemos habilitado canales que permiten reportar cualquier situaci\u00f3n, acci\u00f3n o comportamiento que pueda implicar una vulneraci\u00f3n de nuestros valores, leyes, normativas, pol\u00edticas internas o principios \u00e9ticos.<\/p><p>Para asegurar la confidencialidad y protecci\u00f3n de quienes realicen una denuncia, contamos con un canal externo administrado por una entidad independiente, lo que garantiza que la informaci\u00f3n no se almacene ni gestione dentro de los sistemas de Osesa.<\/p><p>En cumplimiento de la Ley N\u00b0 21.643 sobre prevenci\u00f3n del acoso sexual, acoso laboral, violencia en el trabajo y no discriminaci\u00f3n (conocida como Ley Karin), hemos dispuesto un espacio espec\u00edfico que da cumplimiento a los procedimientos establecidos por la autoridad. En estos casos, la denuncia no podr\u00e1 ser an\u00f3nima, pero se resguardar\u00e1 la total confidencialidad de los antecedentes y de las personas involucradas.<\/p><p>Agradecemos su compromiso con una cultura de integridad, respeto y mejora continua.<br \/>Juntos construimos un entorno laboral m\u00e1s transparente y seguro para todos.<\/p>\t\t\t\t\t\t\t\t<\/div>\n\t\t\t\t<\/div>\n\t\t\t\t\t<\/div>\n\t\t<\/div>\n\t\t\t\t\t<\/div>\n\t\t<\/section>\n\t\t\t\t<section class=\"elementor-section elementor-top-section elementor-element elementor-element-c223edf elementor-section-boxed elementor-section-height-default elementor-section-height-default\" data-id=\"c223edf\" data-element_type=\"section\">\n\t\t\t\t\t\t<div class=\"elementor-container elementor-column-gap-default\">\n\t\t\t\t\t<div class=\"elementor-column elementor-col-100 elementor-top-column elementor-element elementor-element-fe4e645\" data-id=\"fe4e645\" data-element_type=\"column\">\n\t\t\t<div class=\"elementor-widget-wrap elementor-element-populated\">\n\t\t\t\t\t\t<div class=\"elementor-element elementor-element-e4bd464 cen elementor-widget elementor-widget-heading\" data-id=\"e4bd464\" data-element_type=\"widget\" data-widget_type=\"heading.default\">\n\t\t\t\t<div class=\"elementor-widget-container\">\n\t\t\t\t\t<h3 class=\"elementor-heading-title elementor-size-default\">Canal de Denuncias Externo<\/h3>\t\t\t\t<\/div>\n\t\t\t\t<\/div>\n\t\t\t\t<div class=\"elementor-element elementor-element-9a88cba elementor-widget__width-initial elementor-widget elementor-widget-text-editor\" data-id=\"9a88cba\" data-element_type=\"widget\" data-widget_type=\"text-editor.default\">\n\t\t\t\t<div class=\"elementor-widget-container\">\n\t\t\t\t\t\t\t\t\t<p>Describe aqu\u00ed la situaci\u00f3n que quieres denunciar, sugerimos que incluyas fecha del suceso, personas involucradas, \u00e1reas involucradas.<\/p>\t\t\t\t\t\t\t\t<\/div>\n\t\t\t\t<\/div>\n\t\t\t\t<div class=\"elementor-element elementor-element-907ed93 elementor-widget__width-initial elementor-widget elementor-widget-shortcode\" data-id=\"907ed93\" data-element_type=\"widget\" data-widget_type=\"shortcode.default\">\n\t\t\t\t<div class=\"elementor-widget-container\">\n\t\t\t\t\t\t\t<div class=\"elementor-shortcode\">\n<div class=\"wpcf7 no-js\" id=\"wpcf7-f15519-o1\" lang=\"en-US\" dir=\"ltr\" data-wpcf7-id=\"15519\">\n<div class=\"screen-reader-response\"><p role=\"status\" aria-live=\"polite\" aria-atomic=\"true\"><\/p> <ul><\/ul><\/div>\n<form action=\"\/index.php\/wp-json\/wp\/v2\/pages\/15516#wpcf7-f15519-o1\" method=\"post\" class=\"wpcf7-form init\" aria-label=\"Contact form\" novalidate=\"novalidate\" data-status=\"init\">\n<div style=\"display: none;\">\n<input type=\"hidden\" name=\"_wpcf7\" value=\"15519\" \/>\n<input type=\"hidden\" name=\"_wpcf7_version\" value=\"6.0.6\" \/>\n<input type=\"hidden\" name=\"_wpcf7_locale\" value=\"en_US\" \/>\n<input type=\"hidden\" name=\"_wpcf7_unit_tag\" value=\"wpcf7-f15519-o1\" \/>\n<input type=\"hidden\" name=\"_wpcf7_container_post\" value=\"0\" \/>\n<input type=\"hidden\" name=\"_wpcf7_posted_data_hash\" value=\"\" \/>\n<input type=\"hidden\" name=\"_wpcf7_recaptcha_response\" value=\"\" \/>\n<\/div>\n<span class=\"wpcf7-form-control-wrap\" data-name=\"message\"><textarea cols=\"40\" rows=\"10\" maxlength=\"2000\" class=\"wpcf7-form-control wpcf7-textarea wpcf7-validates-as-required\" aria-required=\"true\" aria-invalid=\"false\" placeholder=\"Mensaje*\" name=\"message\"><\/textarea><\/span>\n<br>\n<button type=\"submit\" class=\"button size-lg icon_right\">Enviar <i class=\"fa fa-chevron-right\"><\/i><\/button><p style=\"display: none !important;\" class=\"akismet-fields-container\" data-prefix=\"_wpcf7_ak_\"><label>&#916;<textarea name=\"_wpcf7_ak_hp_textarea\" cols=\"45\" rows=\"8\" maxlength=\"100\"><\/textarea><\/label><input type=\"hidden\" id=\"ak_js_1\" name=\"_wpcf7_ak_js\" value=\"88\"\/><script>document.getElementById( \"ak_js_1\" ).setAttribute( \"value\", ( new Date() ).getTime() );<\/script><\/p><input type='hidden' class='wpcf7-pum' value='{\"closepopup\":false,\"closedelay\":0,\"openpopup\":false,\"openpopup_id\":0}' \/><div class=\"wpcf7-response-output\" aria-hidden=\"true\"><\/div>\n<\/form>\n<\/div>\n<\/div>\n\t\t\t\t\t\t<\/div>\n\t\t\t\t<\/div>\n\t\t\t\t\t<\/div>\n\t\t<\/div>\n\t\t\t\t\t<\/div>\n\t\t<\/section>\n\t\t\t\t<section class=\"elementor-section elementor-top-section elementor-element elementor-element-d71a272 elementor-section-boxed elementor-section-height-default elementor-section-height-default\" data-id=\"d71a272\" data-element_type=\"section\">\n\t\t\t\t\t\t<div class=\"elementor-container elementor-column-gap-default\">\n\t\t\t\t\t<div class=\"elementor-column elementor-col-100 elementor-top-column elementor-element elementor-element-2a26b2a\" data-id=\"2a26b2a\" data-element_type=\"column\">\n\t\t\t<div class=\"elementor-widget-wrap\">\n\t\t\t\t\t\t\t<\/div>\n\t\t<\/div>\n\t\t\t\t\t<\/div>\n\t\t<\/section>\n\t\t\t\t<\/div>\n\t\t","protected":false},"excerpt":{"rendered":"<p>Canales de Denuncia En OSESA, la \u00e9tica, la transparencia y el respeto son pilares esenciales en la forma en que realizamos nuestras operaciones y nos relacionamos con las personas. Con el prop\u00f3sito de mantener los m\u00e1s altos est\u00e1ndares de integridad y conducta, hemos habilitado canales que permiten reportar cualquier situaci\u00f3n, acci\u00f3n o comportamiento que pueda<\/p>\n","protected":false},"author":3,"featured_media":0,"parent":0,"menu_order":0,"comment_status":"closed","ping_status":"closed","template":"","meta":{"_joinchat":[],"footnotes":""},"class_list":["post-15516","page","type-page","status-publish","hentry"],"yoast_head":"<!-- This site is optimized with the Yoast SEO plugin v24.9 - https:\/\/yoast.com\/wordpress\/plugins\/seo\/ -->\n<title>Canales de Denuncia - Osesa<\/title>\n<meta name=\"robots\" content=\"index, follow, max-snippet:-1, max-image-preview:large, max-video-preview:-1\" \/>\n<link rel=\"canonical\" href=\"https:\/\/osesa.cl\/index.php\/canales-de-denuncia\/\" \/>\n<meta property=\"og:locale\" content=\"es_ES\" \/>\n<meta property=\"og:type\" content=\"article\" \/>\n<meta property=\"og:title\" content=\"Canales de Denuncia - Osesa\" \/>\n<meta property=\"og:description\" content=\"Canales de Denuncia En OSESA, la \u00e9tica, la transparencia y el respeto son pilares esenciales en la forma en que realizamos nuestras operaciones y nos relacionamos con las personas. Con el prop\u00f3sito de mantener los m\u00e1s altos est\u00e1ndares de integridad y conducta, hemos habilitado canales que permiten reportar cualquier situaci\u00f3n, acci\u00f3n o comportamiento que pueda\" \/>\n<meta property=\"og:url\" content=\"https:\/\/osesa.cl\/index.php\/canales-de-denuncia\/\" \/>\n<meta property=\"og:site_name\" content=\"Osesa\" \/>\n<meta property=\"article:modified_time\" content=\"2025-12-18T13:07:39+00:00\" \/>\n<meta name=\"twitter:card\" content=\"summary_large_image\" \/>\n<meta name=\"twitter:label1\" content=\"Tiempo de lectura\" \/>\n\t<meta name=\"twitter:data1\" content=\"1 minuto\" \/>\n<script type=\"application\/ld+json\" class=\"yoast-schema-graph\">{\"@context\":\"https:\/\/schema.org\",\"@graph\":[{\"@type\":\"WebPage\",\"@id\":\"https:\/\/osesa.cl\/index.php\/canales-de-denuncia\/\",\"url\":\"https:\/\/osesa.cl\/index.php\/canales-de-denuncia\/\",\"name\":\"Canales de Denuncia - Osesa\",\"isPartOf\":{\"@id\":\"https:\/\/osesa.cl\/#website\"},\"datePublished\":\"2025-11-05T02:29:03+00:00\",\"dateModified\":\"2025-12-18T13:07:39+00:00\",\"breadcrumb\":{\"@id\":\"https:\/\/osesa.cl\/index.php\/canales-de-denuncia\/#breadcrumb\"},\"inLanguage\":\"es\",\"potentialAction\":[{\"@type\":\"ReadAction\",\"target\":[\"https:\/\/osesa.cl\/index.php\/canales-de-denuncia\/\"]}]},{\"@type\":\"BreadcrumbList\",\"@id\":\"https:\/\/osesa.cl\/index.php\/canales-de-denuncia\/#breadcrumb\",\"itemListElement\":[{\"@type\":\"ListItem\",\"position\":1,\"name\":\"Portada\",\"item\":\"https:\/\/osesa.cl\/\"},{\"@type\":\"ListItem\",\"position\":2,\"name\":\"Canales de Denuncia\"}]},{\"@type\":\"WebSite\",\"@id\":\"https:\/\/osesa.cl\/#website\",\"url\":\"https:\/\/osesa.cl\/\",\"name\":\"Osesa\",\"description\":\"\",\"potentialAction\":[{\"@type\":\"SearchAction\",\"target\":{\"@type\":\"EntryPoint\",\"urlTemplate\":\"https:\/\/osesa.cl\/?s={search_term_string}\"},\"query-input\":{\"@type\":\"PropertyValueSpecification\",\"valueRequired\":true,\"valueName\":\"search_term_string\"}}],\"inLanguage\":\"es\"}]}<\/script>\n<!-- \/ Yoast SEO plugin. -->","yoast_head_json":{"title":"Canales de Denuncia - Osesa","robots":{"index":"index","follow":"follow","max-snippet":"max-snippet:-1","max-image-preview":"max-image-preview:large","max-video-preview":"max-video-preview:-1"},"canonical":"https:\/\/osesa.cl\/index.php\/canales-de-denuncia\/","og_locale":"es_ES","og_type":"article","og_title":"Canales de Denuncia - Osesa","og_description":"Canales de Denuncia En OSESA, la \u00e9tica, la transparencia y el respeto son pilares esenciales en la forma en que realizamos nuestras operaciones y nos relacionamos con las personas. Con el prop\u00f3sito de mantener los m\u00e1s altos est\u00e1ndares de integridad y conducta, hemos habilitado canales que permiten reportar cualquier situaci\u00f3n, acci\u00f3n o comportamiento que pueda","og_url":"https:\/\/osesa.cl\/index.php\/canales-de-denuncia\/","og_site_name":"Osesa","article_modified_time":"2025-12-18T13:07:39+00:00","twitter_card":"summary_large_image","twitter_misc":{"Tiempo de lectura":"1 minuto"},"schema":{"@context":"https:\/\/schema.org","@graph":[{"@type":"WebPage","@id":"https:\/\/osesa.cl\/index.php\/canales-de-denuncia\/","url":"https:\/\/osesa.cl\/index.php\/canales-de-denuncia\/","name":"Canales de Denuncia - Osesa","isPartOf":{"@id":"https:\/\/osesa.cl\/#website"},"datePublished":"2025-11-05T02:29:03+00:00","dateModified":"2025-12-18T13:07:39+00:00","breadcrumb":{"@id":"https:\/\/osesa.cl\/index.php\/canales-de-denuncia\/#breadcrumb"},"inLanguage":"es","potentialAction":[{"@type":"ReadAction","target":["https:\/\/osesa.cl\/index.php\/canales-de-denuncia\/"]}]},{"@type":"BreadcrumbList","@id":"https:\/\/osesa.cl\/index.php\/canales-de-denuncia\/#breadcrumb","itemListElement":[{"@type":"ListItem","position":1,"name":"Portada","item":"https:\/\/osesa.cl\/"},{"@type":"ListItem","position":2,"name":"Canales de Denuncia"}]},{"@type":"WebSite","@id":"https:\/\/osesa.cl\/#website","url":"https:\/\/osesa.cl\/","name":"Osesa","description":"","potentialAction":[{"@type":"SearchAction","target":{"@type":"EntryPoint","urlTemplate":"https:\/\/osesa.cl\/?s={search_term_string}"},"query-input":{"@type":"PropertyValueSpecification","valueRequired":true,"valueName":"search_term_string"}}],"inLanguage":"es"}]}},"_links":{"self":[{"href":"https:\/\/osesa.cl\/index.php\/wp-json\/wp\/v2\/pages\/15516","targetHints":{"allow":["GET"]}}],"collection":[{"href":"https:\/\/osesa.cl\/index.php\/wp-json\/wp\/v2\/pages"}],"about":[{"href":"https:\/\/osesa.cl\/index.php\/wp-json\/wp\/v2\/types\/page"}],"author":[{"embeddable":true,"href":"https:\/\/osesa.cl\/index.php\/wp-json\/wp\/v2\/users\/3"}],"replies":[{"embeddable":true,"href":"https:\/\/osesa.cl\/index.php\/wp-json\/wp\/v2\/comments?post=15516"}],"version-history":[{"count":27,"href":"https:\/\/osesa.cl\/index.php\/wp-json\/wp\/v2\/pages\/15516\/revisions"}],"predecessor-version":[{"id":15910,"href":"https:\/\/osesa.cl\/index.php\/wp-json\/wp\/v2\/pages\/15516\/revisions\/15910"}],"wp:attachment":[{"href":"https:\/\/osesa.cl\/index.php\/wp-json\/wp\/v2\/media?parent=15516"}],"curies":[{"name":"wp","href":"https:\/\/api.w.org\/{rel}","templated":true}]}}