{"id":6238,"date":"2019-11-26T04:29:34","date_gmt":"2019-11-26T04:29:34","guid":{"rendered":"http:\/\/consulting.stylemixthemes.com\/demo\/?page_id=6238"},"modified":"2025-10-22T01:48:23","modified_gmt":"2025-10-22T01:48:23","slug":"compania","status":"publish","type":"page","link":"https:\/\/osesa.cl\/index.php\/compania\/","title":{"rendered":"Compa\u00f1\u00eda"},"content":{"rendered":"<div class=\"wpb-content-wrapper\"><p>[vc_row content_placement=&#8221;middle&#8221; css=&#8221;.vc_custom_1692994550034{padding-top: 40px !important;}&#8221;][vc_column width=&#8221;1\/2&#8243;][vc_single_image image=&#8221;9635&#8243; img_size=&#8221;full&#8221; style=&#8221;vc_box_rounded&#8221;][\/vc_column][vc_column width=&#8221;1\/2&#8243;][vc_custom_heading text=&#8221;Nuestra Empresa&#8221; use_theme_fonts=&#8221;yes&#8221;][vc_column_text css=&#8221;&#8221;]<strong>Grupo GESA<\/strong> es un holding de empresas con amplia experiencia en el mercado nacional de la <strong>seguridad de las personas y las empresas.<\/strong> Con m\u00e1s de 18 a\u00f1os de trayectoria, hemos desarrollado soluciones integrales en el \u00e1mbito de la <strong>seguridad electr\u00f3nica<\/strong> y la <strong>protecci\u00f3n contra incendios<\/strong>, combinando conocimiento t\u00e9cnico, innovaci\u00f3n y servicio de excelencia.[\/vc_column_text][\/vc_column][\/vc_row][vc_row css=&#8221;.vc_custom_1676304521886{padding-top: 40px !important;}&#8221;][vc_column][vc_column_text css=&#8221;&#8221;]El grupo est\u00e1 conformado por <strong>OSESA<\/strong> y <strong>GESA<\/strong>, dos empresas que comparten la misma visi\u00f3n de seguridad, pero con enfoques especializados:<br \/>\n\u2022 <strong>OSESA<\/strong> se enfoca en ofrecer soluciones avanzadas en productos y sistemas de alta tecnolog\u00eda, representando marcas l\u00edderes como Abloy y Johnson Controls, adem\u00e1s de brindar servicios en <strong>detecci\u00f3n y extinci\u00f3n de incendios, control de acceso, CCTV<\/strong>, entre otros.<br \/>\n\u2022 <strong>GESA<\/strong>, por su parte, se especializa en el <strong>monitoreo de alarmas<\/strong> y servicios de seguridad remota para empresas, proporcionando una respuesta confiable y continua las 24 horas del d\u00eda.<\/p>\n<p>Juntas, <strong>OSESA<\/strong> y <strong>GESA<\/strong> forman un grupo s\u00f3lido y complementario que entrega soluciones seguras, integrales y de confianza a lo largo de todo Chile.[\/vc_column_text][vc_column_text]<\/p>\n<blockquote><p>La relaci\u00f3n directa que hemos logrado con nuestros clientes, ha permitido que nuestra empresa mantenga un v\u00ednculo eficaz al momento de solucionar los problemas y detectar las necesidades para la implementaci\u00f3n de pol\u00edticas e infraestructura de seguridad. Esto nos garantiza velocidad y eficiencia en la respuesta, con la capacidad de reaccionar en cada situaci\u00f3n que lo amerite, siendo este un valor importante en el momento de la toma de decisiones.<\/p><\/blockquote>\n<p>[\/vc_column_text][\/vc_column][\/vc_row][vc_row disable_element=&#8221;yes&#8221; el_class=&#8221;ocultar&#8221;][vc_column][stm_spacing lg_spacing=&#8221;100&#8243; md_spacing=&#8221;80&#8243; sm_spacing=&#8221;70&#8243; xs_spacing=&#8221;60&#8243;][vc_custom_heading text=&#8221;Why choose us&#8221; font_container=&#8221;tag:h2|text_align:center&#8221; use_theme_fonts=&#8221;yes&#8221;][stm_spacing lg_spacing=&#8221;17&#8243; md_spacing=&#8221;17&#8243; sm_spacing=&#8221;17&#8243; xs_spacing=&#8221;17&#8243;][vc_row_inner][vc_column_inner width=&#8221;1\/2&#8243; offset=&#8221;vc_col-lg-3 vc_col-md-3&#8243;][stm_icon_box icon=&#8221;fa fa-plane&#8221; icon_size=&#8221;26&#8243; icon_color=&#8221;base&#8221; icon_bg_color=&#8221;third_bg&#8221; icon_height=&#8221;60&#8243; title=&#8221;Travel and Aviation<br \/>\nConsultingv&#8221; title_font_size=&#8221;16&#8243; title_line_height=&#8221;22&#8243;]Consultants ranked firms on a scale of one to 10, based on prestige, firm culture, work-life balance, compensation, and other factors.[\/stm_icon_box][stm_spacing lg_spacing=&#8221;0&#8243; md_spacing=&#8221;0&#8243; sm_spacing=&#8221;30&#8243; xs_spacing=&#8221;30&#8243;][\/vc_column_inner][vc_column_inner width=&#8221;1\/2&#8243; offset=&#8221;vc_col-lg-3 vc_col-md-3&#8243;][stm_icon_box icon=&#8221;stm-suitcase-2&#8243; icon_size=&#8221;26&#8243; icon_color=&#8221;base&#8221; icon_bg_color=&#8221;third_bg&#8221; icon_height=&#8221;60&#8243; title=&#8221;Business Services<br \/>\nConsulting&#8221; title_font_size=&#8221;16&#8243; title_line_height=&#8221;22&#8243;]We have had to start competing on quality of life in a way that they never had to before \u2014 leading to higher ratings from consultants.[\/stm_icon_box][stm_spacing lg_spacing=&#8221;0&#8243; md_spacing=&#8221;0&#8243; sm_spacing=&#8221;30&#8243; xs_spacing=&#8221;30&#8243;][\/vc_column_inner][vc_column_inner width=&#8221;1\/2&#8243; offset=&#8221;vc_col-lg-3 vc_col-md-3&#8243;][stm_icon_box icon=&#8221;stm-davos_cart&#8221; icon_size=&#8221;26&#8243; icon_color=&#8221;base&#8221; icon_bg_color=&#8221;third_bg&#8221; icon_height=&#8221;60&#8243; title=&#8221;Consumer Products<br \/>\nConsulting&#8221; title_font_size=&#8221;16&#8243; title_line_height=&#8221;22&#8243;]We are a company that offers design and build services for you from initial sketches to the final construction.[\/stm_icon_box][stm_spacing lg_spacing=&#8221;0&#8243; md_spacing=&#8221;0&#8243; sm_spacing=&#8221;30&#8243; xs_spacing=&#8221;30&#8243;][\/vc_column_inner][vc_column_inner width=&#8221;1\/2&#8243; offset=&#8221;vc_col-lg-3 vc_col-md-3&#8243;][stm_icon_box icon=&#8221;stm-glob-building&#8221; icon_size=&#8221;26&#8243; icon_color=&#8221;base&#8221; icon_bg_color=&#8221;third_bg&#8221; icon_height=&#8221;60&#8243; title=&#8221;Financial Services<br \/>\nConsulting&#8221; title_font_size=&#8221;16&#8243; title_line_height=&#8221;22&#8243;]We are a dynamic niche consulting firm that has been helping visionary financial services brands convey their true essence.[\/stm_icon_box][\/vc_column_inner][\/vc_row_inner][stm_spacing lg_spacing=&#8221;100&#8243; md_spacing=&#8221;80&#8243; sm_spacing=&#8221;70&#8243; xs_spacing=&#8221;60&#8243;][\/vc_column][\/vc_row][vc_row full_width=&#8221;stretch_row&#8221; equal_height=&#8221;yes&#8221; content_placement=&#8221;middle&#8221; el_class=&#8221;overlay fixed_bg&#8221; css=&#8221;.vc_custom_1695314728575{background-image: url(https:\/\/osesa.cl\/wp-content\/uploads\/2023\/01\/background-2.png?id=7131) !important;background-position: center !important;background-repeat: no-repeat !important;background-size: cover !important;}&#8221;][vc_column][stm_spacing lg_spacing=&#8221;75&#8243; md_spacing=&#8221;65&#8243; sm_spacing=&#8221;55&#8243; xs_spacing=&#8221;50&#8243;][vc_custom_heading text=&#8221;<mark>M\u00e1s de 25 a\u00f1os de Experiencia<\/mark>&#8221; use_theme_fonts=&#8221;yes&#8221;][vc_column_text el_class=&#8221;color-b-p&#8221;]Nuestra gesti\u00f3n y operaci\u00f3n se sostiene gracias a nuestros proveedores de clase mundial, donde destacamos la marca Finlandesa Abloy, perteneciente al grupo ASSA-ABLOY, expertos en soluciones de alta seguridad meca-tr\u00f3nica, con quienes OSESA cuenta con la representaci\u00f3n exclusiva en Chile. De forma paralela, somos distribuidores de la marca norteamericana Johnson Controls International, principalmente por su l\u00ednea de Control de Acceso Kantech. Contamos con profesionales certificados con larga trayectoria en el rubro de la seguridad p\u00fablica y privada, capaces de ofrecer soluciones efectivas y creativas que se ajusten a las necesidades de las industrias.[\/vc_column_text][stm_spacing lg_spacing=&#8221;0&#8243; md_spacing=&#8221;0&#8243; sm_spacing=&#8221;0&#8243; xs_spacing=&#8221;30&#8243;][vc_row_inner equal_height=&#8221;yes&#8221; content_placement=&#8221;top&#8221; gap=&#8221;30&#8243;][vc_column_inner width=&#8221;1\/5&#8243;][stm_stats_counter counter_value=&#8221;250&#8243; alignment=&#8221;center&#8221; title=&#8221;proyectos al a\u00f1o&#8221;][\/vc_column_inner][vc_column_inner width=&#8221;1\/5&#8243;][stm_stats_counter counter_value=&#8221;50&#8243; alignment=&#8221;center&#8221; title=&#8221;expertos calificados&#8221;][\/vc_column_inner][vc_column_inner width=&#8221;1\/5&#8243;][stm_stats_counter counter_value=&#8221;400&#8243; alignment=&#8221;center&#8221; title=&#8221;Productos de alta seguridad instalados al a\u00f1o&#8221;][\/vc_column_inner][vc_column_inner width=&#8221;1\/5&#8243;][stm_stats_counter counter_value=&#8221;6000&#8243; alignment=&#8221;center&#8221; title=&#8221;Controles de Acceso instalados&#8221;][\/vc_column_inner][vc_column_inner width=&#8221;1\/5&#8243;][stm_stats_counter stat_counter_style=&#8221;style_3&#8243; counter_value=&#8221;3000&#8243; alignment=&#8221;center&#8221; title=&#8221;C\u00e1maras instaladas&#8221;][\/vc_column_inner][\/vc_row_inner][stm_spacing lg_spacing=&#8221;75&#8243; md_spacing=&#8221;65&#8243; sm_spacing=&#8221;55&#8243; xs_spacing=&#8221;50&#8243;][\/vc_column][\/vc_row][vc_row full_width=&#8221;stretch_row&#8221; css=&#8221;.vc_custom_1679516674244{background-color: #ffffff !important;}&#8221;][vc_column][stm_spacing lg_spacing=&#8221;100&#8243; md_spacing=&#8221;80&#8243; sm_spacing=&#8221;70&#8243; xs_spacing=&#8221;60&#8243;][vc_row_inner][vc_column_inner width=&#8221;1\/2&#8243;][vc_single_image image=&#8221;9607&#8243; img_size=&#8221;full&#8221; style=&#8221;vc_box_rounded&#8221;][\/vc_column_inner][vc_column_inner width=&#8221;1\/2&#8243;][vc_custom_heading text=&#8221;Nuestra Misi\u00f3n&#8221; use_theme_fonts=&#8221;yes&#8221;][vc_column_text]Proveer SEGURIDAD integral y de vanguardia a las personas y los procesos de nuestros clientes, asegurando su continuidad operacional, protegiendo sus activos y resguardando su informaci\u00f3n. Todo lo anterior para otorgar TRANQUILIDAD a sus partes interesadas y colaboradores.[\/vc_column_text][stm_spacing lg_spacing=&#8221;0&#8243; md_spacing=&#8221;0&#8243; sm_spacing=&#8221;0&#8243; xs_spacing=&#8221;30&#8243;][\/vc_column_inner][\/vc_row_inner][stm_spacing lg_spacing=&#8221;80&#8243; md_spacing=&#8221;70&#8243; sm_spacing=&#8221;60&#8243; xs_spacing=&#8221;60&#8243;][\/vc_column][\/vc_row][vc_row full_width=&#8221;stretch_row&#8221; css=&#8221;.vc_custom_1679516743887{background-color: #f2f4fa !important;}&#8221;][vc_column][stm_spacing lg_spacing=&#8221;100&#8243; md_spacing=&#8221;80&#8243; sm_spacing=&#8221;70&#8243; xs_spacing=&#8221;60&#8243;][vc_row_inner][vc_column_inner width=&#8221;1\/2&#8243;][vc_custom_heading text=&#8221;Nuestra Visi\u00f3n&#8221; use_theme_fonts=&#8221;yes&#8221;][vc_column_text]Consolidarnos como l\u00edderes y referentes en Seguridad, con una marcada propuesta de valor hacia nuestros CLIENTES, empleando INNOVACI\u00d3N, aplicaci\u00f3n de TECNOLOG\u00cdAS de vanguardia y excelente CALIDAD de servicio personalizado.[\/vc_column_text][stm_spacing lg_spacing=&#8221;0&#8243; md_spacing=&#8221;0&#8243; sm_spacing=&#8221;0&#8243; xs_spacing=&#8221;30&#8243;][\/vc_column_inner][vc_column_inner width=&#8221;1\/2&#8243;][vc_single_image image=&#8221;9608&#8243; img_size=&#8221;full&#8221; style=&#8221;vc_box_rounded&#8221;][\/vc_column_inner][\/vc_row_inner][stm_spacing lg_spacing=&#8221;80&#8243; md_spacing=&#8221;70&#8243; sm_spacing=&#8221;60&#8243; xs_spacing=&#8221;60&#8243;][\/vc_column][\/vc_row][vc_row][vc_column][stm_spacing lg_spacing=&#8221;100&#8243; md_spacing=&#8221;80&#8243; sm_spacing=&#8221;70&#8243; xs_spacing=&#8221;60&#8243;][vc_row_inner content_placement=&#8221;top&#8221;][vc_column_inner width=&#8221;1\/2&#8243;][vc_single_image image=&#8221;7813&#8243; img_size=&#8221;full&#8221; style=&#8221;vc_box_rounded&#8221;][\/vc_column_inner][vc_column_inner width=&#8221;1\/2&#8243; css=&#8221;.vc_custom_1707832897516{margin-top: 0px !important;padding-top: 0px !important;}&#8221;][vc_custom_heading text=&#8221;Pol\u00edtica Integrada&#8221; use_theme_fonts=&#8221;yes&#8221;][vc_column_text]OSESA SPA, es una empresa que provee servicios y productos de SEGURIDAD para las personas y los procesos de sus clientes, asegurando la continuidad operacional, protegiendo sus activos e informaci\u00f3n. Con experiencia cercana a los 20 a\u00f1os dentro del mercado chileno, OSESA se encuentra consolidada como l\u00edder y referente en Seguridad. Destaca su marcada propuesta de valor hacia los CLIENTES, empleando INNOVACI\u00d3N, aplicaci\u00f3n de TECNOLOG\u00cdAS de vanguardia y excelente CALIDAD de servicio personalizado, es por ello que asume los siguientes compromisos:<\/p>\n<ul>\n<li>Mejorar continuamente nuestro Sistema de Gesti\u00f3n Integrado.<\/li>\n<li>Asegurar el cumplimiento de los requisitos legales y aplicables, requerimiento de los clientes y partes interesadas.<\/li>\n<li>Perfeccionar al equipo de trabajo de acuerdo a las necesidades del mercado.<\/li>\n<li>Aumentar la satisfacci\u00f3n de nuestros clientes.<\/li>\n<li>Promover una cultura preventiva enfocada a la Seguridad, Salud Ocupacional y Cuidado al medio ambiente.<\/li>\n<li>Proteger el medio ambiente, prevenir la contaminaci\u00f3n en nuestras operaciones y gestionar nuestros residuos.<\/li>\n<\/ul>\n<p>El alcance de nuestro Sistema de Gesti\u00f3n Integrado es:<\/p>\n<p><em>\u201cComercializaci\u00f3n, dise\u00f1o, desarrollo, planificaci\u00f3n, control, instalaci\u00f3n y mantenci\u00f3n de productos y servicios de seguridad electr\u00f3nica y f\u00edsica.\u201d<\/em>[\/vc_column_text][stm_spacing lg_spacing=&#8221;0&#8243; md_spacing=&#8221;0&#8243; sm_spacing=&#8221;0&#8243; xs_spacing=&#8221;30&#8243;][\/vc_column_inner][\/vc_row_inner][stm_spacing lg_spacing=&#8221;80&#8243; md_spacing=&#8221;70&#8243; sm_spacing=&#8221;60&#8243; xs_spacing=&#8221;60&#8243;][\/vc_column][\/vc_row][vc_row full_width=&#8221;stretch_row&#8221; css=&#8221;.vc_custom_1676305015078{background-color: #f2f4fa !important;}&#8221; el_class=&#8221;ocultar&#8221;][vc_column][stm_spacing lg_spacing=&#8221;100&#8243; md_spacing=&#8221;80&#8243; sm_spacing=&#8221;70&#8243; xs_spacing=&#8221;60&#8243;][vc_custom_heading text=&#8221;Our team&#8221; font_container=&#8221;tag:h2|text_align:center&#8221; use_theme_fonts=&#8221;yes&#8221;][vc_row_inner][vc_column_inner width=&#8221;1\/6&#8243;][\/vc_column_inner][vc_column_inner width=&#8221;2\/3&#8243;][vc_column_text]<\/p>\n<p style=\"text-align: center;\">Our team of professionals includes HR consultants, executive coaches, business professionals, and more.<\/p>\n<p>[\/vc_column_text][stm_spacing lg_spacing=&#8221;60&#8243; md_spacing=&#8221;50&#8243; sm_spacing=&#8221;40&#8243; xs_spacing=&#8221;30&#8243;][\/vc_column_inner][vc_column_inner width=&#8221;1\/6&#8243;][\/vc_column_inner][\/vc_row_inner][stm_staff_list style=&#8221;grid&#8221; grid_view=&#8221;minimal&#8221; image_style=&#8221;img_rounded&#8221; per_row=&#8221;3&#8243; count=&#8221;6&#8243;][stm_spacing lg_spacing=&#8221;100&#8243; md_spacing=&#8221;80&#8243; sm_spacing=&#8221;70&#8243; xs_spacing=&#8221;60&#8243;][\/vc_column][\/vc_row][vc_row full_width=&#8221;stretch_row&#8221; css=&#8221;.vc_custom_1679516858190{padding-top: 40px !important;padding-bottom: 40px !important;background-color: #f2f4fa !important;background-position: center !important;background-repeat: no-repeat !important;background-size: cover !important;}&#8221;][vc_column][vc_custom_heading text=&#8221;Certificaciones&#8221; font_container=&#8221;tag:h2|text_align:center&#8221; use_theme_fonts=&#8221;yes&#8221;][stm_spacing lg_spacing=&#8221;75&#8243; md_spacing=&#8221;65&#8243; sm_spacing=&#8221;55&#8243; xs_spacing=&#8221;50&#8243;][stm_image_carousel grayscale=&#8221;yes&#8221; img_size=&#8221;152&#215;180&#8243; autoplay=&#8221;yes&#8221; loop=&#8221;yes&#8221; images=&#8221;9609,9610,9611,9612,9613,9614,14805,14806&#8243; el_class=&#8221;no_paddings&#8221; link=&#8221;url:%2Fcompany-overview%2Four-partners%2F||&#8221;][stm_spacing lg_spacing=&#8221;75&#8243; md_spacing=&#8221;65&#8243; sm_spacing=&#8221;55&#8243; xs_spacing=&#8221;50&#8243;][\/vc_column][\/vc_row][vc_row full_width=&#8221;stretch_row&#8221; css=&#8221;.vc_custom_1679516845779{padding-top: 40px !important;padding-bottom: 40px !important;}&#8221;][vc_column][vc_custom_heading text=&#8221;Clientes&#8221; font_container=&#8221;tag:h2|text_align:center&#8221; use_theme_fonts=&#8221;yes&#8221;][stm_spacing lg_spacing=&#8221;100&#8243; md_spacing=&#8221;80&#8243; sm_spacing=&#8221;70&#8243; xs_spacing=&#8221;60&#8243;][stm_image_carousel grayscale=&#8221;yes&#8221; img_size=&#8221;180&#215;96&#8243; autoplay=&#8221;yes&#8221; loop=&#8221;yes&#8221; images=&#8221;7763,7764,7765,7766,7767,7768,7769,7770,7771,7772,7773,7774,7775,7776,7777,7778,7779,7780,7781,7782,7784,7785,7786&#8243; el_class=&#8221;no_paddings&#8221; link=&#8221;url:%2Fcompany-overview%2Four-partners%2F||&#8221;][stm_spacing lg_spacing=&#8221;50&#8243; md_spacing=&#8221;30&#8243; sm_spacing=&#8221;20&#8243; xs_spacing=&#8221;10&#8243;][\/vc_column][\/vc_row]<\/p>\n<\/div>","protected":false},"excerpt":{"rendered":"<p>[vc_row content_placement=&#8221;middle&#8221; css=&#8221;.vc_custom_1692994550034{padding-top: 40px !important;}&#8221;][vc_column width=&#8221;1\/2&#8243;][vc_single_image image=&#8221;9635&#8243; img_size=&#8221;full&#8221; style=&#8221;vc_box_rounded&#8221;][\/vc_column][vc_column width=&#8221;1\/2&#8243;][vc_custom_heading text=&#8221;Nuestra Empresa&#8221; use_theme_fonts=&#8221;yes&#8221;][vc_column_text css=&#8221;&#8221;]Grupo GESA es un holding de empresas con amplia experiencia en el mercado nacional de la seguridad de las personas y las empresas. Con m\u00e1s de 18 a\u00f1os de trayectoria, hemos desarrollado soluciones integrales en el \u00e1mbito de la seguridad electr\u00f3nica y<\/p>\n","protected":false},"author":3,"featured_media":0,"parent":0,"menu_order":0,"comment_status":"closed","ping_status":"closed","template":"","meta":{"_joinchat":[],"footnotes":""},"class_list":["post-6238","page","type-page","status-publish","hentry"],"yoast_head":"<!-- This site is optimized with the Yoast SEO plugin v24.9 - https:\/\/yoast.com\/wordpress\/plugins\/seo\/ -->\n<title>Compa\u00f1\u00eda - Osesa<\/title>\n<meta name=\"robots\" content=\"index, follow, max-snippet:-1, max-image-preview:large, max-video-preview:-1\" \/>\n<link rel=\"canonical\" href=\"https:\/\/osesa.cl\/index.php\/compania\/\" \/>\n<meta property=\"og:locale\" content=\"es_ES\" \/>\n<meta property=\"og:type\" content=\"article\" \/>\n<meta property=\"og:title\" content=\"Compa\u00f1\u00eda - Osesa\" \/>\n<meta property=\"og:description\" content=\"[vc_row content_placement=&#8221;middle&#8221; css=&#8221;.vc_custom_1692994550034{padding-top: 40px !important;}&#8221;][vc_column width=&#8221;1\/2&#8243;][vc_single_image image=&#8221;9635&#8243; img_size=&#8221;full&#8221; style=&#8221;vc_box_rounded&#8221;][\/vc_column][vc_column width=&#8221;1\/2&#8243;][vc_custom_heading text=&#8221;Nuestra Empresa&#8221; use_theme_fonts=&#8221;yes&#8221;][vc_column_text css=&#8221;&#8221;]Grupo GESA es un holding de empresas con amplia experiencia en el mercado nacional de la seguridad de las personas y las empresas. Con m\u00e1s de 18 a\u00f1os de trayectoria, hemos desarrollado soluciones integrales en el \u00e1mbito de la seguridad electr\u00f3nica y\" \/>\n<meta property=\"og:url\" content=\"https:\/\/osesa.cl\/index.php\/compania\/\" \/>\n<meta property=\"og:site_name\" content=\"Osesa\" \/>\n<meta property=\"article:modified_time\" content=\"2025-10-22T01:48:23+00:00\" \/>\n<meta name=\"twitter:card\" content=\"summary_large_image\" \/>\n<meta name=\"twitter:label1\" content=\"Tiempo de lectura\" \/>\n\t<meta name=\"twitter:data1\" content=\"5 minutos\" \/>\n<script type=\"application\/ld+json\" class=\"yoast-schema-graph\">{\"@context\":\"https:\/\/schema.org\",\"@graph\":[{\"@type\":\"WebPage\",\"@id\":\"https:\/\/osesa.cl\/index.php\/compania\/\",\"url\":\"https:\/\/osesa.cl\/index.php\/compania\/\",\"name\":\"Compa\u00f1\u00eda - Osesa\",\"isPartOf\":{\"@id\":\"https:\/\/osesa.cl\/#website\"},\"datePublished\":\"2019-11-26T04:29:34+00:00\",\"dateModified\":\"2025-10-22T01:48:23+00:00\",\"breadcrumb\":{\"@id\":\"https:\/\/osesa.cl\/index.php\/compania\/#breadcrumb\"},\"inLanguage\":\"es\",\"potentialAction\":[{\"@type\":\"ReadAction\",\"target\":[\"https:\/\/osesa.cl\/index.php\/compania\/\"]}]},{\"@type\":\"BreadcrumbList\",\"@id\":\"https:\/\/osesa.cl\/index.php\/compania\/#breadcrumb\",\"itemListElement\":[{\"@type\":\"ListItem\",\"position\":1,\"name\":\"Portada\",\"item\":\"https:\/\/osesa.cl\/\"},{\"@type\":\"ListItem\",\"position\":2,\"name\":\"Compa\u00f1\u00eda\"}]},{\"@type\":\"WebSite\",\"@id\":\"https:\/\/osesa.cl\/#website\",\"url\":\"https:\/\/osesa.cl\/\",\"name\":\"Osesa\",\"description\":\"\",\"potentialAction\":[{\"@type\":\"SearchAction\",\"target\":{\"@type\":\"EntryPoint\",\"urlTemplate\":\"https:\/\/osesa.cl\/?s={search_term_string}\"},\"query-input\":{\"@type\":\"PropertyValueSpecification\",\"valueRequired\":true,\"valueName\":\"search_term_string\"}}],\"inLanguage\":\"es\"}]}<\/script>\n<!-- \/ Yoast SEO plugin. -->","yoast_head_json":{"title":"Compa\u00f1\u00eda - Osesa","robots":{"index":"index","follow":"follow","max-snippet":"max-snippet:-1","max-image-preview":"max-image-preview:large","max-video-preview":"max-video-preview:-1"},"canonical":"https:\/\/osesa.cl\/index.php\/compania\/","og_locale":"es_ES","og_type":"article","og_title":"Compa\u00f1\u00eda - Osesa","og_description":"[vc_row content_placement=&#8221;middle&#8221; css=&#8221;.vc_custom_1692994550034{padding-top: 40px !important;}&#8221;][vc_column width=&#8221;1\/2&#8243;][vc_single_image image=&#8221;9635&#8243; img_size=&#8221;full&#8221; style=&#8221;vc_box_rounded&#8221;][\/vc_column][vc_column width=&#8221;1\/2&#8243;][vc_custom_heading text=&#8221;Nuestra Empresa&#8221; use_theme_fonts=&#8221;yes&#8221;][vc_column_text css=&#8221;&#8221;]Grupo GESA es un holding de empresas con amplia experiencia en el mercado nacional de la seguridad de las personas y las empresas. Con m\u00e1s de 18 a\u00f1os de trayectoria, hemos desarrollado soluciones integrales en el \u00e1mbito de la seguridad electr\u00f3nica y","og_url":"https:\/\/osesa.cl\/index.php\/compania\/","og_site_name":"Osesa","article_modified_time":"2025-10-22T01:48:23+00:00","twitter_card":"summary_large_image","twitter_misc":{"Tiempo de lectura":"5 minutos"},"schema":{"@context":"https:\/\/schema.org","@graph":[{"@type":"WebPage","@id":"https:\/\/osesa.cl\/index.php\/compania\/","url":"https:\/\/osesa.cl\/index.php\/compania\/","name":"Compa\u00f1\u00eda - Osesa","isPartOf":{"@id":"https:\/\/osesa.cl\/#website"},"datePublished":"2019-11-26T04:29:34+00:00","dateModified":"2025-10-22T01:48:23+00:00","breadcrumb":{"@id":"https:\/\/osesa.cl\/index.php\/compania\/#breadcrumb"},"inLanguage":"es","potentialAction":[{"@type":"ReadAction","target":["https:\/\/osesa.cl\/index.php\/compania\/"]}]},{"@type":"BreadcrumbList","@id":"https:\/\/osesa.cl\/index.php\/compania\/#breadcrumb","itemListElement":[{"@type":"ListItem","position":1,"name":"Portada","item":"https:\/\/osesa.cl\/"},{"@type":"ListItem","position":2,"name":"Compa\u00f1\u00eda"}]},{"@type":"WebSite","@id":"https:\/\/osesa.cl\/#website","url":"https:\/\/osesa.cl\/","name":"Osesa","description":"","potentialAction":[{"@type":"SearchAction","target":{"@type":"EntryPoint","urlTemplate":"https:\/\/osesa.cl\/?s={search_term_string}"},"query-input":{"@type":"PropertyValueSpecification","valueRequired":true,"valueName":"search_term_string"}}],"inLanguage":"es"}]}},"_links":{"self":[{"href":"https:\/\/osesa.cl\/index.php\/wp-json\/wp\/v2\/pages\/6238","targetHints":{"allow":["GET"]}}],"collection":[{"href":"https:\/\/osesa.cl\/index.php\/wp-json\/wp\/v2\/pages"}],"about":[{"href":"https:\/\/osesa.cl\/index.php\/wp-json\/wp\/v2\/types\/page"}],"author":[{"embeddable":true,"href":"https:\/\/osesa.cl\/index.php\/wp-json\/wp\/v2\/users\/3"}],"replies":[{"embeddable":true,"href":"https:\/\/osesa.cl\/index.php\/wp-json\/wp\/v2\/comments?post=6238"}],"version-history":[{"count":79,"href":"https:\/\/osesa.cl\/index.php\/wp-json\/wp\/v2\/pages\/6238\/revisions"}],"predecessor-version":[{"id":15389,"href":"https:\/\/osesa.cl\/index.php\/wp-json\/wp\/v2\/pages\/6238\/revisions\/15389"}],"wp:attachment":[{"href":"https:\/\/osesa.cl\/index.php\/wp-json\/wp\/v2\/media?parent=6238"}],"curies":[{"name":"wp","href":"https:\/\/api.w.org\/{rel}","templated":true}]}}