{"id":14081,"date":"2025-06-04T00:46:27","date_gmt":"2025-06-04T00:46:27","guid":{"rendered":"https:\/\/osesa.cl\/?post_type=product&#038;p=14081"},"modified":"2025-07-17T20:53:13","modified_gmt":"2025-07-17T20:53:13","slug":"resguardo-de-osesa","status":"publish","type":"product","link":"https:\/\/osesa.cl\/index.php\/producto\/resguardo-de-osesa\/","title":{"rendered":"RESGUARDO de OSESA"},"content":{"rendered":"<p dir=\"ltr\">Nuestra soluci\u00f3n integral RESGUARDO se centra en la instalaci\u00f3n de un robusto sistema de Circuito Cerrado de Televisi\u00f3n\u00a0<span style=\"color: #000000;\">(CCTV) local en su establecimiento educacional. Implementamos c\u00e1maras IP de \u00faltima generaci\u00f3n, seleccionadas por su alta resoluci\u00f3n, calidad de imagen superior y funcionalidades avanzadas\u00a0<\/span><span style=\"color: #000000;\">con caracter\u00edsticas de IA,<\/span><span style=\"color: #000000;\">\u00a0(vi<\/span>si\u00f3n nocturna, detecci\u00f3n de movimiento inteligente, etc.), optimizando la cobertura de puntos cr\u00edticos y \u00e1reas de inter\u00e9s dentro del recinto.<\/p>\n<p dir=\"ltr\">El n\u00facleo del sistema lo constituye un equipo de grabaci\u00f3n en red NVR (Network Video Recorder) de alto rendimiento, dimensionado espec\u00edficamente para las necesidades de su escuela, garantizando un almacenamiento seguro y eficiente de las grabaciones. Este NVR cuenta con el potencial de ser conectado de forma remota a nuestra sala de monitoreo especializada de GESA, permitiendo una vigilancia activa en horarios no h\u00e1biles y una respuesta coordinada ante eventos.<\/p>\n<p dir=\"ltr\"><span style=\"color: #000000;\">Ofrecemos distintas opciones de conectividad para asegurar una alta disponibilidad del sistema, adapt\u00e1ndonos a la infraestructura existente y garantizando un flujo constante de informaci\u00f3n para la visualizaci\u00f3n local y remota. Esta conectividad robusta facilita el acceso a las grabaciones para la revisi\u00f3n de incidentes y la generaci\u00f3n de evidencia cuando sea necesario.<\/span><\/p>\n<p dir=\"ltr\"><span style=\"color: #000000;\">En RESGUARDO de OSESA, entendemos la importancia de la seguridad para toda la comunidad educativa. Nuestro sistema no solo act\u00faa como un elemento disuasorio eficaz, sino que tambi\u00e9n proporciona un valioso apoyo en la resoluci\u00f3n de incidentes, ofreciendo grabaciones detalladas para el an\u00e1lisis, toma de decisiones informadas\u00a0y como medio de prueba de ser necesario.<\/span><\/p>\n<p dir=\"ltr\"><span style=\"color: #000000;\">Adicionalmente, el equipo comercial de OSESA va m\u00e1s all\u00e1 de la instalaci\u00f3n, brindando asesoramiento\u00a0especializado\u00a0al establecimiento\u00a0para la rendici\u00f3n y articulaci\u00f3n\u00a0con distintas\u00a0 de financiamiento del proyecto a trav\u00e9s de fondos estatales como\u00a0Ley SEP, ley de Integraci\u00f3n, FNDR, (Entre otras), las que articuladas con el PME y a su vez con el PISE del establecimiento, permiten la implementaci\u00f3n de RESGUARDO. Le guiaremos\u00a0paso a paso\u00a0en la identificaci\u00f3n de oportunidades y en la preparaci\u00f3n de la documentaci\u00f3n necesaria para hacer realidad su\u00a0Soluci\u00f3n\u00a0en\u00a0 seguridad RESGUARDO.<\/span><\/p>\n","protected":false},"excerpt":{"rendered":"<p>Desarrollo OSESA<\/p>\n<p><a class=\"ficha-desc\" href=\"https:\/\/osesa.cl\/wp-content\/uploads\/2023\/03\/BROCHURE_RESGUARDO_UDUCATIVO_OSESA_2025-1.pdf\" target=\"_blank\" rel=\"noopener\">Ver ficha t\u00e9cnica<\/a><\/p>\n","protected":false},"featured_media":14135,"template":"","meta":{"_joinchat":[]},"product_brand":[],"product_cat":[130,128],"product_tag":[],"class_list":{"0":"post-14081","1":"product","2":"type-product","3":"status-publish","4":"has-post-thumbnail","6":"product_cat-desarrollo-osesa","7":"product_cat-osesa","9":"first","10":"instock","11":"shipping-taxable","12":"product-type-simple"},"yoast_head":"<!-- This site is optimized with the Yoast SEO plugin v24.9 - https:\/\/yoast.com\/wordpress\/plugins\/seo\/ -->\n<title>RESGUARDO de OSESA - Osesa<\/title>\n<meta name=\"robots\" content=\"index, follow, max-snippet:-1, max-image-preview:large, max-video-preview:-1\" \/>\n<link rel=\"canonical\" href=\"https:\/\/osesa.cl\/index.php\/producto\/resguardo-de-osesa\/\" \/>\n<meta property=\"og:locale\" content=\"es_ES\" \/>\n<meta property=\"og:type\" content=\"article\" \/>\n<meta property=\"og:title\" content=\"RESGUARDO de OSESA - Osesa\" \/>\n<meta property=\"og:description\" content=\"Desarrollo OSESA  Ver ficha t\u00e9cnica\" \/>\n<meta property=\"og:url\" content=\"https:\/\/osesa.cl\/index.php\/producto\/resguardo-de-osesa\/\" \/>\n<meta property=\"og:site_name\" content=\"Osesa\" \/>\n<meta property=\"article:modified_time\" content=\"2025-07-17T20:53:13+00:00\" \/>\n<meta property=\"og:image\" content=\"https:\/\/osesa.cl\/wp-content\/uploads\/2025\/06\/Imapeq_ProdResgu_B__Mesa-de-trabajo-1-copia-3.jpg\" \/>\n\t<meta property=\"og:image:width\" content=\"600\" \/>\n\t<meta property=\"og:image:height\" content=\"600\" \/>\n\t<meta property=\"og:image:type\" content=\"image\/jpeg\" \/>\n<meta name=\"twitter:card\" content=\"summary_large_image\" \/>\n<meta name=\"twitter:label1\" content=\"Tiempo de lectura\" \/>\n\t<meta name=\"twitter:data1\" content=\"2 minutos\" \/>\n<script type=\"application\/ld+json\" class=\"yoast-schema-graph\">{\"@context\":\"https:\/\/schema.org\",\"@graph\":[{\"@type\":\"WebPage\",\"@id\":\"https:\/\/osesa.cl\/index.php\/producto\/resguardo-de-osesa\/\",\"url\":\"https:\/\/osesa.cl\/index.php\/producto\/resguardo-de-osesa\/\",\"name\":\"RESGUARDO de OSESA - Osesa\",\"isPartOf\":{\"@id\":\"https:\/\/osesa.cl\/#website\"},\"primaryImageOfPage\":{\"@id\":\"https:\/\/osesa.cl\/index.php\/producto\/resguardo-de-osesa\/#primaryimage\"},\"image\":{\"@id\":\"https:\/\/osesa.cl\/index.php\/producto\/resguardo-de-osesa\/#primaryimage\"},\"thumbnailUrl\":\"https:\/\/osesa.cl\/wp-content\/uploads\/2025\/06\/Imapeq_ProdResgu_B__Mesa-de-trabajo-1-copia-3.jpg\",\"datePublished\":\"2025-06-04T00:46:27+00:00\",\"dateModified\":\"2025-07-17T20:53:13+00:00\",\"breadcrumb\":{\"@id\":\"https:\/\/osesa.cl\/index.php\/producto\/resguardo-de-osesa\/#breadcrumb\"},\"inLanguage\":\"es\",\"potentialAction\":[{\"@type\":\"ReadAction\",\"target\":[\"https:\/\/osesa.cl\/index.php\/producto\/resguardo-de-osesa\/\"]}]},{\"@type\":\"ImageObject\",\"inLanguage\":\"es\",\"@id\":\"https:\/\/osesa.cl\/index.php\/producto\/resguardo-de-osesa\/#primaryimage\",\"url\":\"https:\/\/osesa.cl\/wp-content\/uploads\/2025\/06\/Imapeq_ProdResgu_B__Mesa-de-trabajo-1-copia-3.jpg\",\"contentUrl\":\"https:\/\/osesa.cl\/wp-content\/uploads\/2025\/06\/Imapeq_ProdResgu_B__Mesa-de-trabajo-1-copia-3.jpg\",\"width\":600,\"height\":600},{\"@type\":\"BreadcrumbList\",\"@id\":\"https:\/\/osesa.cl\/index.php\/producto\/resguardo-de-osesa\/#breadcrumb\",\"itemListElement\":[{\"@type\":\"ListItem\",\"position\":1,\"name\":\"Portada\",\"item\":\"https:\/\/osesa.cl\/\"},{\"@type\":\"ListItem\",\"position\":2,\"name\":\"Tienda\",\"item\":\"https:\/\/osesa.cl\/index.php\/tienda-2\/\"},{\"@type\":\"ListItem\",\"position\":3,\"name\":\"RESGUARDO de OSESA\"}]},{\"@type\":\"WebSite\",\"@id\":\"https:\/\/osesa.cl\/#website\",\"url\":\"https:\/\/osesa.cl\/\",\"name\":\"Osesa\",\"description\":\"\",\"potentialAction\":[{\"@type\":\"SearchAction\",\"target\":{\"@type\":\"EntryPoint\",\"urlTemplate\":\"https:\/\/osesa.cl\/?s={search_term_string}\"},\"query-input\":{\"@type\":\"PropertyValueSpecification\",\"valueRequired\":true,\"valueName\":\"search_term_string\"}}],\"inLanguage\":\"es\"}]}<\/script>\n<!-- \/ Yoast SEO plugin. -->","yoast_head_json":{"title":"RESGUARDO de OSESA - Osesa","robots":{"index":"index","follow":"follow","max-snippet":"max-snippet:-1","max-image-preview":"max-image-preview:large","max-video-preview":"max-video-preview:-1"},"canonical":"https:\/\/osesa.cl\/index.php\/producto\/resguardo-de-osesa\/","og_locale":"es_ES","og_type":"article","og_title":"RESGUARDO de OSESA - Osesa","og_description":"Desarrollo OSESA  Ver ficha t\u00e9cnica","og_url":"https:\/\/osesa.cl\/index.php\/producto\/resguardo-de-osesa\/","og_site_name":"Osesa","article_modified_time":"2025-07-17T20:53:13+00:00","og_image":[{"width":600,"height":600,"url":"https:\/\/osesa.cl\/wp-content\/uploads\/2025\/06\/Imapeq_ProdResgu_B__Mesa-de-trabajo-1-copia-3.jpg","type":"image\/jpeg"}],"twitter_card":"summary_large_image","twitter_misc":{"Tiempo de lectura":"2 minutos"},"schema":{"@context":"https:\/\/schema.org","@graph":[{"@type":"WebPage","@id":"https:\/\/osesa.cl\/index.php\/producto\/resguardo-de-osesa\/","url":"https:\/\/osesa.cl\/index.php\/producto\/resguardo-de-osesa\/","name":"RESGUARDO de OSESA - Osesa","isPartOf":{"@id":"https:\/\/osesa.cl\/#website"},"primaryImageOfPage":{"@id":"https:\/\/osesa.cl\/index.php\/producto\/resguardo-de-osesa\/#primaryimage"},"image":{"@id":"https:\/\/osesa.cl\/index.php\/producto\/resguardo-de-osesa\/#primaryimage"},"thumbnailUrl":"https:\/\/osesa.cl\/wp-content\/uploads\/2025\/06\/Imapeq_ProdResgu_B__Mesa-de-trabajo-1-copia-3.jpg","datePublished":"2025-06-04T00:46:27+00:00","dateModified":"2025-07-17T20:53:13+00:00","breadcrumb":{"@id":"https:\/\/osesa.cl\/index.php\/producto\/resguardo-de-osesa\/#breadcrumb"},"inLanguage":"es","potentialAction":[{"@type":"ReadAction","target":["https:\/\/osesa.cl\/index.php\/producto\/resguardo-de-osesa\/"]}]},{"@type":"ImageObject","inLanguage":"es","@id":"https:\/\/osesa.cl\/index.php\/producto\/resguardo-de-osesa\/#primaryimage","url":"https:\/\/osesa.cl\/wp-content\/uploads\/2025\/06\/Imapeq_ProdResgu_B__Mesa-de-trabajo-1-copia-3.jpg","contentUrl":"https:\/\/osesa.cl\/wp-content\/uploads\/2025\/06\/Imapeq_ProdResgu_B__Mesa-de-trabajo-1-copia-3.jpg","width":600,"height":600},{"@type":"BreadcrumbList","@id":"https:\/\/osesa.cl\/index.php\/producto\/resguardo-de-osesa\/#breadcrumb","itemListElement":[{"@type":"ListItem","position":1,"name":"Portada","item":"https:\/\/osesa.cl\/"},{"@type":"ListItem","position":2,"name":"Tienda","item":"https:\/\/osesa.cl\/index.php\/tienda-2\/"},{"@type":"ListItem","position":3,"name":"RESGUARDO de OSESA"}]},{"@type":"WebSite","@id":"https:\/\/osesa.cl\/#website","url":"https:\/\/osesa.cl\/","name":"Osesa","description":"","potentialAction":[{"@type":"SearchAction","target":{"@type":"EntryPoint","urlTemplate":"https:\/\/osesa.cl\/?s={search_term_string}"},"query-input":{"@type":"PropertyValueSpecification","valueRequired":true,"valueName":"search_term_string"}}],"inLanguage":"es"}]}},"_links":{"self":[{"href":"https:\/\/osesa.cl\/index.php\/wp-json\/wp\/v2\/product\/14081","targetHints":{"allow":["GET"]}}],"collection":[{"href":"https:\/\/osesa.cl\/index.php\/wp-json\/wp\/v2\/product"}],"about":[{"href":"https:\/\/osesa.cl\/index.php\/wp-json\/wp\/v2\/types\/product"}],"wp:featuredmedia":[{"embeddable":true,"href":"https:\/\/osesa.cl\/index.php\/wp-json\/wp\/v2\/media\/14135"}],"wp:attachment":[{"href":"https:\/\/osesa.cl\/index.php\/wp-json\/wp\/v2\/media?parent=14081"}],"wp:term":[{"taxonomy":"product_brand","embeddable":true,"href":"https:\/\/osesa.cl\/index.php\/wp-json\/wp\/v2\/product_brand?post=14081"},{"taxonomy":"product_cat","embeddable":true,"href":"https:\/\/osesa.cl\/index.php\/wp-json\/wp\/v2\/product_cat?post=14081"},{"taxonomy":"product_tag","embeddable":true,"href":"https:\/\/osesa.cl\/index.php\/wp-json\/wp\/v2\/product_tag?post=14081"}],"curies":[{"name":"wp","href":"https:\/\/api.w.org\/{rel}","templated":true}]}}