{"id":14735,"date":"2025-08-19T15:17:13","date_gmt":"2025-08-19T15:17:13","guid":{"rendered":"https:\/\/osesa.cl\/?post_type=product&#038;p=14735"},"modified":"2025-10-07T19:54:51","modified_gmt":"2025-10-07T19:54:51","slug":"lector-ioprox-p225e26","status":"publish","type":"product","link":"https:\/\/osesa.cl\/index.php\/producto\/lector-ioprox-p225e26\/","title":{"rendered":"Lector ioProx P225E26"},"content":{"rendered":"<p>&nbsp;<\/p>\n<p><iframe title=\"YouTube video player\" src=\"https:\/\/www.youtube.com\/embed\/_vYnbTZwK3o?si=rlIDHqbzpYH3IwFb\" width=\"100%\" height=\"400\" frameborder=\"0\" allowfullscreen=\"allowfullscreen\"><\/iframe><\/p>\n","protected":false},"excerpt":{"rendered":"<p>Los lectores ioProx satisfacen f\u00e1cilmente las demandas de cualquier aplicaci\u00f3n. Son una soluci\u00f3n segura y f\u00e1cil de instalar para gestionar y controlar el acceso, garantizando al mismo tiempo la seguridad de las personas y la propiedad.<\/p>\n<p><a class=\"ficha-desc\" href=\"https:\/\/osesa.cl\/wp-content\/uploads\/2023\/03\/ioprox-readers-cards_ds_r03_lt_lat_es.pdf\" rel=\"noopener\" target=\"_blank\">Ver ficha t\u00e9cnica<\/a><\/p>\n","protected":false},"featured_media":14475,"template":"","meta":{"_joinchat":[]},"product_brand":[],"product_cat":[15,76,206],"product_tag":[207],"class_list":{"0":"post-14735","1":"product","2":"type-product","3":"status-publish","4":"has-post-thumbnail","6":"product_cat-kantech","7":"product_cat-johnson-controls","8":"product_cat-lectora","9":"product_tag-ioprox","11":"first","12":"instock","13":"shipping-taxable","14":"product-type-simple"},"yoast_head":"<!-- This site is optimized with the Yoast SEO plugin v24.9 - https:\/\/yoast.com\/wordpress\/plugins\/seo\/ -->\n<title>Lector ioProx P225E26 - Osesa<\/title>\n<meta name=\"robots\" content=\"index, follow, max-snippet:-1, max-image-preview:large, max-video-preview:-1\" \/>\n<link rel=\"canonical\" href=\"https:\/\/osesa.cl\/index.php\/producto\/lector-ioprox-p225e26\/\" \/>\n<meta property=\"og:locale\" content=\"es_ES\" \/>\n<meta property=\"og:type\" content=\"article\" \/>\n<meta property=\"og:title\" content=\"Lector ioProx P225E26 - Osesa\" \/>\n<meta property=\"og:description\" content=\"Los lectores ioProx satisfacen f\u00e1cilmente las demandas de cualquier aplicaci\u00f3n. Son una soluci\u00f3n segura y f\u00e1cil de instalar para gestionar y controlar el acceso, garantizando al mismo tiempo la seguridad de las personas y la propiedad.  Ver ficha t\u00e9cnica\" \/>\n<meta property=\"og:url\" content=\"https:\/\/osesa.cl\/index.php\/producto\/lector-ioprox-p225e26\/\" \/>\n<meta property=\"og:site_name\" content=\"Osesa\" \/>\n<meta property=\"article:modified_time\" content=\"2025-10-07T19:54:51+00:00\" \/>\n<meta property=\"og:image\" content=\"https:\/\/osesa.cl\/wp-content\/uploads\/2025\/07\/ima_jc_20.png\" \/>\n\t<meta property=\"og:image:width\" content=\"820\" \/>\n\t<meta property=\"og:image:height\" content=\"598\" \/>\n\t<meta property=\"og:image:type\" content=\"image\/png\" \/>\n<meta name=\"twitter:card\" content=\"summary_large_image\" \/>\n<meta name=\"twitter:label1\" content=\"Tiempo de lectura\" \/>\n\t<meta name=\"twitter:data1\" content=\"1 minuto\" \/>\n<script type=\"application\/ld+json\" class=\"yoast-schema-graph\">{\"@context\":\"https:\/\/schema.org\",\"@graph\":[{\"@type\":\"WebPage\",\"@id\":\"https:\/\/osesa.cl\/index.php\/producto\/lector-ioprox-p225e26\/\",\"url\":\"https:\/\/osesa.cl\/index.php\/producto\/lector-ioprox-p225e26\/\",\"name\":\"Lector ioProx P225E26 - Osesa\",\"isPartOf\":{\"@id\":\"https:\/\/osesa.cl\/#website\"},\"primaryImageOfPage\":{\"@id\":\"https:\/\/osesa.cl\/index.php\/producto\/lector-ioprox-p225e26\/#primaryimage\"},\"image\":{\"@id\":\"https:\/\/osesa.cl\/index.php\/producto\/lector-ioprox-p225e26\/#primaryimage\"},\"thumbnailUrl\":\"https:\/\/osesa.cl\/wp-content\/uploads\/2025\/07\/ima_jc_20.png\",\"datePublished\":\"2025-08-19T15:17:13+00:00\",\"dateModified\":\"2025-10-07T19:54:51+00:00\",\"breadcrumb\":{\"@id\":\"https:\/\/osesa.cl\/index.php\/producto\/lector-ioprox-p225e26\/#breadcrumb\"},\"inLanguage\":\"es\",\"potentialAction\":[{\"@type\":\"ReadAction\",\"target\":[\"https:\/\/osesa.cl\/index.php\/producto\/lector-ioprox-p225e26\/\"]}]},{\"@type\":\"ImageObject\",\"inLanguage\":\"es\",\"@id\":\"https:\/\/osesa.cl\/index.php\/producto\/lector-ioprox-p225e26\/#primaryimage\",\"url\":\"https:\/\/osesa.cl\/wp-content\/uploads\/2025\/07\/ima_jc_20.png\",\"contentUrl\":\"https:\/\/osesa.cl\/wp-content\/uploads\/2025\/07\/ima_jc_20.png\",\"width\":820,\"height\":598},{\"@type\":\"BreadcrumbList\",\"@id\":\"https:\/\/osesa.cl\/index.php\/producto\/lector-ioprox-p225e26\/#breadcrumb\",\"itemListElement\":[{\"@type\":\"ListItem\",\"position\":1,\"name\":\"Portada\",\"item\":\"https:\/\/osesa.cl\/\"},{\"@type\":\"ListItem\",\"position\":2,\"name\":\"Tienda\",\"item\":\"https:\/\/osesa.cl\/index.php\/tienda-2\/\"},{\"@type\":\"ListItem\",\"position\":3,\"name\":\"Lector ioProx P225E26\"}]},{\"@type\":\"WebSite\",\"@id\":\"https:\/\/osesa.cl\/#website\",\"url\":\"https:\/\/osesa.cl\/\",\"name\":\"Osesa\",\"description\":\"\",\"potentialAction\":[{\"@type\":\"SearchAction\",\"target\":{\"@type\":\"EntryPoint\",\"urlTemplate\":\"https:\/\/osesa.cl\/?s={search_term_string}\"},\"query-input\":{\"@type\":\"PropertyValueSpecification\",\"valueRequired\":true,\"valueName\":\"search_term_string\"}}],\"inLanguage\":\"es\"}]}<\/script>\n<!-- \/ Yoast SEO plugin. -->","yoast_head_json":{"title":"Lector ioProx P225E26 - Osesa","robots":{"index":"index","follow":"follow","max-snippet":"max-snippet:-1","max-image-preview":"max-image-preview:large","max-video-preview":"max-video-preview:-1"},"canonical":"https:\/\/osesa.cl\/index.php\/producto\/lector-ioprox-p225e26\/","og_locale":"es_ES","og_type":"article","og_title":"Lector ioProx P225E26 - Osesa","og_description":"Los lectores ioProx satisfacen f\u00e1cilmente las demandas de cualquier aplicaci\u00f3n. Son una soluci\u00f3n segura y f\u00e1cil de instalar para gestionar y controlar el acceso, garantizando al mismo tiempo la seguridad de las personas y la propiedad.  Ver ficha t\u00e9cnica","og_url":"https:\/\/osesa.cl\/index.php\/producto\/lector-ioprox-p225e26\/","og_site_name":"Osesa","article_modified_time":"2025-10-07T19:54:51+00:00","og_image":[{"width":820,"height":598,"url":"https:\/\/osesa.cl\/wp-content\/uploads\/2025\/07\/ima_jc_20.png","type":"image\/png"}],"twitter_card":"summary_large_image","twitter_misc":{"Tiempo de lectura":"1 minuto"},"schema":{"@context":"https:\/\/schema.org","@graph":[{"@type":"WebPage","@id":"https:\/\/osesa.cl\/index.php\/producto\/lector-ioprox-p225e26\/","url":"https:\/\/osesa.cl\/index.php\/producto\/lector-ioprox-p225e26\/","name":"Lector ioProx P225E26 - Osesa","isPartOf":{"@id":"https:\/\/osesa.cl\/#website"},"primaryImageOfPage":{"@id":"https:\/\/osesa.cl\/index.php\/producto\/lector-ioprox-p225e26\/#primaryimage"},"image":{"@id":"https:\/\/osesa.cl\/index.php\/producto\/lector-ioprox-p225e26\/#primaryimage"},"thumbnailUrl":"https:\/\/osesa.cl\/wp-content\/uploads\/2025\/07\/ima_jc_20.png","datePublished":"2025-08-19T15:17:13+00:00","dateModified":"2025-10-07T19:54:51+00:00","breadcrumb":{"@id":"https:\/\/osesa.cl\/index.php\/producto\/lector-ioprox-p225e26\/#breadcrumb"},"inLanguage":"es","potentialAction":[{"@type":"ReadAction","target":["https:\/\/osesa.cl\/index.php\/producto\/lector-ioprox-p225e26\/"]}]},{"@type":"ImageObject","inLanguage":"es","@id":"https:\/\/osesa.cl\/index.php\/producto\/lector-ioprox-p225e26\/#primaryimage","url":"https:\/\/osesa.cl\/wp-content\/uploads\/2025\/07\/ima_jc_20.png","contentUrl":"https:\/\/osesa.cl\/wp-content\/uploads\/2025\/07\/ima_jc_20.png","width":820,"height":598},{"@type":"BreadcrumbList","@id":"https:\/\/osesa.cl\/index.php\/producto\/lector-ioprox-p225e26\/#breadcrumb","itemListElement":[{"@type":"ListItem","position":1,"name":"Portada","item":"https:\/\/osesa.cl\/"},{"@type":"ListItem","position":2,"name":"Tienda","item":"https:\/\/osesa.cl\/index.php\/tienda-2\/"},{"@type":"ListItem","position":3,"name":"Lector ioProx P225E26"}]},{"@type":"WebSite","@id":"https:\/\/osesa.cl\/#website","url":"https:\/\/osesa.cl\/","name":"Osesa","description":"","potentialAction":[{"@type":"SearchAction","target":{"@type":"EntryPoint","urlTemplate":"https:\/\/osesa.cl\/?s={search_term_string}"},"query-input":{"@type":"PropertyValueSpecification","valueRequired":true,"valueName":"search_term_string"}}],"inLanguage":"es"}]}},"_links":{"self":[{"href":"https:\/\/osesa.cl\/index.php\/wp-json\/wp\/v2\/product\/14735","targetHints":{"allow":["GET"]}}],"collection":[{"href":"https:\/\/osesa.cl\/index.php\/wp-json\/wp\/v2\/product"}],"about":[{"href":"https:\/\/osesa.cl\/index.php\/wp-json\/wp\/v2\/types\/product"}],"wp:featuredmedia":[{"embeddable":true,"href":"https:\/\/osesa.cl\/index.php\/wp-json\/wp\/v2\/media\/14475"}],"wp:attachment":[{"href":"https:\/\/osesa.cl\/index.php\/wp-json\/wp\/v2\/media?parent=14735"}],"wp:term":[{"taxonomy":"product_brand","embeddable":true,"href":"https:\/\/osesa.cl\/index.php\/wp-json\/wp\/v2\/product_brand?post=14735"},{"taxonomy":"product_cat","embeddable":true,"href":"https:\/\/osesa.cl\/index.php\/wp-json\/wp\/v2\/product_cat?post=14735"},{"taxonomy":"product_tag","embeddable":true,"href":"https:\/\/osesa.cl\/index.php\/wp-json\/wp\/v2\/product_tag?post=14735"}],"curies":[{"name":"wp","href":"https:\/\/api.w.org\/{rel}","templated":true}]}}