{"id":14744,"date":"2025-08-19T15:23:11","date_gmt":"2025-08-19T15:23:11","guid":{"rendered":"https:\/\/osesa.cl\/?post_type=product&#038;p=14744"},"modified":"2025-08-28T00:10:08","modified_gmt":"2025-08-28T00:10:08","slug":"licencia-c-cure-9000-software-house","status":"publish","type":"product","link":"https:\/\/osesa.cl\/index.php\/producto\/licencia-c-cure-9000-software-house\/","title":{"rendered":"Licencia C-CURE 9000 Software House"},"content":{"rendered":"","protected":false},"excerpt":{"rendered":"<p>C-CURE 9000 Enterprise ofrece una arquitectura distribuida avanzada para la escalabilidad empresarial. Ya sea que tu organizaci\u00f3n conste de unas pocas instalaciones dispersas localmente o de muchas que abarcan todo el mundo, esta soluci\u00f3n crece a medida que tu empresa crece.<\/p>\n<p><a class=\"ficha-desc\" href=\"https:\/\/osesa.cl\/wp-content\/uploads\/2023\/03\/CCURE-9000-v3-0_ds_r01_hs_lat-es.pdf\" rel=\"noopener\" target=\"_blank\">Ver ficha t\u00e9cnica<\/a><\/p>\n","protected":false},"featured_media":14510,"template":"","meta":{"_joinchat":[]},"product_brand":[],"product_cat":[76,202,209],"product_tag":[210],"class_list":{"0":"post-14744","1":"product","2":"type-product","3":"status-publish","4":"has-post-thumbnail","6":"product_cat-johnson-controls","7":"product_cat-lincencias","8":"product_cat-software-house","9":"product_tag-software-house","11":"first","12":"instock","13":"shipping-taxable","14":"product-type-simple"},"yoast_head":"<!-- This site is optimized with the Yoast SEO plugin v24.9 - https:\/\/yoast.com\/wordpress\/plugins\/seo\/ -->\n<title>Licencia C-CURE 9000 Software House - Osesa<\/title>\n<meta name=\"robots\" content=\"index, follow, max-snippet:-1, max-image-preview:large, max-video-preview:-1\" \/>\n<link rel=\"canonical\" href=\"https:\/\/osesa.cl\/index.php\/producto\/licencia-c-cure-9000-software-house\/\" \/>\n<meta property=\"og:locale\" content=\"es_ES\" \/>\n<meta property=\"og:type\" content=\"article\" \/>\n<meta property=\"og:title\" content=\"Licencia C-CURE 9000 Software House - Osesa\" \/>\n<meta property=\"og:description\" content=\"C-CURE 9000 Enterprise ofrece una arquitectura distribuida avanzada para la escalabilidad empresarial. Ya sea que tu organizaci\u00f3n conste de unas pocas instalaciones dispersas localmente o de muchas que abarcan todo el mundo, esta soluci\u00f3n crece a medida que tu empresa crece.  Ver ficha t\u00e9cnica\" \/>\n<meta property=\"og:url\" content=\"https:\/\/osesa.cl\/index.php\/producto\/licencia-c-cure-9000-software-house\/\" \/>\n<meta property=\"og:site_name\" content=\"Osesa\" \/>\n<meta property=\"article:modified_time\" content=\"2025-08-28T00:10:08+00:00\" \/>\n<meta property=\"og:image\" content=\"https:\/\/osesa.cl\/wp-content\/uploads\/2023\/03\/ima_jc_49.png\" \/>\n\t<meta property=\"og:image:width\" content=\"1010\" \/>\n\t<meta property=\"og:image:height\" content=\"736\" \/>\n\t<meta property=\"og:image:type\" content=\"image\/png\" \/>\n<meta name=\"twitter:card\" content=\"summary_large_image\" \/>\n<meta name=\"twitter:label1\" content=\"Tiempo de lectura\" \/>\n\t<meta name=\"twitter:data1\" content=\"1 minuto\" \/>\n<script type=\"application\/ld+json\" class=\"yoast-schema-graph\">{\"@context\":\"https:\/\/schema.org\",\"@graph\":[{\"@type\":\"WebPage\",\"@id\":\"https:\/\/osesa.cl\/index.php\/producto\/licencia-c-cure-9000-software-house\/\",\"url\":\"https:\/\/osesa.cl\/index.php\/producto\/licencia-c-cure-9000-software-house\/\",\"name\":\"Licencia C-CURE 9000 Software House - Osesa\",\"isPartOf\":{\"@id\":\"https:\/\/osesa.cl\/#website\"},\"primaryImageOfPage\":{\"@id\":\"https:\/\/osesa.cl\/index.php\/producto\/licencia-c-cure-9000-software-house\/#primaryimage\"},\"image\":{\"@id\":\"https:\/\/osesa.cl\/index.php\/producto\/licencia-c-cure-9000-software-house\/#primaryimage\"},\"thumbnailUrl\":\"https:\/\/osesa.cl\/wp-content\/uploads\/2023\/03\/ima_jc_49.png\",\"datePublished\":\"2025-08-19T15:23:11+00:00\",\"dateModified\":\"2025-08-28T00:10:08+00:00\",\"breadcrumb\":{\"@id\":\"https:\/\/osesa.cl\/index.php\/producto\/licencia-c-cure-9000-software-house\/#breadcrumb\"},\"inLanguage\":\"es\",\"potentialAction\":[{\"@type\":\"ReadAction\",\"target\":[\"https:\/\/osesa.cl\/index.php\/producto\/licencia-c-cure-9000-software-house\/\"]}]},{\"@type\":\"ImageObject\",\"inLanguage\":\"es\",\"@id\":\"https:\/\/osesa.cl\/index.php\/producto\/licencia-c-cure-9000-software-house\/#primaryimage\",\"url\":\"https:\/\/osesa.cl\/wp-content\/uploads\/2023\/03\/ima_jc_49.png\",\"contentUrl\":\"https:\/\/osesa.cl\/wp-content\/uploads\/2023\/03\/ima_jc_49.png\",\"width\":1010,\"height\":736},{\"@type\":\"BreadcrumbList\",\"@id\":\"https:\/\/osesa.cl\/index.php\/producto\/licencia-c-cure-9000-software-house\/#breadcrumb\",\"itemListElement\":[{\"@type\":\"ListItem\",\"position\":1,\"name\":\"Portada\",\"item\":\"https:\/\/osesa.cl\/\"},{\"@type\":\"ListItem\",\"position\":2,\"name\":\"Tienda\",\"item\":\"https:\/\/osesa.cl\/index.php\/tienda-2\/\"},{\"@type\":\"ListItem\",\"position\":3,\"name\":\"Licencia C-CURE 9000 Software House\"}]},{\"@type\":\"WebSite\",\"@id\":\"https:\/\/osesa.cl\/#website\",\"url\":\"https:\/\/osesa.cl\/\",\"name\":\"Osesa\",\"description\":\"\",\"potentialAction\":[{\"@type\":\"SearchAction\",\"target\":{\"@type\":\"EntryPoint\",\"urlTemplate\":\"https:\/\/osesa.cl\/?s={search_term_string}\"},\"query-input\":{\"@type\":\"PropertyValueSpecification\",\"valueRequired\":true,\"valueName\":\"search_term_string\"}}],\"inLanguage\":\"es\"}]}<\/script>\n<!-- \/ Yoast SEO plugin. -->","yoast_head_json":{"title":"Licencia C-CURE 9000 Software House - Osesa","robots":{"index":"index","follow":"follow","max-snippet":"max-snippet:-1","max-image-preview":"max-image-preview:large","max-video-preview":"max-video-preview:-1"},"canonical":"https:\/\/osesa.cl\/index.php\/producto\/licencia-c-cure-9000-software-house\/","og_locale":"es_ES","og_type":"article","og_title":"Licencia C-CURE 9000 Software House - Osesa","og_description":"C-CURE 9000 Enterprise ofrece una arquitectura distribuida avanzada para la escalabilidad empresarial. Ya sea que tu organizaci\u00f3n conste de unas pocas instalaciones dispersas localmente o de muchas que abarcan todo el mundo, esta soluci\u00f3n crece a medida que tu empresa crece.  Ver ficha t\u00e9cnica","og_url":"https:\/\/osesa.cl\/index.php\/producto\/licencia-c-cure-9000-software-house\/","og_site_name":"Osesa","article_modified_time":"2025-08-28T00:10:08+00:00","og_image":[{"width":1010,"height":736,"url":"https:\/\/osesa.cl\/wp-content\/uploads\/2023\/03\/ima_jc_49.png","type":"image\/png"}],"twitter_card":"summary_large_image","twitter_misc":{"Tiempo de lectura":"1 minuto"},"schema":{"@context":"https:\/\/schema.org","@graph":[{"@type":"WebPage","@id":"https:\/\/osesa.cl\/index.php\/producto\/licencia-c-cure-9000-software-house\/","url":"https:\/\/osesa.cl\/index.php\/producto\/licencia-c-cure-9000-software-house\/","name":"Licencia C-CURE 9000 Software House - Osesa","isPartOf":{"@id":"https:\/\/osesa.cl\/#website"},"primaryImageOfPage":{"@id":"https:\/\/osesa.cl\/index.php\/producto\/licencia-c-cure-9000-software-house\/#primaryimage"},"image":{"@id":"https:\/\/osesa.cl\/index.php\/producto\/licencia-c-cure-9000-software-house\/#primaryimage"},"thumbnailUrl":"https:\/\/osesa.cl\/wp-content\/uploads\/2023\/03\/ima_jc_49.png","datePublished":"2025-08-19T15:23:11+00:00","dateModified":"2025-08-28T00:10:08+00:00","breadcrumb":{"@id":"https:\/\/osesa.cl\/index.php\/producto\/licencia-c-cure-9000-software-house\/#breadcrumb"},"inLanguage":"es","potentialAction":[{"@type":"ReadAction","target":["https:\/\/osesa.cl\/index.php\/producto\/licencia-c-cure-9000-software-house\/"]}]},{"@type":"ImageObject","inLanguage":"es","@id":"https:\/\/osesa.cl\/index.php\/producto\/licencia-c-cure-9000-software-house\/#primaryimage","url":"https:\/\/osesa.cl\/wp-content\/uploads\/2023\/03\/ima_jc_49.png","contentUrl":"https:\/\/osesa.cl\/wp-content\/uploads\/2023\/03\/ima_jc_49.png","width":1010,"height":736},{"@type":"BreadcrumbList","@id":"https:\/\/osesa.cl\/index.php\/producto\/licencia-c-cure-9000-software-house\/#breadcrumb","itemListElement":[{"@type":"ListItem","position":1,"name":"Portada","item":"https:\/\/osesa.cl\/"},{"@type":"ListItem","position":2,"name":"Tienda","item":"https:\/\/osesa.cl\/index.php\/tienda-2\/"},{"@type":"ListItem","position":3,"name":"Licencia C-CURE 9000 Software House"}]},{"@type":"WebSite","@id":"https:\/\/osesa.cl\/#website","url":"https:\/\/osesa.cl\/","name":"Osesa","description":"","potentialAction":[{"@type":"SearchAction","target":{"@type":"EntryPoint","urlTemplate":"https:\/\/osesa.cl\/?s={search_term_string}"},"query-input":{"@type":"PropertyValueSpecification","valueRequired":true,"valueName":"search_term_string"}}],"inLanguage":"es"}]}},"_links":{"self":[{"href":"https:\/\/osesa.cl\/index.php\/wp-json\/wp\/v2\/product\/14744","targetHints":{"allow":["GET"]}}],"collection":[{"href":"https:\/\/osesa.cl\/index.php\/wp-json\/wp\/v2\/product"}],"about":[{"href":"https:\/\/osesa.cl\/index.php\/wp-json\/wp\/v2\/types\/product"}],"wp:featuredmedia":[{"embeddable":true,"href":"https:\/\/osesa.cl\/index.php\/wp-json\/wp\/v2\/media\/14510"}],"wp:attachment":[{"href":"https:\/\/osesa.cl\/index.php\/wp-json\/wp\/v2\/media?parent=14744"}],"wp:term":[{"taxonomy":"product_brand","embeddable":true,"href":"https:\/\/osesa.cl\/index.php\/wp-json\/wp\/v2\/product_brand?post=14744"},{"taxonomy":"product_cat","embeddable":true,"href":"https:\/\/osesa.cl\/index.php\/wp-json\/wp\/v2\/product_cat?post=14744"},{"taxonomy":"product_tag","embeddable":true,"href":"https:\/\/osesa.cl\/index.php\/wp-json\/wp\/v2\/product_tag?post=14744"}],"curies":[{"name":"wp","href":"https:\/\/api.w.org\/{rel}","templated":true}]}}