{"id":14757,"date":"2025-08-19T15:31:00","date_gmt":"2025-08-19T15:31:00","guid":{"rendered":"https:\/\/osesa.cl\/?post_type=product&#038;p=14757"},"modified":"2025-08-28T00:02:46","modified_gmt":"2025-08-28T00:02:46","slug":"controladora-istar-edge","status":"publish","type":"product","link":"https:\/\/osesa.cl\/index.php\/producto\/controladora-istar-edge\/","title":{"rendered":"Controladora iSTAR Edge"},"content":{"rendered":"","protected":false},"excerpt":{"rendered":"<p>iSTAR Edge es un potente dispositivo de control de acceso IP de borde que ofrece un s\u00f3lido conjunto de caracter\u00edsticas para proteger cualquier puerta. Est\u00e1 disponible en modelos de uno, dos o cuatro lectores para proporcionar el tama\u00f1o de  controlador adecuado para tu aplicaci\u00f3n espec\u00edfica. <\/p>\n<p><a class=\"ficha-desc\" href=\"https:\/\/osesa.cl\/wp-content\/uploads\/2023\/03\/istar-edge_ds_r07_lt_lat-es.pdf\" rel=\"noopener\" target=\"_blank\">Ver ficha t\u00e9cnica<\/a><\/p>\n","protected":false},"featured_media":14492,"template":"","meta":{"_joinchat":[]},"product_brand":[],"product_cat":[211,76,209],"product_tag":[210],"class_list":{"0":"post-14757","1":"product","2":"type-product","3":"status-publish","4":"has-post-thumbnail","6":"product_cat-controladora-software-house","7":"product_cat-johnson-controls","8":"product_cat-software-house","9":"product_tag-software-house","11":"first","12":"instock","13":"shipping-taxable","14":"product-type-simple"},"yoast_head":"<!-- This site is optimized with the Yoast SEO plugin v24.9 - https:\/\/yoast.com\/wordpress\/plugins\/seo\/ -->\n<title>Controladora iSTAR Edge - Osesa<\/title>\n<meta name=\"robots\" content=\"index, follow, max-snippet:-1, max-image-preview:large, max-video-preview:-1\" \/>\n<link rel=\"canonical\" href=\"https:\/\/osesa.cl\/index.php\/producto\/controladora-istar-edge\/\" \/>\n<meta property=\"og:locale\" content=\"es_ES\" \/>\n<meta property=\"og:type\" content=\"article\" \/>\n<meta property=\"og:title\" content=\"Controladora iSTAR Edge - Osesa\" \/>\n<meta property=\"og:description\" content=\"iSTAR Edge es un potente dispositivo de control de acceso IP de borde que ofrece un s\u00f3lido conjunto de caracter\u00edsticas para proteger cualquier puerta. Est\u00e1 disponible en modelos de uno, dos o cuatro lectores para proporcionar el tama\u00f1o de controlador adecuado para tu aplicaci\u00f3n espec\u00edfica.   Ver ficha t\u00e9cnica\" \/>\n<meta property=\"og:url\" content=\"https:\/\/osesa.cl\/index.php\/producto\/controladora-istar-edge\/\" \/>\n<meta property=\"og:site_name\" content=\"Osesa\" \/>\n<meta property=\"article:modified_time\" content=\"2025-08-28T00:02:46+00:00\" \/>\n<meta property=\"og:image\" content=\"https:\/\/osesa.cl\/wp-content\/uploads\/2025\/07\/ima_jc_17.png\" \/>\n\t<meta property=\"og:image:width\" content=\"972\" \/>\n\t<meta property=\"og:image:height\" content=\"675\" \/>\n\t<meta property=\"og:image:type\" content=\"image\/png\" \/>\n<meta name=\"twitter:card\" content=\"summary_large_image\" \/>\n<meta name=\"twitter:label1\" content=\"Tiempo de lectura\" \/>\n\t<meta name=\"twitter:data1\" content=\"1 minuto\" \/>\n<script type=\"application\/ld+json\" class=\"yoast-schema-graph\">{\"@context\":\"https:\/\/schema.org\",\"@graph\":[{\"@type\":\"WebPage\",\"@id\":\"https:\/\/osesa.cl\/index.php\/producto\/controladora-istar-edge\/\",\"url\":\"https:\/\/osesa.cl\/index.php\/producto\/controladora-istar-edge\/\",\"name\":\"Controladora iSTAR Edge - Osesa\",\"isPartOf\":{\"@id\":\"https:\/\/osesa.cl\/#website\"},\"primaryImageOfPage\":{\"@id\":\"https:\/\/osesa.cl\/index.php\/producto\/controladora-istar-edge\/#primaryimage\"},\"image\":{\"@id\":\"https:\/\/osesa.cl\/index.php\/producto\/controladora-istar-edge\/#primaryimage\"},\"thumbnailUrl\":\"https:\/\/osesa.cl\/wp-content\/uploads\/2025\/07\/ima_jc_17.png\",\"datePublished\":\"2025-08-19T15:31:00+00:00\",\"dateModified\":\"2025-08-28T00:02:46+00:00\",\"breadcrumb\":{\"@id\":\"https:\/\/osesa.cl\/index.php\/producto\/controladora-istar-edge\/#breadcrumb\"},\"inLanguage\":\"es\",\"potentialAction\":[{\"@type\":\"ReadAction\",\"target\":[\"https:\/\/osesa.cl\/index.php\/producto\/controladora-istar-edge\/\"]}]},{\"@type\":\"ImageObject\",\"inLanguage\":\"es\",\"@id\":\"https:\/\/osesa.cl\/index.php\/producto\/controladora-istar-edge\/#primaryimage\",\"url\":\"https:\/\/osesa.cl\/wp-content\/uploads\/2025\/07\/ima_jc_17.png\",\"contentUrl\":\"https:\/\/osesa.cl\/wp-content\/uploads\/2025\/07\/ima_jc_17.png\",\"width\":972,\"height\":675},{\"@type\":\"BreadcrumbList\",\"@id\":\"https:\/\/osesa.cl\/index.php\/producto\/controladora-istar-edge\/#breadcrumb\",\"itemListElement\":[{\"@type\":\"ListItem\",\"position\":1,\"name\":\"Portada\",\"item\":\"https:\/\/osesa.cl\/\"},{\"@type\":\"ListItem\",\"position\":2,\"name\":\"Tienda\",\"item\":\"https:\/\/osesa.cl\/index.php\/tienda-2\/\"},{\"@type\":\"ListItem\",\"position\":3,\"name\":\"Controladora iSTAR Edge\"}]},{\"@type\":\"WebSite\",\"@id\":\"https:\/\/osesa.cl\/#website\",\"url\":\"https:\/\/osesa.cl\/\",\"name\":\"Osesa\",\"description\":\"\",\"potentialAction\":[{\"@type\":\"SearchAction\",\"target\":{\"@type\":\"EntryPoint\",\"urlTemplate\":\"https:\/\/osesa.cl\/?s={search_term_string}\"},\"query-input\":{\"@type\":\"PropertyValueSpecification\",\"valueRequired\":true,\"valueName\":\"search_term_string\"}}],\"inLanguage\":\"es\"}]}<\/script>\n<!-- \/ Yoast SEO plugin. -->","yoast_head_json":{"title":"Controladora iSTAR Edge - Osesa","robots":{"index":"index","follow":"follow","max-snippet":"max-snippet:-1","max-image-preview":"max-image-preview:large","max-video-preview":"max-video-preview:-1"},"canonical":"https:\/\/osesa.cl\/index.php\/producto\/controladora-istar-edge\/","og_locale":"es_ES","og_type":"article","og_title":"Controladora iSTAR Edge - Osesa","og_description":"iSTAR Edge es un potente dispositivo de control de acceso IP de borde que ofrece un s\u00f3lido conjunto de caracter\u00edsticas para proteger cualquier puerta. Est\u00e1 disponible en modelos de uno, dos o cuatro lectores para proporcionar el tama\u00f1o de controlador adecuado para tu aplicaci\u00f3n espec\u00edfica.   Ver ficha t\u00e9cnica","og_url":"https:\/\/osesa.cl\/index.php\/producto\/controladora-istar-edge\/","og_site_name":"Osesa","article_modified_time":"2025-08-28T00:02:46+00:00","og_image":[{"width":972,"height":675,"url":"https:\/\/osesa.cl\/wp-content\/uploads\/2025\/07\/ima_jc_17.png","type":"image\/png"}],"twitter_card":"summary_large_image","twitter_misc":{"Tiempo de lectura":"1 minuto"},"schema":{"@context":"https:\/\/schema.org","@graph":[{"@type":"WebPage","@id":"https:\/\/osesa.cl\/index.php\/producto\/controladora-istar-edge\/","url":"https:\/\/osesa.cl\/index.php\/producto\/controladora-istar-edge\/","name":"Controladora iSTAR Edge - Osesa","isPartOf":{"@id":"https:\/\/osesa.cl\/#website"},"primaryImageOfPage":{"@id":"https:\/\/osesa.cl\/index.php\/producto\/controladora-istar-edge\/#primaryimage"},"image":{"@id":"https:\/\/osesa.cl\/index.php\/producto\/controladora-istar-edge\/#primaryimage"},"thumbnailUrl":"https:\/\/osesa.cl\/wp-content\/uploads\/2025\/07\/ima_jc_17.png","datePublished":"2025-08-19T15:31:00+00:00","dateModified":"2025-08-28T00:02:46+00:00","breadcrumb":{"@id":"https:\/\/osesa.cl\/index.php\/producto\/controladora-istar-edge\/#breadcrumb"},"inLanguage":"es","potentialAction":[{"@type":"ReadAction","target":["https:\/\/osesa.cl\/index.php\/producto\/controladora-istar-edge\/"]}]},{"@type":"ImageObject","inLanguage":"es","@id":"https:\/\/osesa.cl\/index.php\/producto\/controladora-istar-edge\/#primaryimage","url":"https:\/\/osesa.cl\/wp-content\/uploads\/2025\/07\/ima_jc_17.png","contentUrl":"https:\/\/osesa.cl\/wp-content\/uploads\/2025\/07\/ima_jc_17.png","width":972,"height":675},{"@type":"BreadcrumbList","@id":"https:\/\/osesa.cl\/index.php\/producto\/controladora-istar-edge\/#breadcrumb","itemListElement":[{"@type":"ListItem","position":1,"name":"Portada","item":"https:\/\/osesa.cl\/"},{"@type":"ListItem","position":2,"name":"Tienda","item":"https:\/\/osesa.cl\/index.php\/tienda-2\/"},{"@type":"ListItem","position":3,"name":"Controladora iSTAR Edge"}]},{"@type":"WebSite","@id":"https:\/\/osesa.cl\/#website","url":"https:\/\/osesa.cl\/","name":"Osesa","description":"","potentialAction":[{"@type":"SearchAction","target":{"@type":"EntryPoint","urlTemplate":"https:\/\/osesa.cl\/?s={search_term_string}"},"query-input":{"@type":"PropertyValueSpecification","valueRequired":true,"valueName":"search_term_string"}}],"inLanguage":"es"}]}},"_links":{"self":[{"href":"https:\/\/osesa.cl\/index.php\/wp-json\/wp\/v2\/product\/14757","targetHints":{"allow":["GET"]}}],"collection":[{"href":"https:\/\/osesa.cl\/index.php\/wp-json\/wp\/v2\/product"}],"about":[{"href":"https:\/\/osesa.cl\/index.php\/wp-json\/wp\/v2\/types\/product"}],"wp:featuredmedia":[{"embeddable":true,"href":"https:\/\/osesa.cl\/index.php\/wp-json\/wp\/v2\/media\/14492"}],"wp:attachment":[{"href":"https:\/\/osesa.cl\/index.php\/wp-json\/wp\/v2\/media?parent=14757"}],"wp:term":[{"taxonomy":"product_brand","embeddable":true,"href":"https:\/\/osesa.cl\/index.php\/wp-json\/wp\/v2\/product_brand?post=14757"},{"taxonomy":"product_cat","embeddable":true,"href":"https:\/\/osesa.cl\/index.php\/wp-json\/wp\/v2\/product_cat?post=14757"},{"taxonomy":"product_tag","embeddable":true,"href":"https:\/\/osesa.cl\/index.php\/wp-json\/wp\/v2\/product_tag?post=14757"}],"curies":[{"name":"wp","href":"https:\/\/api.w.org\/{rel}","templated":true}]}}