{"id":14766,"date":"2025-08-19T15:42:31","date_gmt":"2025-08-19T15:42:31","guid":{"rendered":"https:\/\/osesa.cl\/?post_type=product&#038;p=14766"},"modified":"2025-08-27T23:54:53","modified_gmt":"2025-08-27T23:54:53","slug":"radar-tyco","status":"publish","type":"product","link":"https:\/\/osesa.cl\/index.php\/producto\/radar-tyco\/","title":{"rendered":"Radar Tyco"},"content":{"rendered":"","protected":false},"excerpt":{"rendered":"<p>La Detecci\u00f3n por Radar Tyco ofrece una soluci\u00f3n de detecci\u00f3n por radar de bajo costo que se integra f\u00e1cilmente en los sistemas de gesti\u00f3n de video (VMS) nuevos y existentes de American Dynamics,  proporcionando cobertura de seguridad perimetral las 24 horas del d\u00eda, los 7 d\u00edas de la semana, para sitios de cualquier tama\u00f1o.<\/p>\n<p><a class=\"ficha-desc\" href=\"https:\/\/osesa.cl\/wp-content\/uploads\/2023\/03\/tyco-radar-detection_r04_hs_lat-es.pdf\" rel=\"noopener\" target=\"_blank\">Ver ficha t\u00e9cnica<\/a><\/p>\n","protected":false},"featured_media":14629,"template":"","meta":{"_joinchat":[]},"product_brand":[],"product_cat":[212,76,214],"product_tag":[213],"class_list":{"0":"post-14766","1":"product","2":"type-product","3":"status-publish","4":"has-post-thumbnail","6":"product_cat-american-dynamics","7":"product_cat-johnson-controls","8":"product_cat-radar","9":"product_tag-american-dynamics","11":"first","12":"instock","13":"shipping-taxable","14":"product-type-simple"},"yoast_head":"<!-- This site is optimized with the Yoast SEO plugin v24.9 - https:\/\/yoast.com\/wordpress\/plugins\/seo\/ -->\n<title>Radar Tyco - Osesa<\/title>\n<meta name=\"robots\" content=\"index, follow, max-snippet:-1, max-image-preview:large, max-video-preview:-1\" \/>\n<link rel=\"canonical\" href=\"https:\/\/osesa.cl\/index.php\/producto\/radar-tyco\/\" \/>\n<meta property=\"og:locale\" content=\"es_ES\" \/>\n<meta property=\"og:type\" content=\"article\" \/>\n<meta property=\"og:title\" content=\"Radar Tyco - Osesa\" \/>\n<meta property=\"og:description\" content=\"La Detecci\u00f3n por Radar Tyco ofrece una soluci\u00f3n de detecci\u00f3n por radar de bajo costo que se integra f\u00e1cilmente en los sistemas de gesti\u00f3n de video (VMS) nuevos y existentes de American Dynamics, proporcionando cobertura de seguridad perimetral las 24 horas del d\u00eda, los 7 d\u00edas de la semana, para sitios de cualquier tama\u00f1o.  Ver ficha t\u00e9cnica\" \/>\n<meta property=\"og:url\" content=\"https:\/\/osesa.cl\/index.php\/producto\/radar-tyco\/\" \/>\n<meta property=\"og:site_name\" content=\"Osesa\" \/>\n<meta property=\"article:modified_time\" content=\"2025-08-27T23:54:53+00:00\" \/>\n<meta property=\"og:image\" content=\"https:\/\/osesa.cl\/wp-content\/uploads\/2025\/08\/ima_jc_40-1.jpg\" \/>\n\t<meta property=\"og:image:width\" content=\"370\" \/>\n\t<meta property=\"og:image:height\" content=\"244\" \/>\n\t<meta property=\"og:image:type\" content=\"image\/jpeg\" \/>\n<meta name=\"twitter:card\" content=\"summary_large_image\" \/>\n<meta name=\"twitter:label1\" content=\"Tiempo de lectura\" \/>\n\t<meta name=\"twitter:data1\" content=\"1 minuto\" \/>\n<script type=\"application\/ld+json\" class=\"yoast-schema-graph\">{\"@context\":\"https:\/\/schema.org\",\"@graph\":[{\"@type\":\"WebPage\",\"@id\":\"https:\/\/osesa.cl\/index.php\/producto\/radar-tyco\/\",\"url\":\"https:\/\/osesa.cl\/index.php\/producto\/radar-tyco\/\",\"name\":\"Radar Tyco - Osesa\",\"isPartOf\":{\"@id\":\"https:\/\/osesa.cl\/#website\"},\"primaryImageOfPage\":{\"@id\":\"https:\/\/osesa.cl\/index.php\/producto\/radar-tyco\/#primaryimage\"},\"image\":{\"@id\":\"https:\/\/osesa.cl\/index.php\/producto\/radar-tyco\/#primaryimage\"},\"thumbnailUrl\":\"https:\/\/osesa.cl\/wp-content\/uploads\/2025\/08\/ima_jc_40-1.jpg\",\"datePublished\":\"2025-08-19T15:42:31+00:00\",\"dateModified\":\"2025-08-27T23:54:53+00:00\",\"breadcrumb\":{\"@id\":\"https:\/\/osesa.cl\/index.php\/producto\/radar-tyco\/#breadcrumb\"},\"inLanguage\":\"es\",\"potentialAction\":[{\"@type\":\"ReadAction\",\"target\":[\"https:\/\/osesa.cl\/index.php\/producto\/radar-tyco\/\"]}]},{\"@type\":\"ImageObject\",\"inLanguage\":\"es\",\"@id\":\"https:\/\/osesa.cl\/index.php\/producto\/radar-tyco\/#primaryimage\",\"url\":\"https:\/\/osesa.cl\/wp-content\/uploads\/2025\/08\/ima_jc_40-1.jpg\",\"contentUrl\":\"https:\/\/osesa.cl\/wp-content\/uploads\/2025\/08\/ima_jc_40-1.jpg\",\"width\":370,\"height\":244},{\"@type\":\"BreadcrumbList\",\"@id\":\"https:\/\/osesa.cl\/index.php\/producto\/radar-tyco\/#breadcrumb\",\"itemListElement\":[{\"@type\":\"ListItem\",\"position\":1,\"name\":\"Portada\",\"item\":\"https:\/\/osesa.cl\/\"},{\"@type\":\"ListItem\",\"position\":2,\"name\":\"Tienda\",\"item\":\"https:\/\/osesa.cl\/index.php\/tienda-2\/\"},{\"@type\":\"ListItem\",\"position\":3,\"name\":\"Radar Tyco\"}]},{\"@type\":\"WebSite\",\"@id\":\"https:\/\/osesa.cl\/#website\",\"url\":\"https:\/\/osesa.cl\/\",\"name\":\"Osesa\",\"description\":\"\",\"potentialAction\":[{\"@type\":\"SearchAction\",\"target\":{\"@type\":\"EntryPoint\",\"urlTemplate\":\"https:\/\/osesa.cl\/?s={search_term_string}\"},\"query-input\":{\"@type\":\"PropertyValueSpecification\",\"valueRequired\":true,\"valueName\":\"search_term_string\"}}],\"inLanguage\":\"es\"}]}<\/script>\n<!-- \/ Yoast SEO plugin. -->","yoast_head_json":{"title":"Radar Tyco - Osesa","robots":{"index":"index","follow":"follow","max-snippet":"max-snippet:-1","max-image-preview":"max-image-preview:large","max-video-preview":"max-video-preview:-1"},"canonical":"https:\/\/osesa.cl\/index.php\/producto\/radar-tyco\/","og_locale":"es_ES","og_type":"article","og_title":"Radar Tyco - Osesa","og_description":"La Detecci\u00f3n por Radar Tyco ofrece una soluci\u00f3n de detecci\u00f3n por radar de bajo costo que se integra f\u00e1cilmente en los sistemas de gesti\u00f3n de video (VMS) nuevos y existentes de American Dynamics, proporcionando cobertura de seguridad perimetral las 24 horas del d\u00eda, los 7 d\u00edas de la semana, para sitios de cualquier tama\u00f1o.  Ver ficha t\u00e9cnica","og_url":"https:\/\/osesa.cl\/index.php\/producto\/radar-tyco\/","og_site_name":"Osesa","article_modified_time":"2025-08-27T23:54:53+00:00","og_image":[{"width":370,"height":244,"url":"https:\/\/osesa.cl\/wp-content\/uploads\/2025\/08\/ima_jc_40-1.jpg","type":"image\/jpeg"}],"twitter_card":"summary_large_image","twitter_misc":{"Tiempo de lectura":"1 minuto"},"schema":{"@context":"https:\/\/schema.org","@graph":[{"@type":"WebPage","@id":"https:\/\/osesa.cl\/index.php\/producto\/radar-tyco\/","url":"https:\/\/osesa.cl\/index.php\/producto\/radar-tyco\/","name":"Radar Tyco - Osesa","isPartOf":{"@id":"https:\/\/osesa.cl\/#website"},"primaryImageOfPage":{"@id":"https:\/\/osesa.cl\/index.php\/producto\/radar-tyco\/#primaryimage"},"image":{"@id":"https:\/\/osesa.cl\/index.php\/producto\/radar-tyco\/#primaryimage"},"thumbnailUrl":"https:\/\/osesa.cl\/wp-content\/uploads\/2025\/08\/ima_jc_40-1.jpg","datePublished":"2025-08-19T15:42:31+00:00","dateModified":"2025-08-27T23:54:53+00:00","breadcrumb":{"@id":"https:\/\/osesa.cl\/index.php\/producto\/radar-tyco\/#breadcrumb"},"inLanguage":"es","potentialAction":[{"@type":"ReadAction","target":["https:\/\/osesa.cl\/index.php\/producto\/radar-tyco\/"]}]},{"@type":"ImageObject","inLanguage":"es","@id":"https:\/\/osesa.cl\/index.php\/producto\/radar-tyco\/#primaryimage","url":"https:\/\/osesa.cl\/wp-content\/uploads\/2025\/08\/ima_jc_40-1.jpg","contentUrl":"https:\/\/osesa.cl\/wp-content\/uploads\/2025\/08\/ima_jc_40-1.jpg","width":370,"height":244},{"@type":"BreadcrumbList","@id":"https:\/\/osesa.cl\/index.php\/producto\/radar-tyco\/#breadcrumb","itemListElement":[{"@type":"ListItem","position":1,"name":"Portada","item":"https:\/\/osesa.cl\/"},{"@type":"ListItem","position":2,"name":"Tienda","item":"https:\/\/osesa.cl\/index.php\/tienda-2\/"},{"@type":"ListItem","position":3,"name":"Radar Tyco"}]},{"@type":"WebSite","@id":"https:\/\/osesa.cl\/#website","url":"https:\/\/osesa.cl\/","name":"Osesa","description":"","potentialAction":[{"@type":"SearchAction","target":{"@type":"EntryPoint","urlTemplate":"https:\/\/osesa.cl\/?s={search_term_string}"},"query-input":{"@type":"PropertyValueSpecification","valueRequired":true,"valueName":"search_term_string"}}],"inLanguage":"es"}]}},"_links":{"self":[{"href":"https:\/\/osesa.cl\/index.php\/wp-json\/wp\/v2\/product\/14766","targetHints":{"allow":["GET"]}}],"collection":[{"href":"https:\/\/osesa.cl\/index.php\/wp-json\/wp\/v2\/product"}],"about":[{"href":"https:\/\/osesa.cl\/index.php\/wp-json\/wp\/v2\/types\/product"}],"wp:featuredmedia":[{"embeddable":true,"href":"https:\/\/osesa.cl\/index.php\/wp-json\/wp\/v2\/media\/14629"}],"wp:attachment":[{"href":"https:\/\/osesa.cl\/index.php\/wp-json\/wp\/v2\/media?parent=14766"}],"wp:term":[{"taxonomy":"product_brand","embeddable":true,"href":"https:\/\/osesa.cl\/index.php\/wp-json\/wp\/v2\/product_brand?post=14766"},{"taxonomy":"product_cat","embeddable":true,"href":"https:\/\/osesa.cl\/index.php\/wp-json\/wp\/v2\/product_cat?post=14766"},{"taxonomy":"product_tag","embeddable":true,"href":"https:\/\/osesa.cl\/index.php\/wp-json\/wp\/v2\/product_tag?post=14766"}],"curies":[{"name":"wp","href":"https:\/\/api.w.org\/{rel}","templated":true}]}}