{"id":14778,"date":"2025-08-19T15:49:55","date_gmt":"2025-08-19T15:49:55","guid":{"rendered":"https:\/\/osesa.cl\/?post_type=product&#038;p=14778"},"modified":"2025-10-07T19:51:27","modified_gmt":"2025-10-07T19:51:27","slug":"camara-de-sensor-dual-de-la-linea-flex","status":"publish","type":"product","link":"https:\/\/osesa.cl\/index.php\/producto\/camara-de-sensor-dual-de-la-linea-flex\/","title":{"rendered":"C\u00e1mara de Sensor Dual de la l\u00ednea Flex"},"content":{"rendered":"<p>&nbsp;<\/p>\n<p><iframe title=\"YouTube video player\" src=\"https:\/\/www.youtube.com\/embed\/PVKEKVG0kQU?si=SQGDiehIACT6-as5\" width=\"100%\" height=\"400\" frameborder=\"0\" allowfullscreen=\"allowfullscreen\"><\/iframe><\/p>\n","protected":false},"excerpt":{"rendered":"<p>La seguridad ahora es m\u00e1s potente que nunca gracias a las camaras multidireccionales equipadas con inteligencia artificial. Estas camaras no solo capturan video desde m\u00faltiples \u00e1ngulos simult\u00e1neamente, sino que tambi\u00e9n utilizan la IA para analizar patrones, detectar anomal\u00edas y alertar sobre posibles amenazas de manera mas eficiente que los sistemas tradicionales.<\/p>\n<p><a class=\"ficha-desc\" href=\"https:\/\/osesa.cl\/wp-content\/uploads\/2023\/03\/Illustra-Flex-Gen4-Dual-Sensor-Data-Sheet_draft1_cs.pdf\" rel=\"noopener\" target=\"_blank\">Ver ficha t\u00e9cnica<\/a><\/p>\n","protected":false},"featured_media":14653,"template":"","meta":{"_joinchat":[]},"product_brand":[],"product_cat":[216,215,76],"product_tag":[217],"class_list":{"0":"post-14778","1":"product","2":"type-product","3":"status-publish","4":"has-post-thumbnail","6":"product_cat-camara","7":"product_cat-illustra","8":"product_cat-johnson-controls","9":"product_tag-illustra","11":"first","12":"instock","13":"shipping-taxable","14":"product-type-simple"},"yoast_head":"<!-- This site is optimized with the Yoast SEO plugin v24.9 - https:\/\/yoast.com\/wordpress\/plugins\/seo\/ -->\n<title>C\u00e1mara de Sensor Dual de la l\u00ednea Flex - Osesa<\/title>\n<meta name=\"robots\" content=\"index, follow, max-snippet:-1, max-image-preview:large, max-video-preview:-1\" \/>\n<link rel=\"canonical\" href=\"https:\/\/osesa.cl\/index.php\/producto\/camara-de-sensor-dual-de-la-linea-flex\/\" \/>\n<meta property=\"og:locale\" content=\"es_ES\" \/>\n<meta property=\"og:type\" content=\"article\" \/>\n<meta property=\"og:title\" content=\"C\u00e1mara de Sensor Dual de la l\u00ednea Flex - Osesa\" \/>\n<meta property=\"og:description\" content=\"La seguridad ahora es m\u00e1s potente que nunca gracias a las camaras multidireccionales equipadas con inteligencia artificial. Estas camaras no solo capturan video desde m\u00faltiples \u00e1ngulos simult\u00e1neamente, sino que tambi\u00e9n utilizan la IA para analizar patrones, detectar anomal\u00edas y alertar sobre posibles amenazas de manera mas eficiente que los sistemas tradicionales.  Ver ficha t\u00e9cnica\" \/>\n<meta property=\"og:url\" content=\"https:\/\/osesa.cl\/index.php\/producto\/camara-de-sensor-dual-de-la-linea-flex\/\" \/>\n<meta property=\"og:site_name\" content=\"Osesa\" \/>\n<meta property=\"article:modified_time\" content=\"2025-10-07T19:51:27+00:00\" \/>\n<meta property=\"og:image\" content=\"https:\/\/osesa.cl\/wp-content\/uploads\/2025\/08\/ima_jc_25.png\" \/>\n\t<meta property=\"og:image:width\" content=\"820\" \/>\n\t<meta property=\"og:image:height\" content=\"598\" \/>\n\t<meta property=\"og:image:type\" content=\"image\/png\" \/>\n<meta name=\"twitter:card\" content=\"summary_large_image\" \/>\n<meta name=\"twitter:label1\" content=\"Tiempo de lectura\" \/>\n\t<meta name=\"twitter:data1\" content=\"1 minuto\" \/>\n<script type=\"application\/ld+json\" class=\"yoast-schema-graph\">{\"@context\":\"https:\/\/schema.org\",\"@graph\":[{\"@type\":\"WebPage\",\"@id\":\"https:\/\/osesa.cl\/index.php\/producto\/camara-de-sensor-dual-de-la-linea-flex\/\",\"url\":\"https:\/\/osesa.cl\/index.php\/producto\/camara-de-sensor-dual-de-la-linea-flex\/\",\"name\":\"C\u00e1mara de Sensor Dual de la l\u00ednea Flex - Osesa\",\"isPartOf\":{\"@id\":\"https:\/\/osesa.cl\/#website\"},\"primaryImageOfPage\":{\"@id\":\"https:\/\/osesa.cl\/index.php\/producto\/camara-de-sensor-dual-de-la-linea-flex\/#primaryimage\"},\"image\":{\"@id\":\"https:\/\/osesa.cl\/index.php\/producto\/camara-de-sensor-dual-de-la-linea-flex\/#primaryimage\"},\"thumbnailUrl\":\"https:\/\/osesa.cl\/wp-content\/uploads\/2025\/08\/ima_jc_25.png\",\"datePublished\":\"2025-08-19T15:49:55+00:00\",\"dateModified\":\"2025-10-07T19:51:27+00:00\",\"breadcrumb\":{\"@id\":\"https:\/\/osesa.cl\/index.php\/producto\/camara-de-sensor-dual-de-la-linea-flex\/#breadcrumb\"},\"inLanguage\":\"es\",\"potentialAction\":[{\"@type\":\"ReadAction\",\"target\":[\"https:\/\/osesa.cl\/index.php\/producto\/camara-de-sensor-dual-de-la-linea-flex\/\"]}]},{\"@type\":\"ImageObject\",\"inLanguage\":\"es\",\"@id\":\"https:\/\/osesa.cl\/index.php\/producto\/camara-de-sensor-dual-de-la-linea-flex\/#primaryimage\",\"url\":\"https:\/\/osesa.cl\/wp-content\/uploads\/2025\/08\/ima_jc_25.png\",\"contentUrl\":\"https:\/\/osesa.cl\/wp-content\/uploads\/2025\/08\/ima_jc_25.png\",\"width\":820,\"height\":598},{\"@type\":\"BreadcrumbList\",\"@id\":\"https:\/\/osesa.cl\/index.php\/producto\/camara-de-sensor-dual-de-la-linea-flex\/#breadcrumb\",\"itemListElement\":[{\"@type\":\"ListItem\",\"position\":1,\"name\":\"Portada\",\"item\":\"https:\/\/osesa.cl\/\"},{\"@type\":\"ListItem\",\"position\":2,\"name\":\"Tienda\",\"item\":\"https:\/\/osesa.cl\/index.php\/tienda-2\/\"},{\"@type\":\"ListItem\",\"position\":3,\"name\":\"C\u00e1mara de Sensor Dual de la l\u00ednea Flex\"}]},{\"@type\":\"WebSite\",\"@id\":\"https:\/\/osesa.cl\/#website\",\"url\":\"https:\/\/osesa.cl\/\",\"name\":\"Osesa\",\"description\":\"\",\"potentialAction\":[{\"@type\":\"SearchAction\",\"target\":{\"@type\":\"EntryPoint\",\"urlTemplate\":\"https:\/\/osesa.cl\/?s={search_term_string}\"},\"query-input\":{\"@type\":\"PropertyValueSpecification\",\"valueRequired\":true,\"valueName\":\"search_term_string\"}}],\"inLanguage\":\"es\"}]}<\/script>\n<!-- \/ Yoast SEO plugin. -->","yoast_head_json":{"title":"C\u00e1mara de Sensor Dual de la l\u00ednea Flex - Osesa","robots":{"index":"index","follow":"follow","max-snippet":"max-snippet:-1","max-image-preview":"max-image-preview:large","max-video-preview":"max-video-preview:-1"},"canonical":"https:\/\/osesa.cl\/index.php\/producto\/camara-de-sensor-dual-de-la-linea-flex\/","og_locale":"es_ES","og_type":"article","og_title":"C\u00e1mara de Sensor Dual de la l\u00ednea Flex - Osesa","og_description":"La seguridad ahora es m\u00e1s potente que nunca gracias a las camaras multidireccionales equipadas con inteligencia artificial. Estas camaras no solo capturan video desde m\u00faltiples \u00e1ngulos simult\u00e1neamente, sino que tambi\u00e9n utilizan la IA para analizar patrones, detectar anomal\u00edas y alertar sobre posibles amenazas de manera mas eficiente que los sistemas tradicionales.  Ver ficha t\u00e9cnica","og_url":"https:\/\/osesa.cl\/index.php\/producto\/camara-de-sensor-dual-de-la-linea-flex\/","og_site_name":"Osesa","article_modified_time":"2025-10-07T19:51:27+00:00","og_image":[{"width":820,"height":598,"url":"https:\/\/osesa.cl\/wp-content\/uploads\/2025\/08\/ima_jc_25.png","type":"image\/png"}],"twitter_card":"summary_large_image","twitter_misc":{"Tiempo de lectura":"1 minuto"},"schema":{"@context":"https:\/\/schema.org","@graph":[{"@type":"WebPage","@id":"https:\/\/osesa.cl\/index.php\/producto\/camara-de-sensor-dual-de-la-linea-flex\/","url":"https:\/\/osesa.cl\/index.php\/producto\/camara-de-sensor-dual-de-la-linea-flex\/","name":"C\u00e1mara de Sensor Dual de la l\u00ednea Flex - Osesa","isPartOf":{"@id":"https:\/\/osesa.cl\/#website"},"primaryImageOfPage":{"@id":"https:\/\/osesa.cl\/index.php\/producto\/camara-de-sensor-dual-de-la-linea-flex\/#primaryimage"},"image":{"@id":"https:\/\/osesa.cl\/index.php\/producto\/camara-de-sensor-dual-de-la-linea-flex\/#primaryimage"},"thumbnailUrl":"https:\/\/osesa.cl\/wp-content\/uploads\/2025\/08\/ima_jc_25.png","datePublished":"2025-08-19T15:49:55+00:00","dateModified":"2025-10-07T19:51:27+00:00","breadcrumb":{"@id":"https:\/\/osesa.cl\/index.php\/producto\/camara-de-sensor-dual-de-la-linea-flex\/#breadcrumb"},"inLanguage":"es","potentialAction":[{"@type":"ReadAction","target":["https:\/\/osesa.cl\/index.php\/producto\/camara-de-sensor-dual-de-la-linea-flex\/"]}]},{"@type":"ImageObject","inLanguage":"es","@id":"https:\/\/osesa.cl\/index.php\/producto\/camara-de-sensor-dual-de-la-linea-flex\/#primaryimage","url":"https:\/\/osesa.cl\/wp-content\/uploads\/2025\/08\/ima_jc_25.png","contentUrl":"https:\/\/osesa.cl\/wp-content\/uploads\/2025\/08\/ima_jc_25.png","width":820,"height":598},{"@type":"BreadcrumbList","@id":"https:\/\/osesa.cl\/index.php\/producto\/camara-de-sensor-dual-de-la-linea-flex\/#breadcrumb","itemListElement":[{"@type":"ListItem","position":1,"name":"Portada","item":"https:\/\/osesa.cl\/"},{"@type":"ListItem","position":2,"name":"Tienda","item":"https:\/\/osesa.cl\/index.php\/tienda-2\/"},{"@type":"ListItem","position":3,"name":"C\u00e1mara de Sensor Dual de la l\u00ednea Flex"}]},{"@type":"WebSite","@id":"https:\/\/osesa.cl\/#website","url":"https:\/\/osesa.cl\/","name":"Osesa","description":"","potentialAction":[{"@type":"SearchAction","target":{"@type":"EntryPoint","urlTemplate":"https:\/\/osesa.cl\/?s={search_term_string}"},"query-input":{"@type":"PropertyValueSpecification","valueRequired":true,"valueName":"search_term_string"}}],"inLanguage":"es"}]}},"_links":{"self":[{"href":"https:\/\/osesa.cl\/index.php\/wp-json\/wp\/v2\/product\/14778","targetHints":{"allow":["GET"]}}],"collection":[{"href":"https:\/\/osesa.cl\/index.php\/wp-json\/wp\/v2\/product"}],"about":[{"href":"https:\/\/osesa.cl\/index.php\/wp-json\/wp\/v2\/types\/product"}],"wp:featuredmedia":[{"embeddable":true,"href":"https:\/\/osesa.cl\/index.php\/wp-json\/wp\/v2\/media\/14653"}],"wp:attachment":[{"href":"https:\/\/osesa.cl\/index.php\/wp-json\/wp\/v2\/media?parent=14778"}],"wp:term":[{"taxonomy":"product_brand","embeddable":true,"href":"https:\/\/osesa.cl\/index.php\/wp-json\/wp\/v2\/product_brand?post=14778"},{"taxonomy":"product_cat","embeddable":true,"href":"https:\/\/osesa.cl\/index.php\/wp-json\/wp\/v2\/product_cat?post=14778"},{"taxonomy":"product_tag","embeddable":true,"href":"https:\/\/osesa.cl\/index.php\/wp-json\/wp\/v2\/product_tag?post=14778"}],"curies":[{"name":"wp","href":"https:\/\/api.w.org\/{rel}","templated":true}]}}