{"id":14801,"date":"2025-08-19T16:14:20","date_gmt":"2025-08-19T16:14:20","guid":{"rendered":"https:\/\/osesa.cl\/?post_type=product&#038;p=14801"},"modified":"2025-10-07T03:44:37","modified_gmt":"2025-10-07T03:44:37","slug":"manilla-giratoria-beat-de-abloy","status":"publish","type":"product","link":"https:\/\/osesa.cl\/index.php\/producto\/manilla-giratoria-beat-de-abloy\/","title":{"rendered":"Manilla Giratoria BEAT de ABLOY"},"content":{"rendered":"<p><iframe title=\"YouTube video player\" src=\"https:\/\/www.youtube.com\/embed\/4UK6TNuffKE?si=jip6UdLPFSwpVDxm\" width=\"100%\" height=\"400\" frameborder=\"0\" allowfullscreen=\"allowfullscreen\"><\/iframe><\/p>\n","protected":false},"excerpt":{"rendered":"<p>Con ella puedes olvidarte de las llaves, ya que te permite acceder desde tu smartphone con la conexi\u00f3n Bluetooth BEAT de ABLOY. Ideal para tableros el\u00e9ctricos, salas de servidores o gabinetes de campo.<\/p>\n<p><a class=\"ficha-desc\" href=\"https:\/\/osesa.cl\/wp-content\/uploads\/2023\/03\/ABLOY_SHK100_Data_Sheet_1-1.pdf\" rel=\"noopener\" target=\"_blank\">Ver ficha t\u00e9cnica<\/a><\/p>\n","protected":false},"featured_media":14802,"template":"","meta":{"_joinchat":[]},"product_brand":[],"product_cat":[48,221,174],"product_tag":[222],"class_list":{"0":"post-14801","1":"product","2":"type-product","3":"status-publish","4":"has-post-thumbnail","6":"product_cat-abloy","7":"product_cat-beat","8":"product_cat-cerradura","9":"product_tag-beat","11":"first","12":"instock","13":"shipping-taxable","14":"product-type-simple"},"yoast_head":"<!-- This site is optimized with the Yoast SEO plugin v24.9 - https:\/\/yoast.com\/wordpress\/plugins\/seo\/ -->\n<title>Manilla Giratoria BEAT de ABLOY - Osesa<\/title>\n<meta name=\"robots\" content=\"index, follow, max-snippet:-1, max-image-preview:large, max-video-preview:-1\" \/>\n<link rel=\"canonical\" href=\"https:\/\/osesa.cl\/index.php\/producto\/manilla-giratoria-beat-de-abloy\/\" \/>\n<meta property=\"og:locale\" content=\"es_ES\" \/>\n<meta property=\"og:type\" content=\"article\" \/>\n<meta property=\"og:title\" content=\"Manilla Giratoria BEAT de ABLOY - Osesa\" \/>\n<meta property=\"og:description\" content=\"Con ella puedes olvidarte de las llaves, ya que te permite acceder desde tu smartphone con la conexi\u00f3n Bluetooth BEAT de ABLOY. Ideal para tableros el\u00e9ctricos, salas de servidores o gabinetes de campo.  Ver ficha t\u00e9cnica\" \/>\n<meta property=\"og:url\" content=\"https:\/\/osesa.cl\/index.php\/producto\/manilla-giratoria-beat-de-abloy\/\" \/>\n<meta property=\"og:site_name\" content=\"Osesa\" \/>\n<meta property=\"article:modified_time\" content=\"2025-10-07T03:44:37+00:00\" \/>\n<meta property=\"og:image\" content=\"https:\/\/osesa.cl\/wp-content\/uploads\/2025\/08\/IMG_6801.jpg\" \/>\n\t<meta property=\"og:image:width\" content=\"2500\" \/>\n\t<meta property=\"og:image:height\" content=\"2500\" \/>\n\t<meta property=\"og:image:type\" content=\"image\/jpeg\" \/>\n<meta name=\"twitter:card\" content=\"summary_large_image\" \/>\n<meta name=\"twitter:label1\" content=\"Tiempo de lectura\" \/>\n\t<meta name=\"twitter:data1\" content=\"1 minuto\" \/>\n<script type=\"application\/ld+json\" class=\"yoast-schema-graph\">{\"@context\":\"https:\/\/schema.org\",\"@graph\":[{\"@type\":\"WebPage\",\"@id\":\"https:\/\/osesa.cl\/index.php\/producto\/manilla-giratoria-beat-de-abloy\/\",\"url\":\"https:\/\/osesa.cl\/index.php\/producto\/manilla-giratoria-beat-de-abloy\/\",\"name\":\"Manilla Giratoria BEAT de ABLOY - Osesa\",\"isPartOf\":{\"@id\":\"https:\/\/osesa.cl\/#website\"},\"primaryImageOfPage\":{\"@id\":\"https:\/\/osesa.cl\/index.php\/producto\/manilla-giratoria-beat-de-abloy\/#primaryimage\"},\"image\":{\"@id\":\"https:\/\/osesa.cl\/index.php\/producto\/manilla-giratoria-beat-de-abloy\/#primaryimage\"},\"thumbnailUrl\":\"https:\/\/osesa.cl\/wp-content\/uploads\/2025\/08\/IMG_6801.jpg\",\"datePublished\":\"2025-08-19T16:14:20+00:00\",\"dateModified\":\"2025-10-07T03:44:37+00:00\",\"breadcrumb\":{\"@id\":\"https:\/\/osesa.cl\/index.php\/producto\/manilla-giratoria-beat-de-abloy\/#breadcrumb\"},\"inLanguage\":\"es\",\"potentialAction\":[{\"@type\":\"ReadAction\",\"target\":[\"https:\/\/osesa.cl\/index.php\/producto\/manilla-giratoria-beat-de-abloy\/\"]}]},{\"@type\":\"ImageObject\",\"inLanguage\":\"es\",\"@id\":\"https:\/\/osesa.cl\/index.php\/producto\/manilla-giratoria-beat-de-abloy\/#primaryimage\",\"url\":\"https:\/\/osesa.cl\/wp-content\/uploads\/2025\/08\/IMG_6801.jpg\",\"contentUrl\":\"https:\/\/osesa.cl\/wp-content\/uploads\/2025\/08\/IMG_6801.jpg\",\"width\":2500,\"height\":2500},{\"@type\":\"BreadcrumbList\",\"@id\":\"https:\/\/osesa.cl\/index.php\/producto\/manilla-giratoria-beat-de-abloy\/#breadcrumb\",\"itemListElement\":[{\"@type\":\"ListItem\",\"position\":1,\"name\":\"Portada\",\"item\":\"https:\/\/osesa.cl\/\"},{\"@type\":\"ListItem\",\"position\":2,\"name\":\"Tienda\",\"item\":\"https:\/\/osesa.cl\/index.php\/tienda-2\/\"},{\"@type\":\"ListItem\",\"position\":3,\"name\":\"Manilla Giratoria BEAT de ABLOY\"}]},{\"@type\":\"WebSite\",\"@id\":\"https:\/\/osesa.cl\/#website\",\"url\":\"https:\/\/osesa.cl\/\",\"name\":\"Osesa\",\"description\":\"\",\"potentialAction\":[{\"@type\":\"SearchAction\",\"target\":{\"@type\":\"EntryPoint\",\"urlTemplate\":\"https:\/\/osesa.cl\/?s={search_term_string}\"},\"query-input\":{\"@type\":\"PropertyValueSpecification\",\"valueRequired\":true,\"valueName\":\"search_term_string\"}}],\"inLanguage\":\"es\"}]}<\/script>\n<!-- \/ Yoast SEO plugin. -->","yoast_head_json":{"title":"Manilla Giratoria BEAT de ABLOY - Osesa","robots":{"index":"index","follow":"follow","max-snippet":"max-snippet:-1","max-image-preview":"max-image-preview:large","max-video-preview":"max-video-preview:-1"},"canonical":"https:\/\/osesa.cl\/index.php\/producto\/manilla-giratoria-beat-de-abloy\/","og_locale":"es_ES","og_type":"article","og_title":"Manilla Giratoria BEAT de ABLOY - Osesa","og_description":"Con ella puedes olvidarte de las llaves, ya que te permite acceder desde tu smartphone con la conexi\u00f3n Bluetooth BEAT de ABLOY. Ideal para tableros el\u00e9ctricos, salas de servidores o gabinetes de campo.  Ver ficha t\u00e9cnica","og_url":"https:\/\/osesa.cl\/index.php\/producto\/manilla-giratoria-beat-de-abloy\/","og_site_name":"Osesa","article_modified_time":"2025-10-07T03:44:37+00:00","og_image":[{"width":2500,"height":2500,"url":"https:\/\/osesa.cl\/wp-content\/uploads\/2025\/08\/IMG_6801.jpg","type":"image\/jpeg"}],"twitter_card":"summary_large_image","twitter_misc":{"Tiempo de lectura":"1 minuto"},"schema":{"@context":"https:\/\/schema.org","@graph":[{"@type":"WebPage","@id":"https:\/\/osesa.cl\/index.php\/producto\/manilla-giratoria-beat-de-abloy\/","url":"https:\/\/osesa.cl\/index.php\/producto\/manilla-giratoria-beat-de-abloy\/","name":"Manilla Giratoria BEAT de ABLOY - Osesa","isPartOf":{"@id":"https:\/\/osesa.cl\/#website"},"primaryImageOfPage":{"@id":"https:\/\/osesa.cl\/index.php\/producto\/manilla-giratoria-beat-de-abloy\/#primaryimage"},"image":{"@id":"https:\/\/osesa.cl\/index.php\/producto\/manilla-giratoria-beat-de-abloy\/#primaryimage"},"thumbnailUrl":"https:\/\/osesa.cl\/wp-content\/uploads\/2025\/08\/IMG_6801.jpg","datePublished":"2025-08-19T16:14:20+00:00","dateModified":"2025-10-07T03:44:37+00:00","breadcrumb":{"@id":"https:\/\/osesa.cl\/index.php\/producto\/manilla-giratoria-beat-de-abloy\/#breadcrumb"},"inLanguage":"es","potentialAction":[{"@type":"ReadAction","target":["https:\/\/osesa.cl\/index.php\/producto\/manilla-giratoria-beat-de-abloy\/"]}]},{"@type":"ImageObject","inLanguage":"es","@id":"https:\/\/osesa.cl\/index.php\/producto\/manilla-giratoria-beat-de-abloy\/#primaryimage","url":"https:\/\/osesa.cl\/wp-content\/uploads\/2025\/08\/IMG_6801.jpg","contentUrl":"https:\/\/osesa.cl\/wp-content\/uploads\/2025\/08\/IMG_6801.jpg","width":2500,"height":2500},{"@type":"BreadcrumbList","@id":"https:\/\/osesa.cl\/index.php\/producto\/manilla-giratoria-beat-de-abloy\/#breadcrumb","itemListElement":[{"@type":"ListItem","position":1,"name":"Portada","item":"https:\/\/osesa.cl\/"},{"@type":"ListItem","position":2,"name":"Tienda","item":"https:\/\/osesa.cl\/index.php\/tienda-2\/"},{"@type":"ListItem","position":3,"name":"Manilla Giratoria BEAT de ABLOY"}]},{"@type":"WebSite","@id":"https:\/\/osesa.cl\/#website","url":"https:\/\/osesa.cl\/","name":"Osesa","description":"","potentialAction":[{"@type":"SearchAction","target":{"@type":"EntryPoint","urlTemplate":"https:\/\/osesa.cl\/?s={search_term_string}"},"query-input":{"@type":"PropertyValueSpecification","valueRequired":true,"valueName":"search_term_string"}}],"inLanguage":"es"}]}},"_links":{"self":[{"href":"https:\/\/osesa.cl\/index.php\/wp-json\/wp\/v2\/product\/14801","targetHints":{"allow":["GET"]}}],"collection":[{"href":"https:\/\/osesa.cl\/index.php\/wp-json\/wp\/v2\/product"}],"about":[{"href":"https:\/\/osesa.cl\/index.php\/wp-json\/wp\/v2\/types\/product"}],"wp:featuredmedia":[{"embeddable":true,"href":"https:\/\/osesa.cl\/index.php\/wp-json\/wp\/v2\/media\/14802"}],"wp:attachment":[{"href":"https:\/\/osesa.cl\/index.php\/wp-json\/wp\/v2\/media?parent=14801"}],"wp:term":[{"taxonomy":"product_brand","embeddable":true,"href":"https:\/\/osesa.cl\/index.php\/wp-json\/wp\/v2\/product_brand?post=14801"},{"taxonomy":"product_cat","embeddable":true,"href":"https:\/\/osesa.cl\/index.php\/wp-json\/wp\/v2\/product_cat?post=14801"},{"taxonomy":"product_tag","embeddable":true,"href":"https:\/\/osesa.cl\/index.php\/wp-json\/wp\/v2\/product_tag?post=14801"}],"curies":[{"name":"wp","href":"https:\/\/api.w.org\/{rel}","templated":true}]}}