{"id":9152,"date":"2023-07-28T21:20:49","date_gmt":"2023-07-28T21:20:49","guid":{"rendered":"http:\/\/andesrank.cl\/?product=bloqueo-5ta-rueda-osesa"},"modified":"2025-04-09T04:28:29","modified_gmt":"2025-04-09T04:28:29","slug":"bloqueo-5ta-rueda-osesa","status":"publish","type":"product","link":"https:\/\/osesa.cl\/index.php\/producto\/bloqueo-5ta-rueda-osesa\/","title":{"rendered":"Bloqueo 5ta Rueda OSESA"},"content":{"rendered":"<p>El bloqueo de quinta rueda es un dispositivo que se utiliza para evitar que se desenganche el remolque de un tractocami\u00f3n sin autorizaci\u00f3n. Se trata de un accesorio de seguridad que previene el robo de mercanc\u00edas en tr\u00e1nsito. El bloqueo de quinta rueda funciona bloqueando el perno rey, que es la pieza que une el semi-remolque al tractocami\u00f3n. Algunos de los beneficios del bloqueo de quinta rueda son: Evitar el robo de mercanc\u00edas, Asegurar la carga durante el transporte, Mejorar la seguridad del tractocami\u00f3n.<\/p>\n","protected":false},"excerpt":{"rendered":"<p>Soluci\u00f3n de bloqueo 5ta Rueda desarrollada por OSESA<\/p>\n<p><a class=\"ficha-desc\" href=\"https:\/\/osesa.cl\/wp-content\/uploads\/2023\/03\/OS5R01.pdf\" target=\"_blank\" rel=\"noopener\">Ver ficha t\u00e9cnica<\/a><\/p>\n","protected":false},"featured_media":8405,"template":"","meta":{"_joinchat":[]},"product_brand":[],"product_cat":[130,128],"product_tag":[],"class_list":{"0":"post-9152","1":"product","2":"type-product","3":"status-publish","4":"has-post-thumbnail","6":"product_cat-desarrollo-osesa","7":"product_cat-osesa","9":"first","10":"instock","11":"shipping-taxable","12":"product-type-simple"},"yoast_head":"<!-- This site is optimized with the Yoast SEO plugin v24.9 - https:\/\/yoast.com\/wordpress\/plugins\/seo\/ -->\n<title>Bloqueo 5ta Rueda OSESA - Osesa<\/title>\n<meta name=\"robots\" content=\"index, follow, max-snippet:-1, max-image-preview:large, max-video-preview:-1\" \/>\n<link rel=\"canonical\" href=\"https:\/\/osesa.cl\/index.php\/producto\/bloqueo-5ta-rueda-osesa\/\" \/>\n<meta property=\"og:locale\" content=\"es_ES\" \/>\n<meta property=\"og:type\" content=\"article\" \/>\n<meta property=\"og:title\" content=\"Bloqueo 5ta Rueda OSESA - Osesa\" \/>\n<meta property=\"og:description\" content=\"Soluci\u00f3n de bloqueo 5ta Rueda desarrollada por OSESA Ver ficha t\u00e9cnica\" \/>\n<meta property=\"og:url\" content=\"https:\/\/osesa.cl\/index.php\/producto\/bloqueo-5ta-rueda-osesa\/\" \/>\n<meta property=\"og:site_name\" content=\"Osesa\" \/>\n<meta property=\"article:modified_time\" content=\"2025-04-09T04:28:29+00:00\" \/>\n<meta property=\"og:image\" content=\"https:\/\/osesa.cl\/wp-content\/uploads\/2023\/03\/OS5R01-scaled.jpg\" \/>\n\t<meta property=\"og:image:width\" content=\"2560\" \/>\n\t<meta property=\"og:image:height\" content=\"2560\" \/>\n\t<meta property=\"og:image:type\" content=\"image\/jpeg\" \/>\n<meta name=\"twitter:card\" content=\"summary_large_image\" \/>\n<meta name=\"twitter:label1\" content=\"Tiempo de lectura\" \/>\n\t<meta name=\"twitter:data1\" content=\"1 minuto\" \/>\n<script type=\"application\/ld+json\" class=\"yoast-schema-graph\">{\"@context\":\"https:\/\/schema.org\",\"@graph\":[{\"@type\":\"WebPage\",\"@id\":\"https:\/\/osesa.cl\/index.php\/producto\/bloqueo-5ta-rueda-osesa\/\",\"url\":\"https:\/\/osesa.cl\/index.php\/producto\/bloqueo-5ta-rueda-osesa\/\",\"name\":\"Bloqueo 5ta Rueda OSESA - Osesa\",\"isPartOf\":{\"@id\":\"https:\/\/osesa.cl\/#website\"},\"primaryImageOfPage\":{\"@id\":\"https:\/\/osesa.cl\/index.php\/producto\/bloqueo-5ta-rueda-osesa\/#primaryimage\"},\"image\":{\"@id\":\"https:\/\/osesa.cl\/index.php\/producto\/bloqueo-5ta-rueda-osesa\/#primaryimage\"},\"thumbnailUrl\":\"https:\/\/osesa.cl\/wp-content\/uploads\/2023\/03\/OS5R01-scaled.jpg\",\"datePublished\":\"2023-07-28T21:20:49+00:00\",\"dateModified\":\"2025-04-09T04:28:29+00:00\",\"breadcrumb\":{\"@id\":\"https:\/\/osesa.cl\/index.php\/producto\/bloqueo-5ta-rueda-osesa\/#breadcrumb\"},\"inLanguage\":\"es\",\"potentialAction\":[{\"@type\":\"ReadAction\",\"target\":[\"https:\/\/osesa.cl\/index.php\/producto\/bloqueo-5ta-rueda-osesa\/\"]}]},{\"@type\":\"ImageObject\",\"inLanguage\":\"es\",\"@id\":\"https:\/\/osesa.cl\/index.php\/producto\/bloqueo-5ta-rueda-osesa\/#primaryimage\",\"url\":\"https:\/\/osesa.cl\/wp-content\/uploads\/2023\/03\/OS5R01-scaled.jpg\",\"contentUrl\":\"https:\/\/osesa.cl\/wp-content\/uploads\/2023\/03\/OS5R01-scaled.jpg\",\"width\":2560,\"height\":2560},{\"@type\":\"BreadcrumbList\",\"@id\":\"https:\/\/osesa.cl\/index.php\/producto\/bloqueo-5ta-rueda-osesa\/#breadcrumb\",\"itemListElement\":[{\"@type\":\"ListItem\",\"position\":1,\"name\":\"Portada\",\"item\":\"https:\/\/osesa.cl\/\"},{\"@type\":\"ListItem\",\"position\":2,\"name\":\"Tienda\",\"item\":\"https:\/\/osesa.cl\/index.php\/tienda-2\/\"},{\"@type\":\"ListItem\",\"position\":3,\"name\":\"Bloqueo 5ta Rueda OSESA\"}]},{\"@type\":\"WebSite\",\"@id\":\"https:\/\/osesa.cl\/#website\",\"url\":\"https:\/\/osesa.cl\/\",\"name\":\"Osesa\",\"description\":\"\",\"potentialAction\":[{\"@type\":\"SearchAction\",\"target\":{\"@type\":\"EntryPoint\",\"urlTemplate\":\"https:\/\/osesa.cl\/?s={search_term_string}\"},\"query-input\":{\"@type\":\"PropertyValueSpecification\",\"valueRequired\":true,\"valueName\":\"search_term_string\"}}],\"inLanguage\":\"es\"}]}<\/script>\n<!-- \/ Yoast SEO plugin. -->","yoast_head_json":{"title":"Bloqueo 5ta Rueda OSESA - Osesa","robots":{"index":"index","follow":"follow","max-snippet":"max-snippet:-1","max-image-preview":"max-image-preview:large","max-video-preview":"max-video-preview:-1"},"canonical":"https:\/\/osesa.cl\/index.php\/producto\/bloqueo-5ta-rueda-osesa\/","og_locale":"es_ES","og_type":"article","og_title":"Bloqueo 5ta Rueda OSESA - Osesa","og_description":"Soluci\u00f3n de bloqueo 5ta Rueda desarrollada por OSESA Ver ficha t\u00e9cnica","og_url":"https:\/\/osesa.cl\/index.php\/producto\/bloqueo-5ta-rueda-osesa\/","og_site_name":"Osesa","article_modified_time":"2025-04-09T04:28:29+00:00","og_image":[{"width":2560,"height":2560,"url":"https:\/\/osesa.cl\/wp-content\/uploads\/2023\/03\/OS5R01-scaled.jpg","type":"image\/jpeg"}],"twitter_card":"summary_large_image","twitter_misc":{"Tiempo de lectura":"1 minuto"},"schema":{"@context":"https:\/\/schema.org","@graph":[{"@type":"WebPage","@id":"https:\/\/osesa.cl\/index.php\/producto\/bloqueo-5ta-rueda-osesa\/","url":"https:\/\/osesa.cl\/index.php\/producto\/bloqueo-5ta-rueda-osesa\/","name":"Bloqueo 5ta Rueda OSESA - Osesa","isPartOf":{"@id":"https:\/\/osesa.cl\/#website"},"primaryImageOfPage":{"@id":"https:\/\/osesa.cl\/index.php\/producto\/bloqueo-5ta-rueda-osesa\/#primaryimage"},"image":{"@id":"https:\/\/osesa.cl\/index.php\/producto\/bloqueo-5ta-rueda-osesa\/#primaryimage"},"thumbnailUrl":"https:\/\/osesa.cl\/wp-content\/uploads\/2023\/03\/OS5R01-scaled.jpg","datePublished":"2023-07-28T21:20:49+00:00","dateModified":"2025-04-09T04:28:29+00:00","breadcrumb":{"@id":"https:\/\/osesa.cl\/index.php\/producto\/bloqueo-5ta-rueda-osesa\/#breadcrumb"},"inLanguage":"es","potentialAction":[{"@type":"ReadAction","target":["https:\/\/osesa.cl\/index.php\/producto\/bloqueo-5ta-rueda-osesa\/"]}]},{"@type":"ImageObject","inLanguage":"es","@id":"https:\/\/osesa.cl\/index.php\/producto\/bloqueo-5ta-rueda-osesa\/#primaryimage","url":"https:\/\/osesa.cl\/wp-content\/uploads\/2023\/03\/OS5R01-scaled.jpg","contentUrl":"https:\/\/osesa.cl\/wp-content\/uploads\/2023\/03\/OS5R01-scaled.jpg","width":2560,"height":2560},{"@type":"BreadcrumbList","@id":"https:\/\/osesa.cl\/index.php\/producto\/bloqueo-5ta-rueda-osesa\/#breadcrumb","itemListElement":[{"@type":"ListItem","position":1,"name":"Portada","item":"https:\/\/osesa.cl\/"},{"@type":"ListItem","position":2,"name":"Tienda","item":"https:\/\/osesa.cl\/index.php\/tienda-2\/"},{"@type":"ListItem","position":3,"name":"Bloqueo 5ta Rueda OSESA"}]},{"@type":"WebSite","@id":"https:\/\/osesa.cl\/#website","url":"https:\/\/osesa.cl\/","name":"Osesa","description":"","potentialAction":[{"@type":"SearchAction","target":{"@type":"EntryPoint","urlTemplate":"https:\/\/osesa.cl\/?s={search_term_string}"},"query-input":{"@type":"PropertyValueSpecification","valueRequired":true,"valueName":"search_term_string"}}],"inLanguage":"es"}]}},"_links":{"self":[{"href":"https:\/\/osesa.cl\/index.php\/wp-json\/wp\/v2\/product\/9152","targetHints":{"allow":["GET"]}}],"collection":[{"href":"https:\/\/osesa.cl\/index.php\/wp-json\/wp\/v2\/product"}],"about":[{"href":"https:\/\/osesa.cl\/index.php\/wp-json\/wp\/v2\/types\/product"}],"wp:featuredmedia":[{"embeddable":true,"href":"https:\/\/osesa.cl\/index.php\/wp-json\/wp\/v2\/media\/8405"}],"wp:attachment":[{"href":"https:\/\/osesa.cl\/index.php\/wp-json\/wp\/v2\/media?parent=9152"}],"wp:term":[{"taxonomy":"product_brand","embeddable":true,"href":"https:\/\/osesa.cl\/index.php\/wp-json\/wp\/v2\/product_brand?post=9152"},{"taxonomy":"product_cat","embeddable":true,"href":"https:\/\/osesa.cl\/index.php\/wp-json\/wp\/v2\/product_cat?post=9152"},{"taxonomy":"product_tag","embeddable":true,"href":"https:\/\/osesa.cl\/index.php\/wp-json\/wp\/v2\/product_tag?post=9152"}],"curies":[{"name":"wp","href":"https:\/\/api.w.org\/{rel}","templated":true}]}}