{"id":9157,"date":"2023-07-28T21:20:50","date_gmt":"2023-07-28T21:20:50","guid":{"rendered":"http:\/\/andesrank.cl\/?product=cable-abloy-ea219"},"modified":"2025-04-09T04:28:34","modified_gmt":"2025-04-09T04:28:34","slug":"cable-abloy-ea219","status":"publish","type":"product","link":"https:\/\/osesa.cl\/index.php\/producto\/cable-abloy-ea219\/","title":{"rendered":"Cable ABLOY EA219"},"content":{"rendered":"<p>Cable de conexi\u00f3n de alta calidad dise\u00f1ado para integrar cerraduras motorizadas ABLOY, como los modelos EL420, EL460, EL520 y EL560, con sistemas de control de acceso. Con una longitud de 10 metros, este cable ha sido probado para garantizar una durabilidad de hasta 200,000 ciclos de apertura, asegurando una transmisi\u00f3n de se\u00f1ales y energ\u00eda confiable en aplicaciones de seguridad exigentes.<\/p>\n","protected":false},"excerpt":{"rendered":"<p>CABLE CONEXION 10M MOD. EA219 ABLOY<\/p>\n","protected":false},"featured_media":9158,"template":"","meta":{"_joinchat":[]},"product_brand":[],"product_cat":[48],"product_tag":[],"class_list":{"0":"post-9157","1":"product","2":"type-product","3":"status-publish","4":"has-post-thumbnail","6":"product_cat-abloy","8":"first","9":"instock","10":"shipping-taxable","11":"product-type-simple"},"yoast_head":"<!-- This site is optimized with the Yoast SEO plugin v24.9 - https:\/\/yoast.com\/wordpress\/plugins\/seo\/ -->\n<title>Cable ABLOY EA219 - Osesa<\/title>\n<meta name=\"robots\" content=\"index, follow, max-snippet:-1, max-image-preview:large, max-video-preview:-1\" \/>\n<link rel=\"canonical\" href=\"https:\/\/osesa.cl\/index.php\/producto\/cable-abloy-ea219\/\" \/>\n<meta property=\"og:locale\" content=\"es_ES\" \/>\n<meta property=\"og:type\" content=\"article\" \/>\n<meta property=\"og:title\" content=\"Cable ABLOY EA219 - Osesa\" \/>\n<meta property=\"og:description\" content=\"CABLE CONEXION 10M MOD. EA219 ABLOY\" \/>\n<meta property=\"og:url\" content=\"https:\/\/osesa.cl\/index.php\/producto\/cable-abloy-ea219\/\" \/>\n<meta property=\"og:site_name\" content=\"Osesa\" \/>\n<meta property=\"article:modified_time\" content=\"2025-04-09T04:28:34+00:00\" \/>\n<meta property=\"og:image\" content=\"https:\/\/osesa.cl\/wp-content\/uploads\/2023\/07\/EA219.jpg\" \/>\n\t<meta property=\"og:image:width\" content=\"1000\" \/>\n\t<meta property=\"og:image:height\" content=\"1000\" \/>\n\t<meta property=\"og:image:type\" content=\"image\/jpeg\" \/>\n<meta name=\"twitter:card\" content=\"summary_large_image\" \/>\n<script type=\"application\/ld+json\" class=\"yoast-schema-graph\">{\"@context\":\"https:\/\/schema.org\",\"@graph\":[{\"@type\":\"WebPage\",\"@id\":\"https:\/\/osesa.cl\/index.php\/producto\/cable-abloy-ea219\/\",\"url\":\"https:\/\/osesa.cl\/index.php\/producto\/cable-abloy-ea219\/\",\"name\":\"Cable ABLOY EA219 - Osesa\",\"isPartOf\":{\"@id\":\"https:\/\/osesa.cl\/#website\"},\"primaryImageOfPage\":{\"@id\":\"https:\/\/osesa.cl\/index.php\/producto\/cable-abloy-ea219\/#primaryimage\"},\"image\":{\"@id\":\"https:\/\/osesa.cl\/index.php\/producto\/cable-abloy-ea219\/#primaryimage\"},\"thumbnailUrl\":\"https:\/\/osesa.cl\/wp-content\/uploads\/2023\/07\/EA219.jpg\",\"datePublished\":\"2023-07-28T21:20:50+00:00\",\"dateModified\":\"2025-04-09T04:28:34+00:00\",\"breadcrumb\":{\"@id\":\"https:\/\/osesa.cl\/index.php\/producto\/cable-abloy-ea219\/#breadcrumb\"},\"inLanguage\":\"es\",\"potentialAction\":[{\"@type\":\"ReadAction\",\"target\":[\"https:\/\/osesa.cl\/index.php\/producto\/cable-abloy-ea219\/\"]}]},{\"@type\":\"ImageObject\",\"inLanguage\":\"es\",\"@id\":\"https:\/\/osesa.cl\/index.php\/producto\/cable-abloy-ea219\/#primaryimage\",\"url\":\"https:\/\/osesa.cl\/wp-content\/uploads\/2023\/07\/EA219.jpg\",\"contentUrl\":\"https:\/\/osesa.cl\/wp-content\/uploads\/2023\/07\/EA219.jpg\",\"width\":1000,\"height\":1000},{\"@type\":\"BreadcrumbList\",\"@id\":\"https:\/\/osesa.cl\/index.php\/producto\/cable-abloy-ea219\/#breadcrumb\",\"itemListElement\":[{\"@type\":\"ListItem\",\"position\":1,\"name\":\"Portada\",\"item\":\"https:\/\/osesa.cl\/\"},{\"@type\":\"ListItem\",\"position\":2,\"name\":\"Tienda\",\"item\":\"https:\/\/osesa.cl\/index.php\/tienda-2\/\"},{\"@type\":\"ListItem\",\"position\":3,\"name\":\"Cable ABLOY EA219\"}]},{\"@type\":\"WebSite\",\"@id\":\"https:\/\/osesa.cl\/#website\",\"url\":\"https:\/\/osesa.cl\/\",\"name\":\"Osesa\",\"description\":\"\",\"potentialAction\":[{\"@type\":\"SearchAction\",\"target\":{\"@type\":\"EntryPoint\",\"urlTemplate\":\"https:\/\/osesa.cl\/?s={search_term_string}\"},\"query-input\":{\"@type\":\"PropertyValueSpecification\",\"valueRequired\":true,\"valueName\":\"search_term_string\"}}],\"inLanguage\":\"es\"}]}<\/script>\n<!-- \/ Yoast SEO plugin. -->","yoast_head_json":{"title":"Cable ABLOY EA219 - Osesa","robots":{"index":"index","follow":"follow","max-snippet":"max-snippet:-1","max-image-preview":"max-image-preview:large","max-video-preview":"max-video-preview:-1"},"canonical":"https:\/\/osesa.cl\/index.php\/producto\/cable-abloy-ea219\/","og_locale":"es_ES","og_type":"article","og_title":"Cable ABLOY EA219 - Osesa","og_description":"CABLE CONEXION 10M MOD. EA219 ABLOY","og_url":"https:\/\/osesa.cl\/index.php\/producto\/cable-abloy-ea219\/","og_site_name":"Osesa","article_modified_time":"2025-04-09T04:28:34+00:00","og_image":[{"width":1000,"height":1000,"url":"https:\/\/osesa.cl\/wp-content\/uploads\/2023\/07\/EA219.jpg","type":"image\/jpeg"}],"twitter_card":"summary_large_image","schema":{"@context":"https:\/\/schema.org","@graph":[{"@type":"WebPage","@id":"https:\/\/osesa.cl\/index.php\/producto\/cable-abloy-ea219\/","url":"https:\/\/osesa.cl\/index.php\/producto\/cable-abloy-ea219\/","name":"Cable ABLOY EA219 - Osesa","isPartOf":{"@id":"https:\/\/osesa.cl\/#website"},"primaryImageOfPage":{"@id":"https:\/\/osesa.cl\/index.php\/producto\/cable-abloy-ea219\/#primaryimage"},"image":{"@id":"https:\/\/osesa.cl\/index.php\/producto\/cable-abloy-ea219\/#primaryimage"},"thumbnailUrl":"https:\/\/osesa.cl\/wp-content\/uploads\/2023\/07\/EA219.jpg","datePublished":"2023-07-28T21:20:50+00:00","dateModified":"2025-04-09T04:28:34+00:00","breadcrumb":{"@id":"https:\/\/osesa.cl\/index.php\/producto\/cable-abloy-ea219\/#breadcrumb"},"inLanguage":"es","potentialAction":[{"@type":"ReadAction","target":["https:\/\/osesa.cl\/index.php\/producto\/cable-abloy-ea219\/"]}]},{"@type":"ImageObject","inLanguage":"es","@id":"https:\/\/osesa.cl\/index.php\/producto\/cable-abloy-ea219\/#primaryimage","url":"https:\/\/osesa.cl\/wp-content\/uploads\/2023\/07\/EA219.jpg","contentUrl":"https:\/\/osesa.cl\/wp-content\/uploads\/2023\/07\/EA219.jpg","width":1000,"height":1000},{"@type":"BreadcrumbList","@id":"https:\/\/osesa.cl\/index.php\/producto\/cable-abloy-ea219\/#breadcrumb","itemListElement":[{"@type":"ListItem","position":1,"name":"Portada","item":"https:\/\/osesa.cl\/"},{"@type":"ListItem","position":2,"name":"Tienda","item":"https:\/\/osesa.cl\/index.php\/tienda-2\/"},{"@type":"ListItem","position":3,"name":"Cable ABLOY EA219"}]},{"@type":"WebSite","@id":"https:\/\/osesa.cl\/#website","url":"https:\/\/osesa.cl\/","name":"Osesa","description":"","potentialAction":[{"@type":"SearchAction","target":{"@type":"EntryPoint","urlTemplate":"https:\/\/osesa.cl\/?s={search_term_string}"},"query-input":{"@type":"PropertyValueSpecification","valueRequired":true,"valueName":"search_term_string"}}],"inLanguage":"es"}]}},"_links":{"self":[{"href":"https:\/\/osesa.cl\/index.php\/wp-json\/wp\/v2\/product\/9157","targetHints":{"allow":["GET"]}}],"collection":[{"href":"https:\/\/osesa.cl\/index.php\/wp-json\/wp\/v2\/product"}],"about":[{"href":"https:\/\/osesa.cl\/index.php\/wp-json\/wp\/v2\/types\/product"}],"wp:featuredmedia":[{"embeddable":true,"href":"https:\/\/osesa.cl\/index.php\/wp-json\/wp\/v2\/media\/9158"}],"wp:attachment":[{"href":"https:\/\/osesa.cl\/index.php\/wp-json\/wp\/v2\/media?parent=9157"}],"wp:term":[{"taxonomy":"product_brand","embeddable":true,"href":"https:\/\/osesa.cl\/index.php\/wp-json\/wp\/v2\/product_brand?post=9157"},{"taxonomy":"product_cat","embeddable":true,"href":"https:\/\/osesa.cl\/index.php\/wp-json\/wp\/v2\/product_cat?post=9157"},{"taxonomy":"product_tag","embeddable":true,"href":"https:\/\/osesa.cl\/index.php\/wp-json\/wp\/v2\/product_tag?post=9157"}],"curies":[{"name":"wp","href":"https:\/\/api.w.org\/{rel}","templated":true}]}}