{"id":9162,"date":"2023-07-28T21:20:53","date_gmt":"2023-07-28T21:20:53","guid":{"rendered":"http:\/\/andesrank.cl\/?product=candado-electromecanico-swp-pllw330-cliq-abloy"},"modified":"2025-04-09T04:28:38","modified_gmt":"2025-04-09T04:28:38","slug":"candado-electromecanico-swp-pllw330-cliq-abloy","status":"publish","type":"product","link":"https:\/\/osesa.cl\/index.php\/producto\/candado-electromecanico-swp-pllw330-cliq-abloy\/","title":{"rendered":"Candado Electromec\u00e1nico SWP\/PLLW330 CLIQ ABLOY"},"content":{"rendered":"<p>El candado electromec\u00e1nico ABLOY SWP\/PLLW330 CLIQ es una soluci\u00f3n de alta seguridad que forma parte del sistema ABLOY PROTEC CLIQ REMOTE. Dise\u00f1ado para aplicaciones que requieren un control preciso del acceso, permite la actualizaci\u00f3n remota de permisos a trav\u00e9s de una plataforma online, sin necesidad de que el propietario est\u00e9 presente. Cuenta con certificaci\u00f3n europea seg\u00fan la norma de seguridad EN12320, Grado 3, lo que garantiza su resistencia y fiabilidad. Su construcci\u00f3n robusta lo hace ideal para entornos exigentes donde la gesti\u00f3n flexible y segura de accesos es crucial.<\/p>\n","protected":false},"excerpt":{"rendered":"<p>Candado ABLOY para condiciones extremas de clima, Grado 3 con CCAA<\/p>\n<p><a class=\"ficha-desc\" href=\"https:\/\/osesa.cl\/wp-content\/uploads\/2023\/03\/SWPPLLW330.pdf\" target=\"_blank\" rel=\"noopener\">Ver ficha t\u00e9cnica<\/a><\/p>\n","protected":false},"featured_media":9163,"template":"","meta":{"_joinchat":[]},"product_brand":[],"product_cat":[48,197,97,172],"product_tag":[],"class_list":{"0":"post-9162","1":"product","2":"type-product","3":"status-publish","4":"has-post-thumbnail","6":"product_cat-abloy","7":"product_cat-candado-electromecanico","8":"product_cat-candados-abloy","9":"product_cat-cliq-candados-abloy","11":"first","12":"instock","13":"shipping-taxable","14":"product-type-simple"},"yoast_head":"<!-- This site is optimized with the Yoast SEO plugin v24.9 - https:\/\/yoast.com\/wordpress\/plugins\/seo\/ -->\n<title>Candado Electromec\u00e1nico SWP\/PLLW330 CLIQ ABLOY - Osesa<\/title>\n<meta name=\"robots\" content=\"index, follow, max-snippet:-1, max-image-preview:large, max-video-preview:-1\" \/>\n<link rel=\"canonical\" href=\"https:\/\/osesa.cl\/index.php\/producto\/candado-electromecanico-swp-pllw330-cliq-abloy\/\" \/>\n<meta property=\"og:locale\" content=\"es_ES\" \/>\n<meta property=\"og:type\" content=\"article\" \/>\n<meta property=\"og:title\" content=\"Candado Electromec\u00e1nico SWP\/PLLW330 CLIQ ABLOY - Osesa\" \/>\n<meta property=\"og:description\" content=\"Candado ABLOY para condiciones extremas de clima, Grado 3 con CCAA Ver ficha t\u00e9cnica\" \/>\n<meta property=\"og:url\" content=\"https:\/\/osesa.cl\/index.php\/producto\/candado-electromecanico-swp-pllw330-cliq-abloy\/\" \/>\n<meta property=\"og:site_name\" content=\"Osesa\" \/>\n<meta property=\"article:modified_time\" content=\"2025-04-09T04:28:38+00:00\" \/>\n<meta property=\"og:image\" content=\"https:\/\/osesa.cl\/wp-content\/uploads\/2023\/07\/SWPPLLW330-scaled.jpg\" \/>\n\t<meta property=\"og:image:width\" content=\"2560\" \/>\n\t<meta property=\"og:image:height\" content=\"2560\" \/>\n\t<meta property=\"og:image:type\" content=\"image\/jpeg\" \/>\n<meta name=\"twitter:card\" content=\"summary_large_image\" \/>\n<meta name=\"twitter:label1\" content=\"Tiempo de lectura\" \/>\n\t<meta name=\"twitter:data1\" content=\"1 minuto\" \/>\n<script type=\"application\/ld+json\" class=\"yoast-schema-graph\">{\"@context\":\"https:\/\/schema.org\",\"@graph\":[{\"@type\":\"WebPage\",\"@id\":\"https:\/\/osesa.cl\/index.php\/producto\/candado-electromecanico-swp-pllw330-cliq-abloy\/\",\"url\":\"https:\/\/osesa.cl\/index.php\/producto\/candado-electromecanico-swp-pllw330-cliq-abloy\/\",\"name\":\"Candado Electromec\u00e1nico SWP\/PLLW330 CLIQ ABLOY - Osesa\",\"isPartOf\":{\"@id\":\"https:\/\/osesa.cl\/#website\"},\"primaryImageOfPage\":{\"@id\":\"https:\/\/osesa.cl\/index.php\/producto\/candado-electromecanico-swp-pllw330-cliq-abloy\/#primaryimage\"},\"image\":{\"@id\":\"https:\/\/osesa.cl\/index.php\/producto\/candado-electromecanico-swp-pllw330-cliq-abloy\/#primaryimage\"},\"thumbnailUrl\":\"https:\/\/osesa.cl\/wp-content\/uploads\/2023\/07\/SWPPLLW330-scaled.jpg\",\"datePublished\":\"2023-07-28T21:20:53+00:00\",\"dateModified\":\"2025-04-09T04:28:38+00:00\",\"breadcrumb\":{\"@id\":\"https:\/\/osesa.cl\/index.php\/producto\/candado-electromecanico-swp-pllw330-cliq-abloy\/#breadcrumb\"},\"inLanguage\":\"es\",\"potentialAction\":[{\"@type\":\"ReadAction\",\"target\":[\"https:\/\/osesa.cl\/index.php\/producto\/candado-electromecanico-swp-pllw330-cliq-abloy\/\"]}]},{\"@type\":\"ImageObject\",\"inLanguage\":\"es\",\"@id\":\"https:\/\/osesa.cl\/index.php\/producto\/candado-electromecanico-swp-pllw330-cliq-abloy\/#primaryimage\",\"url\":\"https:\/\/osesa.cl\/wp-content\/uploads\/2023\/07\/SWPPLLW330-scaled.jpg\",\"contentUrl\":\"https:\/\/osesa.cl\/wp-content\/uploads\/2023\/07\/SWPPLLW330-scaled.jpg\",\"width\":2560,\"height\":2560},{\"@type\":\"BreadcrumbList\",\"@id\":\"https:\/\/osesa.cl\/index.php\/producto\/candado-electromecanico-swp-pllw330-cliq-abloy\/#breadcrumb\",\"itemListElement\":[{\"@type\":\"ListItem\",\"position\":1,\"name\":\"Portada\",\"item\":\"https:\/\/osesa.cl\/\"},{\"@type\":\"ListItem\",\"position\":2,\"name\":\"Tienda\",\"item\":\"https:\/\/osesa.cl\/index.php\/tienda-2\/\"},{\"@type\":\"ListItem\",\"position\":3,\"name\":\"Candado Electromec\u00e1nico SWP\/PLLW330 CLIQ ABLOY\"}]},{\"@type\":\"WebSite\",\"@id\":\"https:\/\/osesa.cl\/#website\",\"url\":\"https:\/\/osesa.cl\/\",\"name\":\"Osesa\",\"description\":\"\",\"potentialAction\":[{\"@type\":\"SearchAction\",\"target\":{\"@type\":\"EntryPoint\",\"urlTemplate\":\"https:\/\/osesa.cl\/?s={search_term_string}\"},\"query-input\":{\"@type\":\"PropertyValueSpecification\",\"valueRequired\":true,\"valueName\":\"search_term_string\"}}],\"inLanguage\":\"es\"}]}<\/script>\n<!-- \/ Yoast SEO plugin. -->","yoast_head_json":{"title":"Candado Electromec\u00e1nico SWP\/PLLW330 CLIQ ABLOY - Osesa","robots":{"index":"index","follow":"follow","max-snippet":"max-snippet:-1","max-image-preview":"max-image-preview:large","max-video-preview":"max-video-preview:-1"},"canonical":"https:\/\/osesa.cl\/index.php\/producto\/candado-electromecanico-swp-pllw330-cliq-abloy\/","og_locale":"es_ES","og_type":"article","og_title":"Candado Electromec\u00e1nico SWP\/PLLW330 CLIQ ABLOY - Osesa","og_description":"Candado ABLOY para condiciones extremas de clima, Grado 3 con CCAA Ver ficha t\u00e9cnica","og_url":"https:\/\/osesa.cl\/index.php\/producto\/candado-electromecanico-swp-pllw330-cliq-abloy\/","og_site_name":"Osesa","article_modified_time":"2025-04-09T04:28:38+00:00","og_image":[{"width":2560,"height":2560,"url":"https:\/\/osesa.cl\/wp-content\/uploads\/2023\/07\/SWPPLLW330-scaled.jpg","type":"image\/jpeg"}],"twitter_card":"summary_large_image","twitter_misc":{"Tiempo de lectura":"1 minuto"},"schema":{"@context":"https:\/\/schema.org","@graph":[{"@type":"WebPage","@id":"https:\/\/osesa.cl\/index.php\/producto\/candado-electromecanico-swp-pllw330-cliq-abloy\/","url":"https:\/\/osesa.cl\/index.php\/producto\/candado-electromecanico-swp-pllw330-cliq-abloy\/","name":"Candado Electromec\u00e1nico SWP\/PLLW330 CLIQ ABLOY - Osesa","isPartOf":{"@id":"https:\/\/osesa.cl\/#website"},"primaryImageOfPage":{"@id":"https:\/\/osesa.cl\/index.php\/producto\/candado-electromecanico-swp-pllw330-cliq-abloy\/#primaryimage"},"image":{"@id":"https:\/\/osesa.cl\/index.php\/producto\/candado-electromecanico-swp-pllw330-cliq-abloy\/#primaryimage"},"thumbnailUrl":"https:\/\/osesa.cl\/wp-content\/uploads\/2023\/07\/SWPPLLW330-scaled.jpg","datePublished":"2023-07-28T21:20:53+00:00","dateModified":"2025-04-09T04:28:38+00:00","breadcrumb":{"@id":"https:\/\/osesa.cl\/index.php\/producto\/candado-electromecanico-swp-pllw330-cliq-abloy\/#breadcrumb"},"inLanguage":"es","potentialAction":[{"@type":"ReadAction","target":["https:\/\/osesa.cl\/index.php\/producto\/candado-electromecanico-swp-pllw330-cliq-abloy\/"]}]},{"@type":"ImageObject","inLanguage":"es","@id":"https:\/\/osesa.cl\/index.php\/producto\/candado-electromecanico-swp-pllw330-cliq-abloy\/#primaryimage","url":"https:\/\/osesa.cl\/wp-content\/uploads\/2023\/07\/SWPPLLW330-scaled.jpg","contentUrl":"https:\/\/osesa.cl\/wp-content\/uploads\/2023\/07\/SWPPLLW330-scaled.jpg","width":2560,"height":2560},{"@type":"BreadcrumbList","@id":"https:\/\/osesa.cl\/index.php\/producto\/candado-electromecanico-swp-pllw330-cliq-abloy\/#breadcrumb","itemListElement":[{"@type":"ListItem","position":1,"name":"Portada","item":"https:\/\/osesa.cl\/"},{"@type":"ListItem","position":2,"name":"Tienda","item":"https:\/\/osesa.cl\/index.php\/tienda-2\/"},{"@type":"ListItem","position":3,"name":"Candado Electromec\u00e1nico SWP\/PLLW330 CLIQ ABLOY"}]},{"@type":"WebSite","@id":"https:\/\/osesa.cl\/#website","url":"https:\/\/osesa.cl\/","name":"Osesa","description":"","potentialAction":[{"@type":"SearchAction","target":{"@type":"EntryPoint","urlTemplate":"https:\/\/osesa.cl\/?s={search_term_string}"},"query-input":{"@type":"PropertyValueSpecification","valueRequired":true,"valueName":"search_term_string"}}],"inLanguage":"es"}]}},"_links":{"self":[{"href":"https:\/\/osesa.cl\/index.php\/wp-json\/wp\/v2\/product\/9162","targetHints":{"allow":["GET"]}}],"collection":[{"href":"https:\/\/osesa.cl\/index.php\/wp-json\/wp\/v2\/product"}],"about":[{"href":"https:\/\/osesa.cl\/index.php\/wp-json\/wp\/v2\/types\/product"}],"wp:featuredmedia":[{"embeddable":true,"href":"https:\/\/osesa.cl\/index.php\/wp-json\/wp\/v2\/media\/9163"}],"wp:attachment":[{"href":"https:\/\/osesa.cl\/index.php\/wp-json\/wp\/v2\/media?parent=9162"}],"wp:term":[{"taxonomy":"product_brand","embeddable":true,"href":"https:\/\/osesa.cl\/index.php\/wp-json\/wp\/v2\/product_brand?post=9162"},{"taxonomy":"product_cat","embeddable":true,"href":"https:\/\/osesa.cl\/index.php\/wp-json\/wp\/v2\/product_cat?post=9162"},{"taxonomy":"product_tag","embeddable":true,"href":"https:\/\/osesa.cl\/index.php\/wp-json\/wp\/v2\/product_tag?post=9162"}],"curies":[{"name":"wp","href":"https:\/\/api.w.org\/{rel}","templated":true}]}}