{"id":9172,"date":"2023-07-28T21:20:54","date_gmt":"2023-07-28T21:20:54","guid":{"rendered":"http:\/\/andesrank.cl\/?product=candado-mecanico-pl321-sentry-abloy"},"modified":"2025-04-09T04:28:45","modified_gmt":"2025-04-09T04:28:45","slug":"candado-mecanico-pl321-sentry-abloy","status":"publish","type":"product","link":"https:\/\/osesa.cl\/index.php\/producto\/candado-mecanico-pl321-sentry-abloy\/","title":{"rendered":"Candado Mecanico PL321 Sentry ABLOY"},"content":{"rendered":"<p>El candado mec\u00e1nico ABLOY\u00ae PL321 Sentry es una soluci\u00f3n de seguridad compacta y robusta, dise\u00f1ada para aplicaciones que requieren protecci\u00f3n confiable en espacios reducidos. Fabricado con un cuerpo de lat\u00f3n s\u00f3lido y un arco de acero inoxidable endurecido, este candado ofrece una resistencia excepcional a la corrosi\u00f3n y a los intentos de manipulaci\u00f3n. Su dise\u00f1o compacto lo hace ideal para asegurar equipaje, herramientas, taquillas y otros objetos de valor. Adem\u00e1s, cuenta con una certificaci\u00f3n EN12320 Grado 2, garantizando un nivel adecuado de seguridad para una amplia gama de aplicaciones. La llave reversible y las opciones de amaestramiento disponibles a\u00f1aden versatilidad y conveniencia, adapt\u00e1ndose a diversas necesidades de seguridad.<\/p>\n","protected":false},"excerpt":{"rendered":"<p>Candado Mec\u00e1nico ABLOY Sentry Grado 2<\/p>\n<p><a class=\"ficha-desc\" href=\"https:\/\/osesa.cl\/wp-content\/uploads\/2023\/03\/FichaPL321.pdf\" rel=\"noopener\" target=\"_blank\">Ver ficha t\u00e9cnica<\/a><\/p>\n","protected":false},"featured_media":9173,"template":"","meta":{"_joinchat":[]},"product_brand":[],"product_cat":[48,196,97],"product_tag":[],"class_list":{"0":"post-9172","1":"product","2":"type-product","3":"status-publish","4":"has-post-thumbnail","6":"product_cat-abloy","7":"product_cat-candado-mecanico","8":"product_cat-candados-abloy","10":"first","11":"instock","12":"shipping-taxable","13":"product-type-simple"},"yoast_head":"<!-- This site is optimized with the Yoast SEO plugin v24.9 - https:\/\/yoast.com\/wordpress\/plugins\/seo\/ -->\n<title>Candado Mecanico PL321 Sentry ABLOY - Osesa<\/title>\n<meta name=\"robots\" content=\"index, follow, max-snippet:-1, max-image-preview:large, max-video-preview:-1\" \/>\n<link rel=\"canonical\" href=\"https:\/\/osesa.cl\/index.php\/producto\/candado-mecanico-pl321-sentry-abloy\/\" \/>\n<meta property=\"og:locale\" content=\"es_ES\" \/>\n<meta property=\"og:type\" content=\"article\" \/>\n<meta property=\"og:title\" content=\"Candado Mecanico PL321 Sentry ABLOY - Osesa\" \/>\n<meta property=\"og:description\" content=\"Candado Mec\u00e1nico ABLOY Sentry Grado 2 Ver ficha t\u00e9cnica\" \/>\n<meta property=\"og:url\" content=\"https:\/\/osesa.cl\/index.php\/producto\/candado-mecanico-pl321-sentry-abloy\/\" \/>\n<meta property=\"og:site_name\" content=\"Osesa\" \/>\n<meta property=\"article:modified_time\" content=\"2025-04-09T04:28:45+00:00\" \/>\n<meta property=\"og:image\" content=\"https:\/\/osesa.cl\/wp-content\/uploads\/2023\/07\/PL321BUA-scaled.jpg\" \/>\n\t<meta property=\"og:image:width\" content=\"2560\" \/>\n\t<meta property=\"og:image:height\" content=\"2560\" \/>\n\t<meta property=\"og:image:type\" content=\"image\/jpeg\" \/>\n<meta name=\"twitter:card\" content=\"summary_large_image\" \/>\n<meta name=\"twitter:label1\" content=\"Tiempo de lectura\" \/>\n\t<meta name=\"twitter:data1\" content=\"1 minuto\" \/>\n<script type=\"application\/ld+json\" class=\"yoast-schema-graph\">{\"@context\":\"https:\/\/schema.org\",\"@graph\":[{\"@type\":\"WebPage\",\"@id\":\"https:\/\/osesa.cl\/index.php\/producto\/candado-mecanico-pl321-sentry-abloy\/\",\"url\":\"https:\/\/osesa.cl\/index.php\/producto\/candado-mecanico-pl321-sentry-abloy\/\",\"name\":\"Candado Mecanico PL321 Sentry ABLOY - Osesa\",\"isPartOf\":{\"@id\":\"https:\/\/osesa.cl\/#website\"},\"primaryImageOfPage\":{\"@id\":\"https:\/\/osesa.cl\/index.php\/producto\/candado-mecanico-pl321-sentry-abloy\/#primaryimage\"},\"image\":{\"@id\":\"https:\/\/osesa.cl\/index.php\/producto\/candado-mecanico-pl321-sentry-abloy\/#primaryimage\"},\"thumbnailUrl\":\"https:\/\/osesa.cl\/wp-content\/uploads\/2023\/07\/PL321BUA-scaled.jpg\",\"datePublished\":\"2023-07-28T21:20:54+00:00\",\"dateModified\":\"2025-04-09T04:28:45+00:00\",\"breadcrumb\":{\"@id\":\"https:\/\/osesa.cl\/index.php\/producto\/candado-mecanico-pl321-sentry-abloy\/#breadcrumb\"},\"inLanguage\":\"es\",\"potentialAction\":[{\"@type\":\"ReadAction\",\"target\":[\"https:\/\/osesa.cl\/index.php\/producto\/candado-mecanico-pl321-sentry-abloy\/\"]}]},{\"@type\":\"ImageObject\",\"inLanguage\":\"es\",\"@id\":\"https:\/\/osesa.cl\/index.php\/producto\/candado-mecanico-pl321-sentry-abloy\/#primaryimage\",\"url\":\"https:\/\/osesa.cl\/wp-content\/uploads\/2023\/07\/PL321BUA-scaled.jpg\",\"contentUrl\":\"https:\/\/osesa.cl\/wp-content\/uploads\/2023\/07\/PL321BUA-scaled.jpg\",\"width\":2560,\"height\":2560},{\"@type\":\"BreadcrumbList\",\"@id\":\"https:\/\/osesa.cl\/index.php\/producto\/candado-mecanico-pl321-sentry-abloy\/#breadcrumb\",\"itemListElement\":[{\"@type\":\"ListItem\",\"position\":1,\"name\":\"Portada\",\"item\":\"https:\/\/osesa.cl\/\"},{\"@type\":\"ListItem\",\"position\":2,\"name\":\"Tienda\",\"item\":\"https:\/\/osesa.cl\/index.php\/tienda-2\/\"},{\"@type\":\"ListItem\",\"position\":3,\"name\":\"Candado Mecanico PL321 Sentry ABLOY\"}]},{\"@type\":\"WebSite\",\"@id\":\"https:\/\/osesa.cl\/#website\",\"url\":\"https:\/\/osesa.cl\/\",\"name\":\"Osesa\",\"description\":\"\",\"potentialAction\":[{\"@type\":\"SearchAction\",\"target\":{\"@type\":\"EntryPoint\",\"urlTemplate\":\"https:\/\/osesa.cl\/?s={search_term_string}\"},\"query-input\":{\"@type\":\"PropertyValueSpecification\",\"valueRequired\":true,\"valueName\":\"search_term_string\"}}],\"inLanguage\":\"es\"}]}<\/script>\n<!-- \/ Yoast SEO plugin. -->","yoast_head_json":{"title":"Candado Mecanico PL321 Sentry ABLOY - Osesa","robots":{"index":"index","follow":"follow","max-snippet":"max-snippet:-1","max-image-preview":"max-image-preview:large","max-video-preview":"max-video-preview:-1"},"canonical":"https:\/\/osesa.cl\/index.php\/producto\/candado-mecanico-pl321-sentry-abloy\/","og_locale":"es_ES","og_type":"article","og_title":"Candado Mecanico PL321 Sentry ABLOY - Osesa","og_description":"Candado Mec\u00e1nico ABLOY Sentry Grado 2 Ver ficha t\u00e9cnica","og_url":"https:\/\/osesa.cl\/index.php\/producto\/candado-mecanico-pl321-sentry-abloy\/","og_site_name":"Osesa","article_modified_time":"2025-04-09T04:28:45+00:00","og_image":[{"width":2560,"height":2560,"url":"https:\/\/osesa.cl\/wp-content\/uploads\/2023\/07\/PL321BUA-scaled.jpg","type":"image\/jpeg"}],"twitter_card":"summary_large_image","twitter_misc":{"Tiempo de lectura":"1 minuto"},"schema":{"@context":"https:\/\/schema.org","@graph":[{"@type":"WebPage","@id":"https:\/\/osesa.cl\/index.php\/producto\/candado-mecanico-pl321-sentry-abloy\/","url":"https:\/\/osesa.cl\/index.php\/producto\/candado-mecanico-pl321-sentry-abloy\/","name":"Candado Mecanico PL321 Sentry ABLOY - Osesa","isPartOf":{"@id":"https:\/\/osesa.cl\/#website"},"primaryImageOfPage":{"@id":"https:\/\/osesa.cl\/index.php\/producto\/candado-mecanico-pl321-sentry-abloy\/#primaryimage"},"image":{"@id":"https:\/\/osesa.cl\/index.php\/producto\/candado-mecanico-pl321-sentry-abloy\/#primaryimage"},"thumbnailUrl":"https:\/\/osesa.cl\/wp-content\/uploads\/2023\/07\/PL321BUA-scaled.jpg","datePublished":"2023-07-28T21:20:54+00:00","dateModified":"2025-04-09T04:28:45+00:00","breadcrumb":{"@id":"https:\/\/osesa.cl\/index.php\/producto\/candado-mecanico-pl321-sentry-abloy\/#breadcrumb"},"inLanguage":"es","potentialAction":[{"@type":"ReadAction","target":["https:\/\/osesa.cl\/index.php\/producto\/candado-mecanico-pl321-sentry-abloy\/"]}]},{"@type":"ImageObject","inLanguage":"es","@id":"https:\/\/osesa.cl\/index.php\/producto\/candado-mecanico-pl321-sentry-abloy\/#primaryimage","url":"https:\/\/osesa.cl\/wp-content\/uploads\/2023\/07\/PL321BUA-scaled.jpg","contentUrl":"https:\/\/osesa.cl\/wp-content\/uploads\/2023\/07\/PL321BUA-scaled.jpg","width":2560,"height":2560},{"@type":"BreadcrumbList","@id":"https:\/\/osesa.cl\/index.php\/producto\/candado-mecanico-pl321-sentry-abloy\/#breadcrumb","itemListElement":[{"@type":"ListItem","position":1,"name":"Portada","item":"https:\/\/osesa.cl\/"},{"@type":"ListItem","position":2,"name":"Tienda","item":"https:\/\/osesa.cl\/index.php\/tienda-2\/"},{"@type":"ListItem","position":3,"name":"Candado Mecanico PL321 Sentry ABLOY"}]},{"@type":"WebSite","@id":"https:\/\/osesa.cl\/#website","url":"https:\/\/osesa.cl\/","name":"Osesa","description":"","potentialAction":[{"@type":"SearchAction","target":{"@type":"EntryPoint","urlTemplate":"https:\/\/osesa.cl\/?s={search_term_string}"},"query-input":{"@type":"PropertyValueSpecification","valueRequired":true,"valueName":"search_term_string"}}],"inLanguage":"es"}]}},"_links":{"self":[{"href":"https:\/\/osesa.cl\/index.php\/wp-json\/wp\/v2\/product\/9172","targetHints":{"allow":["GET"]}}],"collection":[{"href":"https:\/\/osesa.cl\/index.php\/wp-json\/wp\/v2\/product"}],"about":[{"href":"https:\/\/osesa.cl\/index.php\/wp-json\/wp\/v2\/types\/product"}],"wp:featuredmedia":[{"embeddable":true,"href":"https:\/\/osesa.cl\/index.php\/wp-json\/wp\/v2\/media\/9173"}],"wp:attachment":[{"href":"https:\/\/osesa.cl\/index.php\/wp-json\/wp\/v2\/media?parent=9172"}],"wp:term":[{"taxonomy":"product_brand","embeddable":true,"href":"https:\/\/osesa.cl\/index.php\/wp-json\/wp\/v2\/product_brand?post=9172"},{"taxonomy":"product_cat","embeddable":true,"href":"https:\/\/osesa.cl\/index.php\/wp-json\/wp\/v2\/product_cat?post=9172"},{"taxonomy":"product_tag","embeddable":true,"href":"https:\/\/osesa.cl\/index.php\/wp-json\/wp\/v2\/product_tag?post=9172"}],"curies":[{"name":"wp","href":"https:\/\/api.w.org\/{rel}","templated":true}]}}