{"id":9178,"date":"2023-07-28T21:20:55","date_gmt":"2023-07-28T21:20:55","guid":{"rendered":"http:\/\/andesrank.cl\/?product=candado-mecanico-pl340-protec2-abloy"},"modified":"2025-10-01T13:24:34","modified_gmt":"2025-10-01T13:24:34","slug":"candado-mecanico-pl340-protec2-abloy","status":"publish","type":"product","link":"https:\/\/osesa.cl\/index.php\/producto\/candado-mecanico-pl340-protec2-abloy\/","title":{"rendered":"Candado Mec\u00e1nico PL340 Protec2 ABLOY"},"content":{"rendered":"<p>El candado mec\u00e1nico ABLOY PL340 Protec2 es una soluci\u00f3n de alta seguridad dise\u00f1ada para aplicaciones industriales y comerciales que requieren una protecci\u00f3n robusta. Fabricado con un cuerpo de acero endurecido y un grillete de acero al boro endurecido de 10 mm de di\u00e1metro, este candado ofrece una resistencia excepcional contra ataques f\u00edsicos y condiciones clim\u00e1ticas adversas. Cuenta con la certificaci\u00f3n EN12320 Grado 4, cumpliendo con los est\u00e1ndares de seguridad m\u00e1s exigentes. El cilindro de alta seguridad Protec2 proporciona una protecci\u00f3n eficaz contra t\u00e9cnicas de manipulaci\u00f3n como ganzuado y taladrado. Este candado es ideal para asegurar maquinaria, contenedores y puertas de acceso en entornos industriales, garantizando la m\u00e1xima seguridad para sus activos m\u00e1s valiosos.<\/p>\n<p>&nbsp;<\/p>\n<p><iframe title=\"YouTube video player\" src=\"https:\/\/www.youtube.com\/embed\/t4RoVirWzRU?si=s_J4QjFjdyCwCGej\" width=\"100%\" height=\"400\" frameborder=\"0\" allowfullscreen=\"allowfullscreen\"><\/iframe><\/p>\n","protected":false},"excerpt":{"rendered":"<p>Candado Mec\u00e1nico ABLOY Protec2 Grado 4<\/p>\n<p><a class=\"ficha-desc\" href=\"https:\/\/osesa.cl\/wp-content\/uploads\/2023\/03\/FichaPL340.pdf\" target=\"_blank\" rel=\"noopener\">Ver ficha t\u00e9cnica<\/a><\/p>\n","protected":false},"featured_media":9179,"template":"","meta":{"_joinchat":[]},"product_brand":[],"product_cat":[48,196,97],"product_tag":[],"class_list":{"0":"post-9178","1":"product","2":"type-product","3":"status-publish","4":"has-post-thumbnail","6":"product_cat-abloy","7":"product_cat-candado-mecanico","8":"product_cat-candados-abloy","10":"first","11":"instock","12":"shipping-taxable","13":"product-type-simple"},"yoast_head":"<!-- This site is optimized with the Yoast SEO plugin v24.9 - https:\/\/yoast.com\/wordpress\/plugins\/seo\/ -->\n<title>Candado Mec\u00e1nico PL340 Protec2 ABLOY - Osesa<\/title>\n<meta name=\"robots\" content=\"index, follow, max-snippet:-1, max-image-preview:large, max-video-preview:-1\" \/>\n<link rel=\"canonical\" href=\"https:\/\/osesa.cl\/index.php\/producto\/candado-mecanico-pl340-protec2-abloy\/\" \/>\n<meta property=\"og:locale\" content=\"es_ES\" \/>\n<meta property=\"og:type\" content=\"article\" \/>\n<meta property=\"og:title\" content=\"Candado Mec\u00e1nico PL340 Protec2 ABLOY - Osesa\" \/>\n<meta property=\"og:description\" content=\"Candado Mec\u00e1nico ABLOY Protec2 Grado 4  Ver ficha t\u00e9cnica\" \/>\n<meta property=\"og:url\" content=\"https:\/\/osesa.cl\/index.php\/producto\/candado-mecanico-pl340-protec2-abloy\/\" \/>\n<meta property=\"og:site_name\" content=\"Osesa\" \/>\n<meta property=\"article:modified_time\" content=\"2025-10-01T13:24:34+00:00\" \/>\n<meta property=\"og:image\" content=\"https:\/\/osesa.cl\/wp-content\/uploads\/2023\/07\/PL340TUA-scaled.jpg\" \/>\n\t<meta property=\"og:image:width\" content=\"2560\" \/>\n\t<meta property=\"og:image:height\" content=\"2560\" \/>\n\t<meta property=\"og:image:type\" content=\"image\/jpeg\" \/>\n<meta name=\"twitter:card\" content=\"summary_large_image\" \/>\n<meta name=\"twitter:label1\" content=\"Tiempo de lectura\" \/>\n\t<meta name=\"twitter:data1\" content=\"1 minuto\" \/>\n<script type=\"application\/ld+json\" class=\"yoast-schema-graph\">{\"@context\":\"https:\/\/schema.org\",\"@graph\":[{\"@type\":\"WebPage\",\"@id\":\"https:\/\/osesa.cl\/index.php\/producto\/candado-mecanico-pl340-protec2-abloy\/\",\"url\":\"https:\/\/osesa.cl\/index.php\/producto\/candado-mecanico-pl340-protec2-abloy\/\",\"name\":\"Candado Mec\u00e1nico PL340 Protec2 ABLOY - Osesa\",\"isPartOf\":{\"@id\":\"https:\/\/osesa.cl\/#website\"},\"primaryImageOfPage\":{\"@id\":\"https:\/\/osesa.cl\/index.php\/producto\/candado-mecanico-pl340-protec2-abloy\/#primaryimage\"},\"image\":{\"@id\":\"https:\/\/osesa.cl\/index.php\/producto\/candado-mecanico-pl340-protec2-abloy\/#primaryimage\"},\"thumbnailUrl\":\"https:\/\/osesa.cl\/wp-content\/uploads\/2023\/07\/PL340TUA-scaled.jpg\",\"datePublished\":\"2023-07-28T21:20:55+00:00\",\"dateModified\":\"2025-10-01T13:24:34+00:00\",\"breadcrumb\":{\"@id\":\"https:\/\/osesa.cl\/index.php\/producto\/candado-mecanico-pl340-protec2-abloy\/#breadcrumb\"},\"inLanguage\":\"es\",\"potentialAction\":[{\"@type\":\"ReadAction\",\"target\":[\"https:\/\/osesa.cl\/index.php\/producto\/candado-mecanico-pl340-protec2-abloy\/\"]}]},{\"@type\":\"ImageObject\",\"inLanguage\":\"es\",\"@id\":\"https:\/\/osesa.cl\/index.php\/producto\/candado-mecanico-pl340-protec2-abloy\/#primaryimage\",\"url\":\"https:\/\/osesa.cl\/wp-content\/uploads\/2023\/07\/PL340TUA-scaled.jpg\",\"contentUrl\":\"https:\/\/osesa.cl\/wp-content\/uploads\/2023\/07\/PL340TUA-scaled.jpg\",\"width\":2560,\"height\":2560},{\"@type\":\"BreadcrumbList\",\"@id\":\"https:\/\/osesa.cl\/index.php\/producto\/candado-mecanico-pl340-protec2-abloy\/#breadcrumb\",\"itemListElement\":[{\"@type\":\"ListItem\",\"position\":1,\"name\":\"Portada\",\"item\":\"https:\/\/osesa.cl\/\"},{\"@type\":\"ListItem\",\"position\":2,\"name\":\"Tienda\",\"item\":\"https:\/\/osesa.cl\/index.php\/tienda-2\/\"},{\"@type\":\"ListItem\",\"position\":3,\"name\":\"Candado Mec\u00e1nico PL340 Protec2 ABLOY\"}]},{\"@type\":\"WebSite\",\"@id\":\"https:\/\/osesa.cl\/#website\",\"url\":\"https:\/\/osesa.cl\/\",\"name\":\"Osesa\",\"description\":\"\",\"potentialAction\":[{\"@type\":\"SearchAction\",\"target\":{\"@type\":\"EntryPoint\",\"urlTemplate\":\"https:\/\/osesa.cl\/?s={search_term_string}\"},\"query-input\":{\"@type\":\"PropertyValueSpecification\",\"valueRequired\":true,\"valueName\":\"search_term_string\"}}],\"inLanguage\":\"es\"}]}<\/script>\n<!-- \/ Yoast SEO plugin. -->","yoast_head_json":{"title":"Candado Mec\u00e1nico PL340 Protec2 ABLOY - Osesa","robots":{"index":"index","follow":"follow","max-snippet":"max-snippet:-1","max-image-preview":"max-image-preview:large","max-video-preview":"max-video-preview:-1"},"canonical":"https:\/\/osesa.cl\/index.php\/producto\/candado-mecanico-pl340-protec2-abloy\/","og_locale":"es_ES","og_type":"article","og_title":"Candado Mec\u00e1nico PL340 Protec2 ABLOY - Osesa","og_description":"Candado Mec\u00e1nico ABLOY Protec2 Grado 4  Ver ficha t\u00e9cnica","og_url":"https:\/\/osesa.cl\/index.php\/producto\/candado-mecanico-pl340-protec2-abloy\/","og_site_name":"Osesa","article_modified_time":"2025-10-01T13:24:34+00:00","og_image":[{"width":2560,"height":2560,"url":"https:\/\/osesa.cl\/wp-content\/uploads\/2023\/07\/PL340TUA-scaled.jpg","type":"image\/jpeg"}],"twitter_card":"summary_large_image","twitter_misc":{"Tiempo de lectura":"1 minuto"},"schema":{"@context":"https:\/\/schema.org","@graph":[{"@type":"WebPage","@id":"https:\/\/osesa.cl\/index.php\/producto\/candado-mecanico-pl340-protec2-abloy\/","url":"https:\/\/osesa.cl\/index.php\/producto\/candado-mecanico-pl340-protec2-abloy\/","name":"Candado Mec\u00e1nico PL340 Protec2 ABLOY - Osesa","isPartOf":{"@id":"https:\/\/osesa.cl\/#website"},"primaryImageOfPage":{"@id":"https:\/\/osesa.cl\/index.php\/producto\/candado-mecanico-pl340-protec2-abloy\/#primaryimage"},"image":{"@id":"https:\/\/osesa.cl\/index.php\/producto\/candado-mecanico-pl340-protec2-abloy\/#primaryimage"},"thumbnailUrl":"https:\/\/osesa.cl\/wp-content\/uploads\/2023\/07\/PL340TUA-scaled.jpg","datePublished":"2023-07-28T21:20:55+00:00","dateModified":"2025-10-01T13:24:34+00:00","breadcrumb":{"@id":"https:\/\/osesa.cl\/index.php\/producto\/candado-mecanico-pl340-protec2-abloy\/#breadcrumb"},"inLanguage":"es","potentialAction":[{"@type":"ReadAction","target":["https:\/\/osesa.cl\/index.php\/producto\/candado-mecanico-pl340-protec2-abloy\/"]}]},{"@type":"ImageObject","inLanguage":"es","@id":"https:\/\/osesa.cl\/index.php\/producto\/candado-mecanico-pl340-protec2-abloy\/#primaryimage","url":"https:\/\/osesa.cl\/wp-content\/uploads\/2023\/07\/PL340TUA-scaled.jpg","contentUrl":"https:\/\/osesa.cl\/wp-content\/uploads\/2023\/07\/PL340TUA-scaled.jpg","width":2560,"height":2560},{"@type":"BreadcrumbList","@id":"https:\/\/osesa.cl\/index.php\/producto\/candado-mecanico-pl340-protec2-abloy\/#breadcrumb","itemListElement":[{"@type":"ListItem","position":1,"name":"Portada","item":"https:\/\/osesa.cl\/"},{"@type":"ListItem","position":2,"name":"Tienda","item":"https:\/\/osesa.cl\/index.php\/tienda-2\/"},{"@type":"ListItem","position":3,"name":"Candado Mec\u00e1nico PL340 Protec2 ABLOY"}]},{"@type":"WebSite","@id":"https:\/\/osesa.cl\/#website","url":"https:\/\/osesa.cl\/","name":"Osesa","description":"","potentialAction":[{"@type":"SearchAction","target":{"@type":"EntryPoint","urlTemplate":"https:\/\/osesa.cl\/?s={search_term_string}"},"query-input":{"@type":"PropertyValueSpecification","valueRequired":true,"valueName":"search_term_string"}}],"inLanguage":"es"}]}},"_links":{"self":[{"href":"https:\/\/osesa.cl\/index.php\/wp-json\/wp\/v2\/product\/9178","targetHints":{"allow":["GET"]}}],"collection":[{"href":"https:\/\/osesa.cl\/index.php\/wp-json\/wp\/v2\/product"}],"about":[{"href":"https:\/\/osesa.cl\/index.php\/wp-json\/wp\/v2\/types\/product"}],"wp:featuredmedia":[{"embeddable":true,"href":"https:\/\/osesa.cl\/index.php\/wp-json\/wp\/v2\/media\/9179"}],"wp:attachment":[{"href":"https:\/\/osesa.cl\/index.php\/wp-json\/wp\/v2\/media?parent=9178"}],"wp:term":[{"taxonomy":"product_brand","embeddable":true,"href":"https:\/\/osesa.cl\/index.php\/wp-json\/wp\/v2\/product_brand?post=9178"},{"taxonomy":"product_cat","embeddable":true,"href":"https:\/\/osesa.cl\/index.php\/wp-json\/wp\/v2\/product_cat?post=9178"},{"taxonomy":"product_tag","embeddable":true,"href":"https:\/\/osesa.cl\/index.php\/wp-json\/wp\/v2\/product_tag?post=9178"}],"curies":[{"name":"wp","href":"https:\/\/api.w.org\/{rel}","templated":true}]}}