{"id":9184,"date":"2023-07-28T21:20:58","date_gmt":"2023-07-28T21:20:58","guid":{"rendered":"http:\/\/andesrank.cl\/?product=candado-mecanico-pl342-sentry-abloy"},"modified":"2025-10-01T13:36:46","modified_gmt":"2025-10-01T13:36:46","slug":"candado-mecanico-pl342-sentry-abloy","status":"publish","type":"product","link":"https:\/\/osesa.cl\/index.php\/producto\/candado-mecanico-pl342-sentry-abloy\/","title":{"rendered":"Candado Mecanico PL342 Sentry ABLOY"},"content":{"rendered":"<p>El candado mec\u00e1nico ABLOY PL342 Sentry es una soluci\u00f3n de alta seguridad dise\u00f1ada para aplicaciones que requieren m\u00e1xima protecci\u00f3n. Fabricado con un cuerpo de acero cementado y endurecido, y un arco de acero al boro endurecido de 10 mm de di\u00e1metro, ofrece una resistencia excepcional contra ataques f\u00edsicos. Este candado cuenta con certificaci\u00f3n EN12320 Grado 4, asegurando un nivel superior de seguridad. Es ideal para asegurar puertas correderas pesadas, vagones de ferrocarril, camiones y almacenes. Adem\u00e1s, el sistema de cilindro ABLOY Sentry utiliza discos giratorios en lugar de pines, proporcionando una mayor protecci\u00f3n contra ganz\u00faas y taladros, y garantizando un funcionamiento confiable en diversas condiciones ambientales.<\/p>\n<p>&nbsp;<\/p>\n<p><iframe title=\"YouTube video player\" src=\"https:\/\/www.youtube.com\/embed\/vexljFxco44?si=2P_vLkcKfY0FkVb4\" width=\"100%\" height=\"400\" frameborder=\"0\" allowfullscreen=\"allowfullscreen\"><\/iframe><\/p>\n","protected":false},"excerpt":{"rendered":"<p>Candado Mec\u00e1nico ABLOY Sentry Grado 4 con arco protegido<\/p>\n<p><a class=\"ficha-desc\" href=\"https:\/\/osesa.cl\/wp-content\/uploads\/2023\/03\/FichaPL342.pdf\" rel=\"noopener\" target=\"_blank\">Ver ficha t\u00e9cnica<\/a><\/p>\n","protected":false},"featured_media":9185,"template":"","meta":{"_joinchat":[]},"product_brand":[],"product_cat":[48,196,97],"product_tag":[],"class_list":{"0":"post-9184","1":"product","2":"type-product","3":"status-publish","4":"has-post-thumbnail","6":"product_cat-abloy","7":"product_cat-candado-mecanico","8":"product_cat-candados-abloy","10":"first","11":"instock","12":"shipping-taxable","13":"product-type-simple"},"yoast_head":"<!-- This site is optimized with the Yoast SEO plugin v24.9 - https:\/\/yoast.com\/wordpress\/plugins\/seo\/ -->\n<title>Candado Mecanico PL342 Sentry ABLOY - Osesa<\/title>\n<meta name=\"robots\" content=\"index, follow, max-snippet:-1, max-image-preview:large, max-video-preview:-1\" \/>\n<link rel=\"canonical\" href=\"https:\/\/osesa.cl\/index.php\/producto\/candado-mecanico-pl342-sentry-abloy\/\" \/>\n<meta property=\"og:locale\" content=\"es_ES\" \/>\n<meta property=\"og:type\" content=\"article\" \/>\n<meta property=\"og:title\" content=\"Candado Mecanico PL342 Sentry ABLOY - Osesa\" \/>\n<meta property=\"og:description\" content=\"Candado Mec\u00e1nico ABLOY Sentry Grado 4 con arco protegido  Ver ficha t\u00e9cnica\" \/>\n<meta property=\"og:url\" content=\"https:\/\/osesa.cl\/index.php\/producto\/candado-mecanico-pl342-sentry-abloy\/\" \/>\n<meta property=\"og:site_name\" content=\"Osesa\" \/>\n<meta property=\"article:modified_time\" content=\"2025-10-01T13:36:46+00:00\" \/>\n<meta property=\"og:image\" content=\"https:\/\/osesa.cl\/wp-content\/uploads\/2023\/07\/PL342BUA.jpg\" \/>\n\t<meta property=\"og:image:width\" content=\"1\" \/>\n\t<meta property=\"og:image:height\" content=\"1\" \/>\n\t<meta property=\"og:image:type\" content=\"image\/jpeg\" \/>\n<meta name=\"twitter:card\" content=\"summary_large_image\" \/>\n<meta name=\"twitter:label1\" content=\"Tiempo de lectura\" \/>\n\t<meta name=\"twitter:data1\" content=\"1 minuto\" \/>\n<script type=\"application\/ld+json\" class=\"yoast-schema-graph\">{\"@context\":\"https:\/\/schema.org\",\"@graph\":[{\"@type\":\"WebPage\",\"@id\":\"https:\/\/osesa.cl\/index.php\/producto\/candado-mecanico-pl342-sentry-abloy\/\",\"url\":\"https:\/\/osesa.cl\/index.php\/producto\/candado-mecanico-pl342-sentry-abloy\/\",\"name\":\"Candado Mecanico PL342 Sentry ABLOY - Osesa\",\"isPartOf\":{\"@id\":\"https:\/\/osesa.cl\/#website\"},\"primaryImageOfPage\":{\"@id\":\"https:\/\/osesa.cl\/index.php\/producto\/candado-mecanico-pl342-sentry-abloy\/#primaryimage\"},\"image\":{\"@id\":\"https:\/\/osesa.cl\/index.php\/producto\/candado-mecanico-pl342-sentry-abloy\/#primaryimage\"},\"thumbnailUrl\":\"https:\/\/osesa.cl\/wp-content\/uploads\/2023\/07\/PL342BUA.jpg\",\"datePublished\":\"2023-07-28T21:20:58+00:00\",\"dateModified\":\"2025-10-01T13:36:46+00:00\",\"breadcrumb\":{\"@id\":\"https:\/\/osesa.cl\/index.php\/producto\/candado-mecanico-pl342-sentry-abloy\/#breadcrumb\"},\"inLanguage\":\"es\",\"potentialAction\":[{\"@type\":\"ReadAction\",\"target\":[\"https:\/\/osesa.cl\/index.php\/producto\/candado-mecanico-pl342-sentry-abloy\/\"]}]},{\"@type\":\"ImageObject\",\"inLanguage\":\"es\",\"@id\":\"https:\/\/osesa.cl\/index.php\/producto\/candado-mecanico-pl342-sentry-abloy\/#primaryimage\",\"url\":\"https:\/\/osesa.cl\/wp-content\/uploads\/2023\/07\/PL342BUA.jpg\",\"contentUrl\":\"https:\/\/osesa.cl\/wp-content\/uploads\/2023\/07\/PL342BUA.jpg\"},{\"@type\":\"BreadcrumbList\",\"@id\":\"https:\/\/osesa.cl\/index.php\/producto\/candado-mecanico-pl342-sentry-abloy\/#breadcrumb\",\"itemListElement\":[{\"@type\":\"ListItem\",\"position\":1,\"name\":\"Portada\",\"item\":\"https:\/\/osesa.cl\/\"},{\"@type\":\"ListItem\",\"position\":2,\"name\":\"Tienda\",\"item\":\"https:\/\/osesa.cl\/index.php\/tienda-2\/\"},{\"@type\":\"ListItem\",\"position\":3,\"name\":\"Candado Mecanico PL342 Sentry ABLOY\"}]},{\"@type\":\"WebSite\",\"@id\":\"https:\/\/osesa.cl\/#website\",\"url\":\"https:\/\/osesa.cl\/\",\"name\":\"Osesa\",\"description\":\"\",\"potentialAction\":[{\"@type\":\"SearchAction\",\"target\":{\"@type\":\"EntryPoint\",\"urlTemplate\":\"https:\/\/osesa.cl\/?s={search_term_string}\"},\"query-input\":{\"@type\":\"PropertyValueSpecification\",\"valueRequired\":true,\"valueName\":\"search_term_string\"}}],\"inLanguage\":\"es\"}]}<\/script>\n<!-- \/ Yoast SEO plugin. -->","yoast_head_json":{"title":"Candado Mecanico PL342 Sentry ABLOY - Osesa","robots":{"index":"index","follow":"follow","max-snippet":"max-snippet:-1","max-image-preview":"max-image-preview:large","max-video-preview":"max-video-preview:-1"},"canonical":"https:\/\/osesa.cl\/index.php\/producto\/candado-mecanico-pl342-sentry-abloy\/","og_locale":"es_ES","og_type":"article","og_title":"Candado Mecanico PL342 Sentry ABLOY - Osesa","og_description":"Candado Mec\u00e1nico ABLOY Sentry Grado 4 con arco protegido  Ver ficha t\u00e9cnica","og_url":"https:\/\/osesa.cl\/index.php\/producto\/candado-mecanico-pl342-sentry-abloy\/","og_site_name":"Osesa","article_modified_time":"2025-10-01T13:36:46+00:00","og_image":[{"url":"https:\/\/osesa.cl\/wp-content\/uploads\/2023\/07\/PL342BUA.jpg","width":1,"height":1,"type":"image\/jpeg"}],"twitter_card":"summary_large_image","twitter_misc":{"Tiempo de lectura":"1 minuto"},"schema":{"@context":"https:\/\/schema.org","@graph":[{"@type":"WebPage","@id":"https:\/\/osesa.cl\/index.php\/producto\/candado-mecanico-pl342-sentry-abloy\/","url":"https:\/\/osesa.cl\/index.php\/producto\/candado-mecanico-pl342-sentry-abloy\/","name":"Candado Mecanico PL342 Sentry ABLOY - Osesa","isPartOf":{"@id":"https:\/\/osesa.cl\/#website"},"primaryImageOfPage":{"@id":"https:\/\/osesa.cl\/index.php\/producto\/candado-mecanico-pl342-sentry-abloy\/#primaryimage"},"image":{"@id":"https:\/\/osesa.cl\/index.php\/producto\/candado-mecanico-pl342-sentry-abloy\/#primaryimage"},"thumbnailUrl":"https:\/\/osesa.cl\/wp-content\/uploads\/2023\/07\/PL342BUA.jpg","datePublished":"2023-07-28T21:20:58+00:00","dateModified":"2025-10-01T13:36:46+00:00","breadcrumb":{"@id":"https:\/\/osesa.cl\/index.php\/producto\/candado-mecanico-pl342-sentry-abloy\/#breadcrumb"},"inLanguage":"es","potentialAction":[{"@type":"ReadAction","target":["https:\/\/osesa.cl\/index.php\/producto\/candado-mecanico-pl342-sentry-abloy\/"]}]},{"@type":"ImageObject","inLanguage":"es","@id":"https:\/\/osesa.cl\/index.php\/producto\/candado-mecanico-pl342-sentry-abloy\/#primaryimage","url":"https:\/\/osesa.cl\/wp-content\/uploads\/2023\/07\/PL342BUA.jpg","contentUrl":"https:\/\/osesa.cl\/wp-content\/uploads\/2023\/07\/PL342BUA.jpg"},{"@type":"BreadcrumbList","@id":"https:\/\/osesa.cl\/index.php\/producto\/candado-mecanico-pl342-sentry-abloy\/#breadcrumb","itemListElement":[{"@type":"ListItem","position":1,"name":"Portada","item":"https:\/\/osesa.cl\/"},{"@type":"ListItem","position":2,"name":"Tienda","item":"https:\/\/osesa.cl\/index.php\/tienda-2\/"},{"@type":"ListItem","position":3,"name":"Candado Mecanico PL342 Sentry ABLOY"}]},{"@type":"WebSite","@id":"https:\/\/osesa.cl\/#website","url":"https:\/\/osesa.cl\/","name":"Osesa","description":"","potentialAction":[{"@type":"SearchAction","target":{"@type":"EntryPoint","urlTemplate":"https:\/\/osesa.cl\/?s={search_term_string}"},"query-input":{"@type":"PropertyValueSpecification","valueRequired":true,"valueName":"search_term_string"}}],"inLanguage":"es"}]}},"_links":{"self":[{"href":"https:\/\/osesa.cl\/index.php\/wp-json\/wp\/v2\/product\/9184","targetHints":{"allow":["GET"]}}],"collection":[{"href":"https:\/\/osesa.cl\/index.php\/wp-json\/wp\/v2\/product"}],"about":[{"href":"https:\/\/osesa.cl\/index.php\/wp-json\/wp\/v2\/types\/product"}],"wp:featuredmedia":[{"embeddable":true,"href":"https:\/\/osesa.cl\/index.php\/wp-json\/wp\/v2\/media\/9185"}],"wp:attachment":[{"href":"https:\/\/osesa.cl\/index.php\/wp-json\/wp\/v2\/media?parent=9184"}],"wp:term":[{"taxonomy":"product_brand","embeddable":true,"href":"https:\/\/osesa.cl\/index.php\/wp-json\/wp\/v2\/product_brand?post=9184"},{"taxonomy":"product_cat","embeddable":true,"href":"https:\/\/osesa.cl\/index.php\/wp-json\/wp\/v2\/product_cat?post=9184"},{"taxonomy":"product_tag","embeddable":true,"href":"https:\/\/osesa.cl\/index.php\/wp-json\/wp\/v2\/product_tag?post=9184"}],"curies":[{"name":"wp","href":"https:\/\/api.w.org\/{rel}","templated":true}]}}