{"id":9213,"date":"2023-07-28T21:21:07","date_gmt":"2023-07-28T21:21:07","guid":{"rendered":"http:\/\/andesrank.cl\/?product=cerradura-electronica-anver-cem558"},"modified":"2025-05-06T04:33:01","modified_gmt":"2025-05-06T04:33:01","slug":"cerradura-electronica-cerraduras-klav-cem558","status":"publish","type":"product","link":"https:\/\/osesa.cl\/index.php\/producto\/cerradura-electronica-cerraduras-klav-cem558\/","title":{"rendered":"Cerradura electr\u00f3nica Cerraduras Klav CEM558"},"content":{"rendered":"<p>Cerradura electr\u00f3nica dise\u00f1ada para lockers y muebles en entornos comerciales, educativos y deportivos. Ofrece un control de acceso preciso mediante c\u00f3digos PIN o tarjetas RFID, asegurando la protecci\u00f3n de los bienes personales. Compatible con sistemas de gesti\u00f3n centralizados para facilitar la administraci\u00f3n de m\u00faltiples usuarios y accesos. Fabricada con materiales resistentes al uso intensivo y dise\u00f1ada para un funcionamiento eficiente. Ideal para aplicaciones que requieren flexibilidad en la asignaci\u00f3n de espacios y un manejo sencillo del acceso.<\/p>\n","protected":false},"excerpt":{"rendered":"<p>Cerradura electr\u00f3nica Cerraduras Klav<\/p>\n<p><a class=\"ficha-desc\" href=\"https:\/\/osesa.cl\/wp-content\/uploads\/2023\/03\/CEM558_Ficha_OSESA_KLAV-3.pdf\" target=\"_blank\" rel=\"noopener\">Ver ficha t\u00e9cnica<\/a><\/p>\n","protected":false},"featured_media":9214,"template":"","meta":{"_joinchat":[]},"product_brand":[],"product_cat":[200,91],"product_tag":[],"class_list":{"0":"post-9213","1":"product","2":"type-product","3":"status-publish","4":"has-post-thumbnail","6":"product_cat-cerraduras-electronicas","7":"product_cat-cerraduras-para-muebles-klav","9":"first","10":"instock","11":"shipping-taxable","12":"product-type-simple"},"yoast_head":"<!-- This site is optimized with the Yoast SEO plugin v24.9 - https:\/\/yoast.com\/wordpress\/plugins\/seo\/ -->\n<title>Cerradura electr\u00f3nica Cerraduras Klav CEM558 - Osesa<\/title>\n<meta name=\"robots\" content=\"index, follow, max-snippet:-1, max-image-preview:large, max-video-preview:-1\" \/>\n<link rel=\"canonical\" href=\"https:\/\/osesa.cl\/index.php\/producto\/cerradura-electronica-cerraduras-klav-cem558\/\" \/>\n<meta property=\"og:locale\" content=\"es_ES\" \/>\n<meta property=\"og:type\" content=\"article\" \/>\n<meta property=\"og:title\" content=\"Cerradura electr\u00f3nica Cerraduras Klav CEM558 - Osesa\" \/>\n<meta property=\"og:description\" content=\"Cerradura electr\u00f3nica Cerraduras Klav  Ver ficha t\u00e9cnica\" \/>\n<meta property=\"og:url\" content=\"https:\/\/osesa.cl\/index.php\/producto\/cerradura-electronica-cerraduras-klav-cem558\/\" \/>\n<meta property=\"og:site_name\" content=\"Osesa\" \/>\n<meta property=\"article:modified_time\" content=\"2025-05-06T04:33:01+00:00\" \/>\n<meta property=\"og:image\" content=\"https:\/\/osesa.cl\/wp-content\/uploads\/2023\/07\/CEM558.jpg\" \/>\n\t<meta property=\"og:image:width\" content=\"1\" \/>\n\t<meta property=\"og:image:height\" content=\"1\" \/>\n\t<meta property=\"og:image:type\" content=\"image\/jpeg\" \/>\n<meta name=\"twitter:card\" content=\"summary_large_image\" \/>\n<meta name=\"twitter:label1\" content=\"Tiempo de lectura\" \/>\n\t<meta name=\"twitter:data1\" content=\"1 minuto\" \/>\n<script type=\"application\/ld+json\" class=\"yoast-schema-graph\">{\"@context\":\"https:\/\/schema.org\",\"@graph\":[{\"@type\":\"WebPage\",\"@id\":\"https:\/\/osesa.cl\/index.php\/producto\/cerradura-electronica-cerraduras-klav-cem558\/\",\"url\":\"https:\/\/osesa.cl\/index.php\/producto\/cerradura-electronica-cerraduras-klav-cem558\/\",\"name\":\"Cerradura electr\u00f3nica Cerraduras Klav CEM558 - Osesa\",\"isPartOf\":{\"@id\":\"https:\/\/osesa.cl\/#website\"},\"primaryImageOfPage\":{\"@id\":\"https:\/\/osesa.cl\/index.php\/producto\/cerradura-electronica-cerraduras-klav-cem558\/#primaryimage\"},\"image\":{\"@id\":\"https:\/\/osesa.cl\/index.php\/producto\/cerradura-electronica-cerraduras-klav-cem558\/#primaryimage\"},\"thumbnailUrl\":\"https:\/\/osesa.cl\/wp-content\/uploads\/2023\/07\/CEM558.jpg\",\"datePublished\":\"2023-07-28T21:21:07+00:00\",\"dateModified\":\"2025-05-06T04:33:01+00:00\",\"breadcrumb\":{\"@id\":\"https:\/\/osesa.cl\/index.php\/producto\/cerradura-electronica-cerraduras-klav-cem558\/#breadcrumb\"},\"inLanguage\":\"es\",\"potentialAction\":[{\"@type\":\"ReadAction\",\"target\":[\"https:\/\/osesa.cl\/index.php\/producto\/cerradura-electronica-cerraduras-klav-cem558\/\"]}]},{\"@type\":\"ImageObject\",\"inLanguage\":\"es\",\"@id\":\"https:\/\/osesa.cl\/index.php\/producto\/cerradura-electronica-cerraduras-klav-cem558\/#primaryimage\",\"url\":\"https:\/\/osesa.cl\/wp-content\/uploads\/2023\/07\/CEM558.jpg\",\"contentUrl\":\"https:\/\/osesa.cl\/wp-content\/uploads\/2023\/07\/CEM558.jpg\"},{\"@type\":\"BreadcrumbList\",\"@id\":\"https:\/\/osesa.cl\/index.php\/producto\/cerradura-electronica-cerraduras-klav-cem558\/#breadcrumb\",\"itemListElement\":[{\"@type\":\"ListItem\",\"position\":1,\"name\":\"Portada\",\"item\":\"https:\/\/osesa.cl\/\"},{\"@type\":\"ListItem\",\"position\":2,\"name\":\"Tienda\",\"item\":\"https:\/\/osesa.cl\/index.php\/tienda-2\/\"},{\"@type\":\"ListItem\",\"position\":3,\"name\":\"Cerradura electr\u00f3nica Cerraduras Klav CEM558\"}]},{\"@type\":\"WebSite\",\"@id\":\"https:\/\/osesa.cl\/#website\",\"url\":\"https:\/\/osesa.cl\/\",\"name\":\"Osesa\",\"description\":\"\",\"potentialAction\":[{\"@type\":\"SearchAction\",\"target\":{\"@type\":\"EntryPoint\",\"urlTemplate\":\"https:\/\/osesa.cl\/?s={search_term_string}\"},\"query-input\":{\"@type\":\"PropertyValueSpecification\",\"valueRequired\":true,\"valueName\":\"search_term_string\"}}],\"inLanguage\":\"es\"}]}<\/script>\n<!-- \/ Yoast SEO plugin. -->","yoast_head_json":{"title":"Cerradura electr\u00f3nica Cerraduras Klav CEM558 - Osesa","robots":{"index":"index","follow":"follow","max-snippet":"max-snippet:-1","max-image-preview":"max-image-preview:large","max-video-preview":"max-video-preview:-1"},"canonical":"https:\/\/osesa.cl\/index.php\/producto\/cerradura-electronica-cerraduras-klav-cem558\/","og_locale":"es_ES","og_type":"article","og_title":"Cerradura electr\u00f3nica Cerraduras Klav CEM558 - Osesa","og_description":"Cerradura electr\u00f3nica Cerraduras Klav  Ver ficha t\u00e9cnica","og_url":"https:\/\/osesa.cl\/index.php\/producto\/cerradura-electronica-cerraduras-klav-cem558\/","og_site_name":"Osesa","article_modified_time":"2025-05-06T04:33:01+00:00","og_image":[{"url":"https:\/\/osesa.cl\/wp-content\/uploads\/2023\/07\/CEM558.jpg","width":1,"height":1,"type":"image\/jpeg"}],"twitter_card":"summary_large_image","twitter_misc":{"Tiempo de lectura":"1 minuto"},"schema":{"@context":"https:\/\/schema.org","@graph":[{"@type":"WebPage","@id":"https:\/\/osesa.cl\/index.php\/producto\/cerradura-electronica-cerraduras-klav-cem558\/","url":"https:\/\/osesa.cl\/index.php\/producto\/cerradura-electronica-cerraduras-klav-cem558\/","name":"Cerradura electr\u00f3nica Cerraduras Klav CEM558 - Osesa","isPartOf":{"@id":"https:\/\/osesa.cl\/#website"},"primaryImageOfPage":{"@id":"https:\/\/osesa.cl\/index.php\/producto\/cerradura-electronica-cerraduras-klav-cem558\/#primaryimage"},"image":{"@id":"https:\/\/osesa.cl\/index.php\/producto\/cerradura-electronica-cerraduras-klav-cem558\/#primaryimage"},"thumbnailUrl":"https:\/\/osesa.cl\/wp-content\/uploads\/2023\/07\/CEM558.jpg","datePublished":"2023-07-28T21:21:07+00:00","dateModified":"2025-05-06T04:33:01+00:00","breadcrumb":{"@id":"https:\/\/osesa.cl\/index.php\/producto\/cerradura-electronica-cerraduras-klav-cem558\/#breadcrumb"},"inLanguage":"es","potentialAction":[{"@type":"ReadAction","target":["https:\/\/osesa.cl\/index.php\/producto\/cerradura-electronica-cerraduras-klav-cem558\/"]}]},{"@type":"ImageObject","inLanguage":"es","@id":"https:\/\/osesa.cl\/index.php\/producto\/cerradura-electronica-cerraduras-klav-cem558\/#primaryimage","url":"https:\/\/osesa.cl\/wp-content\/uploads\/2023\/07\/CEM558.jpg","contentUrl":"https:\/\/osesa.cl\/wp-content\/uploads\/2023\/07\/CEM558.jpg"},{"@type":"BreadcrumbList","@id":"https:\/\/osesa.cl\/index.php\/producto\/cerradura-electronica-cerraduras-klav-cem558\/#breadcrumb","itemListElement":[{"@type":"ListItem","position":1,"name":"Portada","item":"https:\/\/osesa.cl\/"},{"@type":"ListItem","position":2,"name":"Tienda","item":"https:\/\/osesa.cl\/index.php\/tienda-2\/"},{"@type":"ListItem","position":3,"name":"Cerradura electr\u00f3nica Cerraduras Klav CEM558"}]},{"@type":"WebSite","@id":"https:\/\/osesa.cl\/#website","url":"https:\/\/osesa.cl\/","name":"Osesa","description":"","potentialAction":[{"@type":"SearchAction","target":{"@type":"EntryPoint","urlTemplate":"https:\/\/osesa.cl\/?s={search_term_string}"},"query-input":{"@type":"PropertyValueSpecification","valueRequired":true,"valueName":"search_term_string"}}],"inLanguage":"es"}]}},"_links":{"self":[{"href":"https:\/\/osesa.cl\/index.php\/wp-json\/wp\/v2\/product\/9213","targetHints":{"allow":["GET"]}}],"collection":[{"href":"https:\/\/osesa.cl\/index.php\/wp-json\/wp\/v2\/product"}],"about":[{"href":"https:\/\/osesa.cl\/index.php\/wp-json\/wp\/v2\/types\/product"}],"wp:featuredmedia":[{"embeddable":true,"href":"https:\/\/osesa.cl\/index.php\/wp-json\/wp\/v2\/media\/9214"}],"wp:attachment":[{"href":"https:\/\/osesa.cl\/index.php\/wp-json\/wp\/v2\/media?parent=9213"}],"wp:term":[{"taxonomy":"product_brand","embeddable":true,"href":"https:\/\/osesa.cl\/index.php\/wp-json\/wp\/v2\/product_brand?post=9213"},{"taxonomy":"product_cat","embeddable":true,"href":"https:\/\/osesa.cl\/index.php\/wp-json\/wp\/v2\/product_cat?post=9213"},{"taxonomy":"product_tag","embeddable":true,"href":"https:\/\/osesa.cl\/index.php\/wp-json\/wp\/v2\/product_tag?post=9213"}],"curies":[{"name":"wp","href":"https:\/\/api.w.org\/{rel}","templated":true}]}}