{"id":9222,"date":"2023-07-28T21:21:10","date_gmt":"2023-07-28T21:21:10","guid":{"rendered":"http:\/\/andesrank.cl\/?product=cerradura-locker-con-combinacion-anver-cem231"},"modified":"2025-10-01T13:48:25","modified_gmt":"2025-10-01T13:48:25","slug":"cerradura-locker-con-combinacion-cerraduras-klav-cem231","status":"publish","type":"product","link":"https:\/\/osesa.cl\/index.php\/producto\/cerradura-locker-con-combinacion-cerraduras-klav-cem231\/","title":{"rendered":"Cerradura Locker con combinaci\u00f3n Cerraduras Klav CEM231"},"content":{"rendered":"<p>Cerradura dise\u00f1ada espec\u00edficamente para lockers, ofreciendo un sistema de combinaci\u00f3n mec\u00e1nica que elimina la necesidad de llaves. Ideal para entornos escolares, gimnasios y oficinas, esta cerradura permite un acceso r\u00e1pido y seguro, con la posibilidad de reprogramar la combinaci\u00f3n seg\u00fan sea necesario. Fabricada con materiales resistentes al desgaste y al uso frecuente, garantiza durabilidad y funcionalidad a largo plazo. Su dise\u00f1o compacto y elegante facilita la integraci\u00f3n en diferentes tipos de mobiliario, asegurando una soluci\u00f3n pr\u00e1ctica y confiable para la gesti\u00f3n de espacios personales.<\/p>\n<p>&nbsp;<\/p>\n<p><iframe title=\"YouTube video player\" src=\"https:\/\/www.youtube.com\/embed\/vexljFxco44?si=hxp6CPhQARB0y7P-\" width=\"100%\" height=\"400\" frameborder=\"0\" allowfullscreen=\"allowfullscreen\"><\/iframe><\/p>\n","protected":false},"excerpt":{"rendered":"<p>Cerradura Locker con combinaci\u00f3n Cerraduras Klav Rectangular<\/p>\n<p><a class=\"ficha-desc\" href=\"https:\/\/osesa.cl\/wp-content\/uploads\/2023\/03\/CEM231.pdf\" target=\"_blank\" rel=\"noopener\">Ver ficha t\u00e9cnica<\/a><\/p>\n","protected":false},"featured_media":9430,"template":"","meta":{"_joinchat":[]},"product_brand":[],"product_cat":[179,91],"product_tag":[],"class_list":{"0":"post-9222","1":"product","2":"type-product","3":"status-publish","4":"has-post-thumbnail","6":"product_cat-cerraduras-mecanicas","7":"product_cat-cerraduras-para-muebles-klav","9":"first","10":"instock","11":"shipping-taxable","12":"product-type-simple"},"yoast_head":"<!-- This site is optimized with the Yoast SEO plugin v24.9 - https:\/\/yoast.com\/wordpress\/plugins\/seo\/ -->\n<title>Cerradura Locker con combinaci\u00f3n Cerraduras Klav CEM231 - Osesa<\/title>\n<meta name=\"robots\" content=\"index, follow, max-snippet:-1, max-image-preview:large, max-video-preview:-1\" \/>\n<link rel=\"canonical\" href=\"https:\/\/osesa.cl\/index.php\/producto\/cerradura-locker-con-combinacion-cerraduras-klav-cem231\/\" \/>\n<meta property=\"og:locale\" content=\"es_ES\" \/>\n<meta property=\"og:type\" content=\"article\" \/>\n<meta property=\"og:title\" content=\"Cerradura Locker con combinaci\u00f3n Cerraduras Klav CEM231 - Osesa\" \/>\n<meta property=\"og:description\" content=\"Cerradura Locker con combinaci\u00f3n Cerraduras Klav Rectangular  Ver ficha t\u00e9cnica\" \/>\n<meta property=\"og:url\" content=\"https:\/\/osesa.cl\/index.php\/producto\/cerradura-locker-con-combinacion-cerraduras-klav-cem231\/\" \/>\n<meta property=\"og:site_name\" content=\"Osesa\" \/>\n<meta property=\"article:modified_time\" content=\"2025-10-01T13:48:25+00:00\" \/>\n<meta property=\"og:image\" content=\"https:\/\/osesa.cl\/wp-content\/uploads\/2023\/07\/CEM0231.jpg\" \/>\n\t<meta property=\"og:image:width\" content=\"700\" \/>\n\t<meta property=\"og:image:height\" content=\"674\" \/>\n\t<meta property=\"og:image:type\" content=\"image\/jpeg\" \/>\n<meta name=\"twitter:card\" content=\"summary_large_image\" \/>\n<meta name=\"twitter:label1\" content=\"Tiempo de lectura\" \/>\n\t<meta name=\"twitter:data1\" content=\"1 minuto\" \/>\n<script type=\"application\/ld+json\" class=\"yoast-schema-graph\">{\"@context\":\"https:\/\/schema.org\",\"@graph\":[{\"@type\":\"WebPage\",\"@id\":\"https:\/\/osesa.cl\/index.php\/producto\/cerradura-locker-con-combinacion-cerraduras-klav-cem231\/\",\"url\":\"https:\/\/osesa.cl\/index.php\/producto\/cerradura-locker-con-combinacion-cerraduras-klav-cem231\/\",\"name\":\"Cerradura Locker con combinaci\u00f3n Cerraduras Klav CEM231 - Osesa\",\"isPartOf\":{\"@id\":\"https:\/\/osesa.cl\/#website\"},\"primaryImageOfPage\":{\"@id\":\"https:\/\/osesa.cl\/index.php\/producto\/cerradura-locker-con-combinacion-cerraduras-klav-cem231\/#primaryimage\"},\"image\":{\"@id\":\"https:\/\/osesa.cl\/index.php\/producto\/cerradura-locker-con-combinacion-cerraduras-klav-cem231\/#primaryimage\"},\"thumbnailUrl\":\"https:\/\/osesa.cl\/wp-content\/uploads\/2023\/07\/CEM0231.jpg\",\"datePublished\":\"2023-07-28T21:21:10+00:00\",\"dateModified\":\"2025-10-01T13:48:25+00:00\",\"breadcrumb\":{\"@id\":\"https:\/\/osesa.cl\/index.php\/producto\/cerradura-locker-con-combinacion-cerraduras-klav-cem231\/#breadcrumb\"},\"inLanguage\":\"es\",\"potentialAction\":[{\"@type\":\"ReadAction\",\"target\":[\"https:\/\/osesa.cl\/index.php\/producto\/cerradura-locker-con-combinacion-cerraduras-klav-cem231\/\"]}]},{\"@type\":\"ImageObject\",\"inLanguage\":\"es\",\"@id\":\"https:\/\/osesa.cl\/index.php\/producto\/cerradura-locker-con-combinacion-cerraduras-klav-cem231\/#primaryimage\",\"url\":\"https:\/\/osesa.cl\/wp-content\/uploads\/2023\/07\/CEM0231.jpg\",\"contentUrl\":\"https:\/\/osesa.cl\/wp-content\/uploads\/2023\/07\/CEM0231.jpg\",\"width\":700,\"height\":674},{\"@type\":\"BreadcrumbList\",\"@id\":\"https:\/\/osesa.cl\/index.php\/producto\/cerradura-locker-con-combinacion-cerraduras-klav-cem231\/#breadcrumb\",\"itemListElement\":[{\"@type\":\"ListItem\",\"position\":1,\"name\":\"Portada\",\"item\":\"https:\/\/osesa.cl\/\"},{\"@type\":\"ListItem\",\"position\":2,\"name\":\"Tienda\",\"item\":\"https:\/\/osesa.cl\/index.php\/tienda-2\/\"},{\"@type\":\"ListItem\",\"position\":3,\"name\":\"Cerradura Locker con combinaci\u00f3n Cerraduras Klav CEM231\"}]},{\"@type\":\"WebSite\",\"@id\":\"https:\/\/osesa.cl\/#website\",\"url\":\"https:\/\/osesa.cl\/\",\"name\":\"Osesa\",\"description\":\"\",\"potentialAction\":[{\"@type\":\"SearchAction\",\"target\":{\"@type\":\"EntryPoint\",\"urlTemplate\":\"https:\/\/osesa.cl\/?s={search_term_string}\"},\"query-input\":{\"@type\":\"PropertyValueSpecification\",\"valueRequired\":true,\"valueName\":\"search_term_string\"}}],\"inLanguage\":\"es\"}]}<\/script>\n<!-- \/ Yoast SEO plugin. -->","yoast_head_json":{"title":"Cerradura Locker con combinaci\u00f3n Cerraduras Klav CEM231 - Osesa","robots":{"index":"index","follow":"follow","max-snippet":"max-snippet:-1","max-image-preview":"max-image-preview:large","max-video-preview":"max-video-preview:-1"},"canonical":"https:\/\/osesa.cl\/index.php\/producto\/cerradura-locker-con-combinacion-cerraduras-klav-cem231\/","og_locale":"es_ES","og_type":"article","og_title":"Cerradura Locker con combinaci\u00f3n Cerraduras Klav CEM231 - Osesa","og_description":"Cerradura Locker con combinaci\u00f3n Cerraduras Klav Rectangular  Ver ficha t\u00e9cnica","og_url":"https:\/\/osesa.cl\/index.php\/producto\/cerradura-locker-con-combinacion-cerraduras-klav-cem231\/","og_site_name":"Osesa","article_modified_time":"2025-10-01T13:48:25+00:00","og_image":[{"width":700,"height":674,"url":"https:\/\/osesa.cl\/wp-content\/uploads\/2023\/07\/CEM0231.jpg","type":"image\/jpeg"}],"twitter_card":"summary_large_image","twitter_misc":{"Tiempo de lectura":"1 minuto"},"schema":{"@context":"https:\/\/schema.org","@graph":[{"@type":"WebPage","@id":"https:\/\/osesa.cl\/index.php\/producto\/cerradura-locker-con-combinacion-cerraduras-klav-cem231\/","url":"https:\/\/osesa.cl\/index.php\/producto\/cerradura-locker-con-combinacion-cerraduras-klav-cem231\/","name":"Cerradura Locker con combinaci\u00f3n Cerraduras Klav CEM231 - Osesa","isPartOf":{"@id":"https:\/\/osesa.cl\/#website"},"primaryImageOfPage":{"@id":"https:\/\/osesa.cl\/index.php\/producto\/cerradura-locker-con-combinacion-cerraduras-klav-cem231\/#primaryimage"},"image":{"@id":"https:\/\/osesa.cl\/index.php\/producto\/cerradura-locker-con-combinacion-cerraduras-klav-cem231\/#primaryimage"},"thumbnailUrl":"https:\/\/osesa.cl\/wp-content\/uploads\/2023\/07\/CEM0231.jpg","datePublished":"2023-07-28T21:21:10+00:00","dateModified":"2025-10-01T13:48:25+00:00","breadcrumb":{"@id":"https:\/\/osesa.cl\/index.php\/producto\/cerradura-locker-con-combinacion-cerraduras-klav-cem231\/#breadcrumb"},"inLanguage":"es","potentialAction":[{"@type":"ReadAction","target":["https:\/\/osesa.cl\/index.php\/producto\/cerradura-locker-con-combinacion-cerraduras-klav-cem231\/"]}]},{"@type":"ImageObject","inLanguage":"es","@id":"https:\/\/osesa.cl\/index.php\/producto\/cerradura-locker-con-combinacion-cerraduras-klav-cem231\/#primaryimage","url":"https:\/\/osesa.cl\/wp-content\/uploads\/2023\/07\/CEM0231.jpg","contentUrl":"https:\/\/osesa.cl\/wp-content\/uploads\/2023\/07\/CEM0231.jpg","width":700,"height":674},{"@type":"BreadcrumbList","@id":"https:\/\/osesa.cl\/index.php\/producto\/cerradura-locker-con-combinacion-cerraduras-klav-cem231\/#breadcrumb","itemListElement":[{"@type":"ListItem","position":1,"name":"Portada","item":"https:\/\/osesa.cl\/"},{"@type":"ListItem","position":2,"name":"Tienda","item":"https:\/\/osesa.cl\/index.php\/tienda-2\/"},{"@type":"ListItem","position":3,"name":"Cerradura Locker con combinaci\u00f3n Cerraduras Klav CEM231"}]},{"@type":"WebSite","@id":"https:\/\/osesa.cl\/#website","url":"https:\/\/osesa.cl\/","name":"Osesa","description":"","potentialAction":[{"@type":"SearchAction","target":{"@type":"EntryPoint","urlTemplate":"https:\/\/osesa.cl\/?s={search_term_string}"},"query-input":{"@type":"PropertyValueSpecification","valueRequired":true,"valueName":"search_term_string"}}],"inLanguage":"es"}]}},"_links":{"self":[{"href":"https:\/\/osesa.cl\/index.php\/wp-json\/wp\/v2\/product\/9222","targetHints":{"allow":["GET"]}}],"collection":[{"href":"https:\/\/osesa.cl\/index.php\/wp-json\/wp\/v2\/product"}],"about":[{"href":"https:\/\/osesa.cl\/index.php\/wp-json\/wp\/v2\/types\/product"}],"wp:featuredmedia":[{"embeddable":true,"href":"https:\/\/osesa.cl\/index.php\/wp-json\/wp\/v2\/media\/9430"}],"wp:attachment":[{"href":"https:\/\/osesa.cl\/index.php\/wp-json\/wp\/v2\/media?parent=9222"}],"wp:term":[{"taxonomy":"product_brand","embeddable":true,"href":"https:\/\/osesa.cl\/index.php\/wp-json\/wp\/v2\/product_brand?post=9222"},{"taxonomy":"product_cat","embeddable":true,"href":"https:\/\/osesa.cl\/index.php\/wp-json\/wp\/v2\/product_cat?post=9222"},{"taxonomy":"product_tag","embeddable":true,"href":"https:\/\/osesa.cl\/index.php\/wp-json\/wp\/v2\/product_tag?post=9222"}],"curies":[{"name":"wp","href":"https:\/\/api.w.org\/{rel}","templated":true}]}}