{"id":9247,"date":"2023-07-28T21:21:16","date_gmt":"2023-07-28T21:21:16","guid":{"rendered":"http:\/\/andesrank.cl\/?product=cerradura-mueble-anver-cem103"},"modified":"2025-04-09T04:29:40","modified_gmt":"2025-04-09T04:29:40","slug":"cerradura-mueble-cerraduras-klav-cem103","status":"publish","type":"product","link":"https:\/\/osesa.cl\/index.php\/producto\/cerradura-mueble-cerraduras-klav-cem103\/","title":{"rendered":"Cerradura mueble Cerraduras Klav CEM103"},"content":{"rendered":"<p>Cerradura dise\u00f1ada para puertas correderas de vidrio, ideal para vitrinas y mobiliario comercial que requiere un sistema de cierre seguro y funcional. Su acabado en n\u00edquel proporciona resistencia a la corrosi\u00f3n y una apariencia elegante. Cuenta con un mecanismo de regulaci\u00f3n de cremallera que permite un ajuste preciso para diferentes espesores de vidrio, asegurando un cierre eficiente. Su dise\u00f1o compacto y su longitud de 140 mm facilitan la instalaci\u00f3n y garantizan un desempe\u00f1o \u00f3ptimo en entornos de uso frecuente.<\/p>\n","protected":false},"excerpt":{"rendered":"<p>Cerradura mueble Cerraduras Klav para puertas correderas de vidrio<\/p>\n<p><a class=\"ficha-desc\" href=\"https:\/\/osesa.cl\/wp-content\/uploads\/2023\/03\/CEM103.pdf\" target=\"_blank\" rel=\"noopener\">Ver ficha t\u00e9cnica<\/a><\/p>\n","protected":false},"featured_media":9442,"template":"","meta":{"_joinchat":[]},"product_brand":[],"product_cat":[179,91],"product_tag":[],"class_list":{"0":"post-9247","1":"product","2":"type-product","3":"status-publish","4":"has-post-thumbnail","6":"product_cat-cerraduras-mecanicas","7":"product_cat-cerraduras-para-muebles-klav","9":"first","10":"instock","11":"shipping-taxable","12":"product-type-simple"},"yoast_head":"<!-- This site is optimized with the Yoast SEO plugin v24.9 - https:\/\/yoast.com\/wordpress\/plugins\/seo\/ -->\n<title>Cerradura mueble Cerraduras Klav CEM103 - Osesa<\/title>\n<meta name=\"robots\" content=\"index, follow, max-snippet:-1, max-image-preview:large, max-video-preview:-1\" \/>\n<link rel=\"canonical\" href=\"https:\/\/osesa.cl\/index.php\/producto\/cerradura-mueble-cerraduras-klav-cem103\/\" \/>\n<meta property=\"og:locale\" content=\"es_ES\" \/>\n<meta property=\"og:type\" content=\"article\" \/>\n<meta property=\"og:title\" content=\"Cerradura mueble Cerraduras Klav CEM103 - Osesa\" \/>\n<meta property=\"og:description\" content=\"Cerradura mueble Cerraduras Klav para puertas correderas de vidrio Ver ficha t\u00e9cnica\" \/>\n<meta property=\"og:url\" content=\"https:\/\/osesa.cl\/index.php\/producto\/cerradura-mueble-cerraduras-klav-cem103\/\" \/>\n<meta property=\"og:site_name\" content=\"Osesa\" \/>\n<meta property=\"article:modified_time\" content=\"2025-04-09T04:29:40+00:00\" \/>\n<meta property=\"og:image\" content=\"https:\/\/osesa.cl\/wp-content\/uploads\/2023\/07\/CEM0103-scaled.jpg\" \/>\n\t<meta property=\"og:image:width\" content=\"2560\" \/>\n\t<meta property=\"og:image:height\" content=\"2499\" \/>\n\t<meta property=\"og:image:type\" content=\"image\/jpeg\" \/>\n<meta name=\"twitter:card\" content=\"summary_large_image\" \/>\n<meta name=\"twitter:label1\" content=\"Tiempo de lectura\" \/>\n\t<meta name=\"twitter:data1\" content=\"1 minuto\" \/>\n<script type=\"application\/ld+json\" class=\"yoast-schema-graph\">{\"@context\":\"https:\/\/schema.org\",\"@graph\":[{\"@type\":\"WebPage\",\"@id\":\"https:\/\/osesa.cl\/index.php\/producto\/cerradura-mueble-cerraduras-klav-cem103\/\",\"url\":\"https:\/\/osesa.cl\/index.php\/producto\/cerradura-mueble-cerraduras-klav-cem103\/\",\"name\":\"Cerradura mueble Cerraduras Klav CEM103 - Osesa\",\"isPartOf\":{\"@id\":\"https:\/\/osesa.cl\/#website\"},\"primaryImageOfPage\":{\"@id\":\"https:\/\/osesa.cl\/index.php\/producto\/cerradura-mueble-cerraduras-klav-cem103\/#primaryimage\"},\"image\":{\"@id\":\"https:\/\/osesa.cl\/index.php\/producto\/cerradura-mueble-cerraduras-klav-cem103\/#primaryimage\"},\"thumbnailUrl\":\"https:\/\/osesa.cl\/wp-content\/uploads\/2023\/07\/CEM0103-scaled.jpg\",\"datePublished\":\"2023-07-28T21:21:16+00:00\",\"dateModified\":\"2025-04-09T04:29:40+00:00\",\"breadcrumb\":{\"@id\":\"https:\/\/osesa.cl\/index.php\/producto\/cerradura-mueble-cerraduras-klav-cem103\/#breadcrumb\"},\"inLanguage\":\"es\",\"potentialAction\":[{\"@type\":\"ReadAction\",\"target\":[\"https:\/\/osesa.cl\/index.php\/producto\/cerradura-mueble-cerraduras-klav-cem103\/\"]}]},{\"@type\":\"ImageObject\",\"inLanguage\":\"es\",\"@id\":\"https:\/\/osesa.cl\/index.php\/producto\/cerradura-mueble-cerraduras-klav-cem103\/#primaryimage\",\"url\":\"https:\/\/osesa.cl\/wp-content\/uploads\/2023\/07\/CEM0103-scaled.jpg\",\"contentUrl\":\"https:\/\/osesa.cl\/wp-content\/uploads\/2023\/07\/CEM0103-scaled.jpg\",\"width\":2560,\"height\":2499},{\"@type\":\"BreadcrumbList\",\"@id\":\"https:\/\/osesa.cl\/index.php\/producto\/cerradura-mueble-cerraduras-klav-cem103\/#breadcrumb\",\"itemListElement\":[{\"@type\":\"ListItem\",\"position\":1,\"name\":\"Portada\",\"item\":\"https:\/\/osesa.cl\/\"},{\"@type\":\"ListItem\",\"position\":2,\"name\":\"Tienda\",\"item\":\"https:\/\/osesa.cl\/index.php\/tienda-2\/\"},{\"@type\":\"ListItem\",\"position\":3,\"name\":\"Cerradura mueble Cerraduras Klav CEM103\"}]},{\"@type\":\"WebSite\",\"@id\":\"https:\/\/osesa.cl\/#website\",\"url\":\"https:\/\/osesa.cl\/\",\"name\":\"Osesa\",\"description\":\"\",\"potentialAction\":[{\"@type\":\"SearchAction\",\"target\":{\"@type\":\"EntryPoint\",\"urlTemplate\":\"https:\/\/osesa.cl\/?s={search_term_string}\"},\"query-input\":{\"@type\":\"PropertyValueSpecification\",\"valueRequired\":true,\"valueName\":\"search_term_string\"}}],\"inLanguage\":\"es\"}]}<\/script>\n<!-- \/ Yoast SEO plugin. -->","yoast_head_json":{"title":"Cerradura mueble Cerraduras Klav CEM103 - Osesa","robots":{"index":"index","follow":"follow","max-snippet":"max-snippet:-1","max-image-preview":"max-image-preview:large","max-video-preview":"max-video-preview:-1"},"canonical":"https:\/\/osesa.cl\/index.php\/producto\/cerradura-mueble-cerraduras-klav-cem103\/","og_locale":"es_ES","og_type":"article","og_title":"Cerradura mueble Cerraduras Klav CEM103 - Osesa","og_description":"Cerradura mueble Cerraduras Klav para puertas correderas de vidrio Ver ficha t\u00e9cnica","og_url":"https:\/\/osesa.cl\/index.php\/producto\/cerradura-mueble-cerraduras-klav-cem103\/","og_site_name":"Osesa","article_modified_time":"2025-04-09T04:29:40+00:00","og_image":[{"width":2560,"height":2499,"url":"https:\/\/osesa.cl\/wp-content\/uploads\/2023\/07\/CEM0103-scaled.jpg","type":"image\/jpeg"}],"twitter_card":"summary_large_image","twitter_misc":{"Tiempo de lectura":"1 minuto"},"schema":{"@context":"https:\/\/schema.org","@graph":[{"@type":"WebPage","@id":"https:\/\/osesa.cl\/index.php\/producto\/cerradura-mueble-cerraduras-klav-cem103\/","url":"https:\/\/osesa.cl\/index.php\/producto\/cerradura-mueble-cerraduras-klav-cem103\/","name":"Cerradura mueble Cerraduras Klav CEM103 - Osesa","isPartOf":{"@id":"https:\/\/osesa.cl\/#website"},"primaryImageOfPage":{"@id":"https:\/\/osesa.cl\/index.php\/producto\/cerradura-mueble-cerraduras-klav-cem103\/#primaryimage"},"image":{"@id":"https:\/\/osesa.cl\/index.php\/producto\/cerradura-mueble-cerraduras-klav-cem103\/#primaryimage"},"thumbnailUrl":"https:\/\/osesa.cl\/wp-content\/uploads\/2023\/07\/CEM0103-scaled.jpg","datePublished":"2023-07-28T21:21:16+00:00","dateModified":"2025-04-09T04:29:40+00:00","breadcrumb":{"@id":"https:\/\/osesa.cl\/index.php\/producto\/cerradura-mueble-cerraduras-klav-cem103\/#breadcrumb"},"inLanguage":"es","potentialAction":[{"@type":"ReadAction","target":["https:\/\/osesa.cl\/index.php\/producto\/cerradura-mueble-cerraduras-klav-cem103\/"]}]},{"@type":"ImageObject","inLanguage":"es","@id":"https:\/\/osesa.cl\/index.php\/producto\/cerradura-mueble-cerraduras-klav-cem103\/#primaryimage","url":"https:\/\/osesa.cl\/wp-content\/uploads\/2023\/07\/CEM0103-scaled.jpg","contentUrl":"https:\/\/osesa.cl\/wp-content\/uploads\/2023\/07\/CEM0103-scaled.jpg","width":2560,"height":2499},{"@type":"BreadcrumbList","@id":"https:\/\/osesa.cl\/index.php\/producto\/cerradura-mueble-cerraduras-klav-cem103\/#breadcrumb","itemListElement":[{"@type":"ListItem","position":1,"name":"Portada","item":"https:\/\/osesa.cl\/"},{"@type":"ListItem","position":2,"name":"Tienda","item":"https:\/\/osesa.cl\/index.php\/tienda-2\/"},{"@type":"ListItem","position":3,"name":"Cerradura mueble Cerraduras Klav CEM103"}]},{"@type":"WebSite","@id":"https:\/\/osesa.cl\/#website","url":"https:\/\/osesa.cl\/","name":"Osesa","description":"","potentialAction":[{"@type":"SearchAction","target":{"@type":"EntryPoint","urlTemplate":"https:\/\/osesa.cl\/?s={search_term_string}"},"query-input":{"@type":"PropertyValueSpecification","valueRequired":true,"valueName":"search_term_string"}}],"inLanguage":"es"}]}},"_links":{"self":[{"href":"https:\/\/osesa.cl\/index.php\/wp-json\/wp\/v2\/product\/9247","targetHints":{"allow":["GET"]}}],"collection":[{"href":"https:\/\/osesa.cl\/index.php\/wp-json\/wp\/v2\/product"}],"about":[{"href":"https:\/\/osesa.cl\/index.php\/wp-json\/wp\/v2\/types\/product"}],"wp:featuredmedia":[{"embeddable":true,"href":"https:\/\/osesa.cl\/index.php\/wp-json\/wp\/v2\/media\/9442"}],"wp:attachment":[{"href":"https:\/\/osesa.cl\/index.php\/wp-json\/wp\/v2\/media?parent=9247"}],"wp:term":[{"taxonomy":"product_brand","embeddable":true,"href":"https:\/\/osesa.cl\/index.php\/wp-json\/wp\/v2\/product_brand?post=9247"},{"taxonomy":"product_cat","embeddable":true,"href":"https:\/\/osesa.cl\/index.php\/wp-json\/wp\/v2\/product_cat?post=9247"},{"taxonomy":"product_tag","embeddable":true,"href":"https:\/\/osesa.cl\/index.php\/wp-json\/wp\/v2\/product_tag?post=9247"}],"curies":[{"name":"wp","href":"https:\/\/api.w.org\/{rel}","templated":true}]}}