{"id":9251,"date":"2023-07-28T21:21:19","date_gmt":"2023-07-28T21:21:19","guid":{"rendered":"http:\/\/andesrank.cl\/?product=cerradura-mueble-anver-cem213"},"modified":"2025-04-09T04:29:43","modified_gmt":"2025-04-09T04:29:43","slug":"cerradura-mueble-cerraduras-klav-cem213","status":"publish","type":"product","link":"https:\/\/osesa.cl\/index.php\/producto\/cerradura-mueble-cerraduras-klav-cem213\/","title":{"rendered":"Cerradura mueble Cerraduras Klav CEM213"},"content":{"rendered":"<p>La Cerradura de mueble Klav CEM213 es una soluci\u00f3n de seguridad dise\u00f1ada para cajoneras con sistema kardex frontal, proporcionando un cierre eficiente y seguro. Su acabado en n\u00edquel le otorga durabilidad y resistencia al uso diario. Incluye una barra de 1.200 mm de largo con accesorios para la instalaci\u00f3n en tres cajones, que comprende tres trampas, tres gu\u00edas met\u00e1licas y tornillos, asegurando un ajuste preciso y confiable. Ideal para aplicaciones en oficinas, archivadores y sistemas de almacenamiento que requieren un cierre seguro y organizado.<\/p>\n","protected":false},"excerpt":{"rendered":"<p>Cerradura mueble Cerraduras Klav kardex frontal para cajones<\/p>\n<p><a class=\"ficha-desc\" href=\"https:\/\/osesa.cl\/wp-content\/uploads\/2023\/03\/CEM213.pdf\" target=\"_blank\" rel=\"noopener\">Ver ficha t\u00e9cnica<\/a><\/p>\n","protected":false},"featured_media":9438,"template":"","meta":{"_joinchat":[]},"product_brand":[],"product_cat":[179,91],"product_tag":[],"class_list":{"0":"post-9251","1":"product","2":"type-product","3":"status-publish","4":"has-post-thumbnail","6":"product_cat-cerraduras-mecanicas","7":"product_cat-cerraduras-para-muebles-klav","9":"first","10":"instock","11":"shipping-taxable","12":"product-type-simple"},"yoast_head":"<!-- This site is optimized with the Yoast SEO plugin v24.9 - https:\/\/yoast.com\/wordpress\/plugins\/seo\/ -->\n<title>Cerradura mueble Cerraduras Klav CEM213 - Osesa<\/title>\n<meta name=\"robots\" content=\"index, follow, max-snippet:-1, max-image-preview:large, max-video-preview:-1\" \/>\n<link rel=\"canonical\" href=\"https:\/\/osesa.cl\/index.php\/producto\/cerradura-mueble-cerraduras-klav-cem213\/\" \/>\n<meta property=\"og:locale\" content=\"es_ES\" \/>\n<meta property=\"og:type\" content=\"article\" \/>\n<meta property=\"og:title\" content=\"Cerradura mueble Cerraduras Klav CEM213 - Osesa\" \/>\n<meta property=\"og:description\" content=\"Cerradura mueble Cerraduras Klav kardex frontal para cajones Ver ficha t\u00e9cnica\" \/>\n<meta property=\"og:url\" content=\"https:\/\/osesa.cl\/index.php\/producto\/cerradura-mueble-cerraduras-klav-cem213\/\" \/>\n<meta property=\"og:site_name\" content=\"Osesa\" \/>\n<meta property=\"article:modified_time\" content=\"2025-04-09T04:29:43+00:00\" \/>\n<meta property=\"og:image\" content=\"https:\/\/osesa.cl\/wp-content\/uploads\/2023\/07\/CEM0213-scaled.jpg\" \/>\n\t<meta property=\"og:image:width\" content=\"2560\" \/>\n\t<meta property=\"og:image:height\" content=\"2552\" \/>\n\t<meta property=\"og:image:type\" content=\"image\/jpeg\" \/>\n<meta name=\"twitter:card\" content=\"summary_large_image\" \/>\n<meta name=\"twitter:label1\" content=\"Tiempo de lectura\" \/>\n\t<meta name=\"twitter:data1\" content=\"1 minuto\" \/>\n<script type=\"application\/ld+json\" class=\"yoast-schema-graph\">{\"@context\":\"https:\/\/schema.org\",\"@graph\":[{\"@type\":\"WebPage\",\"@id\":\"https:\/\/osesa.cl\/index.php\/producto\/cerradura-mueble-cerraduras-klav-cem213\/\",\"url\":\"https:\/\/osesa.cl\/index.php\/producto\/cerradura-mueble-cerraduras-klav-cem213\/\",\"name\":\"Cerradura mueble Cerraduras Klav CEM213 - Osesa\",\"isPartOf\":{\"@id\":\"https:\/\/osesa.cl\/#website\"},\"primaryImageOfPage\":{\"@id\":\"https:\/\/osesa.cl\/index.php\/producto\/cerradura-mueble-cerraduras-klav-cem213\/#primaryimage\"},\"image\":{\"@id\":\"https:\/\/osesa.cl\/index.php\/producto\/cerradura-mueble-cerraduras-klav-cem213\/#primaryimage\"},\"thumbnailUrl\":\"https:\/\/osesa.cl\/wp-content\/uploads\/2023\/07\/CEM0213-scaled.jpg\",\"datePublished\":\"2023-07-28T21:21:19+00:00\",\"dateModified\":\"2025-04-09T04:29:43+00:00\",\"breadcrumb\":{\"@id\":\"https:\/\/osesa.cl\/index.php\/producto\/cerradura-mueble-cerraduras-klav-cem213\/#breadcrumb\"},\"inLanguage\":\"es\",\"potentialAction\":[{\"@type\":\"ReadAction\",\"target\":[\"https:\/\/osesa.cl\/index.php\/producto\/cerradura-mueble-cerraduras-klav-cem213\/\"]}]},{\"@type\":\"ImageObject\",\"inLanguage\":\"es\",\"@id\":\"https:\/\/osesa.cl\/index.php\/producto\/cerradura-mueble-cerraduras-klav-cem213\/#primaryimage\",\"url\":\"https:\/\/osesa.cl\/wp-content\/uploads\/2023\/07\/CEM0213-scaled.jpg\",\"contentUrl\":\"https:\/\/osesa.cl\/wp-content\/uploads\/2023\/07\/CEM0213-scaled.jpg\",\"width\":2560,\"height\":2552},{\"@type\":\"BreadcrumbList\",\"@id\":\"https:\/\/osesa.cl\/index.php\/producto\/cerradura-mueble-cerraduras-klav-cem213\/#breadcrumb\",\"itemListElement\":[{\"@type\":\"ListItem\",\"position\":1,\"name\":\"Portada\",\"item\":\"https:\/\/osesa.cl\/\"},{\"@type\":\"ListItem\",\"position\":2,\"name\":\"Tienda\",\"item\":\"https:\/\/osesa.cl\/index.php\/tienda-2\/\"},{\"@type\":\"ListItem\",\"position\":3,\"name\":\"Cerradura mueble Cerraduras Klav CEM213\"}]},{\"@type\":\"WebSite\",\"@id\":\"https:\/\/osesa.cl\/#website\",\"url\":\"https:\/\/osesa.cl\/\",\"name\":\"Osesa\",\"description\":\"\",\"potentialAction\":[{\"@type\":\"SearchAction\",\"target\":{\"@type\":\"EntryPoint\",\"urlTemplate\":\"https:\/\/osesa.cl\/?s={search_term_string}\"},\"query-input\":{\"@type\":\"PropertyValueSpecification\",\"valueRequired\":true,\"valueName\":\"search_term_string\"}}],\"inLanguage\":\"es\"}]}<\/script>\n<!-- \/ Yoast SEO plugin. -->","yoast_head_json":{"title":"Cerradura mueble Cerraduras Klav CEM213 - Osesa","robots":{"index":"index","follow":"follow","max-snippet":"max-snippet:-1","max-image-preview":"max-image-preview:large","max-video-preview":"max-video-preview:-1"},"canonical":"https:\/\/osesa.cl\/index.php\/producto\/cerradura-mueble-cerraduras-klav-cem213\/","og_locale":"es_ES","og_type":"article","og_title":"Cerradura mueble Cerraduras Klav CEM213 - Osesa","og_description":"Cerradura mueble Cerraduras Klav kardex frontal para cajones Ver ficha t\u00e9cnica","og_url":"https:\/\/osesa.cl\/index.php\/producto\/cerradura-mueble-cerraduras-klav-cem213\/","og_site_name":"Osesa","article_modified_time":"2025-04-09T04:29:43+00:00","og_image":[{"width":2560,"height":2552,"url":"https:\/\/osesa.cl\/wp-content\/uploads\/2023\/07\/CEM0213-scaled.jpg","type":"image\/jpeg"}],"twitter_card":"summary_large_image","twitter_misc":{"Tiempo de lectura":"1 minuto"},"schema":{"@context":"https:\/\/schema.org","@graph":[{"@type":"WebPage","@id":"https:\/\/osesa.cl\/index.php\/producto\/cerradura-mueble-cerraduras-klav-cem213\/","url":"https:\/\/osesa.cl\/index.php\/producto\/cerradura-mueble-cerraduras-klav-cem213\/","name":"Cerradura mueble Cerraduras Klav CEM213 - Osesa","isPartOf":{"@id":"https:\/\/osesa.cl\/#website"},"primaryImageOfPage":{"@id":"https:\/\/osesa.cl\/index.php\/producto\/cerradura-mueble-cerraduras-klav-cem213\/#primaryimage"},"image":{"@id":"https:\/\/osesa.cl\/index.php\/producto\/cerradura-mueble-cerraduras-klav-cem213\/#primaryimage"},"thumbnailUrl":"https:\/\/osesa.cl\/wp-content\/uploads\/2023\/07\/CEM0213-scaled.jpg","datePublished":"2023-07-28T21:21:19+00:00","dateModified":"2025-04-09T04:29:43+00:00","breadcrumb":{"@id":"https:\/\/osesa.cl\/index.php\/producto\/cerradura-mueble-cerraduras-klav-cem213\/#breadcrumb"},"inLanguage":"es","potentialAction":[{"@type":"ReadAction","target":["https:\/\/osesa.cl\/index.php\/producto\/cerradura-mueble-cerraduras-klav-cem213\/"]}]},{"@type":"ImageObject","inLanguage":"es","@id":"https:\/\/osesa.cl\/index.php\/producto\/cerradura-mueble-cerraduras-klav-cem213\/#primaryimage","url":"https:\/\/osesa.cl\/wp-content\/uploads\/2023\/07\/CEM0213-scaled.jpg","contentUrl":"https:\/\/osesa.cl\/wp-content\/uploads\/2023\/07\/CEM0213-scaled.jpg","width":2560,"height":2552},{"@type":"BreadcrumbList","@id":"https:\/\/osesa.cl\/index.php\/producto\/cerradura-mueble-cerraduras-klav-cem213\/#breadcrumb","itemListElement":[{"@type":"ListItem","position":1,"name":"Portada","item":"https:\/\/osesa.cl\/"},{"@type":"ListItem","position":2,"name":"Tienda","item":"https:\/\/osesa.cl\/index.php\/tienda-2\/"},{"@type":"ListItem","position":3,"name":"Cerradura mueble Cerraduras Klav CEM213"}]},{"@type":"WebSite","@id":"https:\/\/osesa.cl\/#website","url":"https:\/\/osesa.cl\/","name":"Osesa","description":"","potentialAction":[{"@type":"SearchAction","target":{"@type":"EntryPoint","urlTemplate":"https:\/\/osesa.cl\/?s={search_term_string}"},"query-input":{"@type":"PropertyValueSpecification","valueRequired":true,"valueName":"search_term_string"}}],"inLanguage":"es"}]}},"_links":{"self":[{"href":"https:\/\/osesa.cl\/index.php\/wp-json\/wp\/v2\/product\/9251","targetHints":{"allow":["GET"]}}],"collection":[{"href":"https:\/\/osesa.cl\/index.php\/wp-json\/wp\/v2\/product"}],"about":[{"href":"https:\/\/osesa.cl\/index.php\/wp-json\/wp\/v2\/types\/product"}],"wp:featuredmedia":[{"embeddable":true,"href":"https:\/\/osesa.cl\/index.php\/wp-json\/wp\/v2\/media\/9438"}],"wp:attachment":[{"href":"https:\/\/osesa.cl\/index.php\/wp-json\/wp\/v2\/media?parent=9251"}],"wp:term":[{"taxonomy":"product_brand","embeddable":true,"href":"https:\/\/osesa.cl\/index.php\/wp-json\/wp\/v2\/product_brand?post=9251"},{"taxonomy":"product_cat","embeddable":true,"href":"https:\/\/osesa.cl\/index.php\/wp-json\/wp\/v2\/product_cat?post=9251"},{"taxonomy":"product_tag","embeddable":true,"href":"https:\/\/osesa.cl\/index.php\/wp-json\/wp\/v2\/product_tag?post=9251"}],"curies":[{"name":"wp","href":"https:\/\/api.w.org\/{rel}","templated":true}]}}