{"id":9256,"date":"2023-07-28T21:21:20","date_gmt":"2023-07-28T21:21:20","guid":{"rendered":"http:\/\/andesrank.cl\/?product=cerradura-mueble-anver-cem709"},"modified":"2025-04-09T04:29:48","modified_gmt":"2025-04-09T04:29:48","slug":"cerradura-mueble-cerraduras-klav-cem709","status":"publish","type":"product","link":"https:\/\/osesa.cl\/index.php\/producto\/cerradura-mueble-cerraduras-klav-cem709\/","title":{"rendered":"Cerradura mueble Cerraduras Klav CEM709"},"content":{"rendered":"<p>La Cerradura de mueble Klav CEM709 est\u00e1 dise\u00f1ada para vitrinas y racks con puertas de abatir de doble hoja en vidrio. Se instala mediante perforaci\u00f3n del vidrio y cuenta con un acabado en n\u00edquel que proporciona resistencia y durabilidad. Su sistema de cilindro intercambiable ofrece hasta 1.200 combinaciones de seguridad y se acciona mediante una llave de perfil mapa. Compatible con vidrios de hasta 15 mm de espesor, incluye un recibidor plano para una instalaci\u00f3n segura y eficiente, brindando protecci\u00f3n confiable para exhibiciones y almacenamiento.<\/p>\n","protected":false},"excerpt":{"rendered":"<p>Cerradura mueble Cerraduras Klav Adaptador plano para guantera. Vidrio 2 hojas<\/p>\n","protected":false},"featured_media":9257,"template":"","meta":{"_joinchat":[]},"product_brand":[],"product_cat":[179,91],"product_tag":[],"class_list":{"0":"post-9256","1":"product","2":"type-product","3":"status-publish","4":"has-post-thumbnail","6":"product_cat-cerraduras-mecanicas","7":"product_cat-cerraduras-para-muebles-klav","9":"first","10":"instock","11":"shipping-taxable","12":"product-type-simple"},"yoast_head":"<!-- This site is optimized with the Yoast SEO plugin v24.9 - https:\/\/yoast.com\/wordpress\/plugins\/seo\/ -->\n<title>Cerradura mueble Cerraduras Klav CEM709 - Osesa<\/title>\n<meta name=\"robots\" content=\"index, follow, max-snippet:-1, max-image-preview:large, max-video-preview:-1\" \/>\n<link rel=\"canonical\" href=\"https:\/\/osesa.cl\/index.php\/producto\/cerradura-mueble-cerraduras-klav-cem709\/\" \/>\n<meta property=\"og:locale\" content=\"es_ES\" \/>\n<meta property=\"og:type\" content=\"article\" \/>\n<meta property=\"og:title\" content=\"Cerradura mueble Cerraduras Klav CEM709 - Osesa\" \/>\n<meta property=\"og:description\" content=\"Cerradura mueble Cerraduras Klav Adaptador plano para guantera. Vidrio 2 hojas\" \/>\n<meta property=\"og:url\" content=\"https:\/\/osesa.cl\/index.php\/producto\/cerradura-mueble-cerraduras-klav-cem709\/\" \/>\n<meta property=\"og:site_name\" content=\"Osesa\" \/>\n<meta property=\"article:modified_time\" content=\"2025-04-09T04:29:48+00:00\" \/>\n<meta property=\"og:image\" content=\"https:\/\/osesa.cl\/wp-content\/uploads\/2023\/07\/CEM709.jpg\" \/>\n\t<meta property=\"og:image:width\" content=\"1\" \/>\n\t<meta property=\"og:image:height\" content=\"1\" \/>\n\t<meta property=\"og:image:type\" content=\"image\/jpeg\" \/>\n<meta name=\"twitter:card\" content=\"summary_large_image\" \/>\n<meta name=\"twitter:label1\" content=\"Tiempo de lectura\" \/>\n\t<meta name=\"twitter:data1\" content=\"1 minuto\" \/>\n<script type=\"application\/ld+json\" class=\"yoast-schema-graph\">{\"@context\":\"https:\/\/schema.org\",\"@graph\":[{\"@type\":\"WebPage\",\"@id\":\"https:\/\/osesa.cl\/index.php\/producto\/cerradura-mueble-cerraduras-klav-cem709\/\",\"url\":\"https:\/\/osesa.cl\/index.php\/producto\/cerradura-mueble-cerraduras-klav-cem709\/\",\"name\":\"Cerradura mueble Cerraduras Klav CEM709 - Osesa\",\"isPartOf\":{\"@id\":\"https:\/\/osesa.cl\/#website\"},\"primaryImageOfPage\":{\"@id\":\"https:\/\/osesa.cl\/index.php\/producto\/cerradura-mueble-cerraduras-klav-cem709\/#primaryimage\"},\"image\":{\"@id\":\"https:\/\/osesa.cl\/index.php\/producto\/cerradura-mueble-cerraduras-klav-cem709\/#primaryimage\"},\"thumbnailUrl\":\"https:\/\/osesa.cl\/wp-content\/uploads\/2023\/07\/CEM709.jpg\",\"datePublished\":\"2023-07-28T21:21:20+00:00\",\"dateModified\":\"2025-04-09T04:29:48+00:00\",\"breadcrumb\":{\"@id\":\"https:\/\/osesa.cl\/index.php\/producto\/cerradura-mueble-cerraduras-klav-cem709\/#breadcrumb\"},\"inLanguage\":\"es\",\"potentialAction\":[{\"@type\":\"ReadAction\",\"target\":[\"https:\/\/osesa.cl\/index.php\/producto\/cerradura-mueble-cerraduras-klav-cem709\/\"]}]},{\"@type\":\"ImageObject\",\"inLanguage\":\"es\",\"@id\":\"https:\/\/osesa.cl\/index.php\/producto\/cerradura-mueble-cerraduras-klav-cem709\/#primaryimage\",\"url\":\"https:\/\/osesa.cl\/wp-content\/uploads\/2023\/07\/CEM709.jpg\",\"contentUrl\":\"https:\/\/osesa.cl\/wp-content\/uploads\/2023\/07\/CEM709.jpg\"},{\"@type\":\"BreadcrumbList\",\"@id\":\"https:\/\/osesa.cl\/index.php\/producto\/cerradura-mueble-cerraduras-klav-cem709\/#breadcrumb\",\"itemListElement\":[{\"@type\":\"ListItem\",\"position\":1,\"name\":\"Portada\",\"item\":\"https:\/\/osesa.cl\/\"},{\"@type\":\"ListItem\",\"position\":2,\"name\":\"Tienda\",\"item\":\"https:\/\/osesa.cl\/index.php\/tienda-2\/\"},{\"@type\":\"ListItem\",\"position\":3,\"name\":\"Cerradura mueble Cerraduras Klav CEM709\"}]},{\"@type\":\"WebSite\",\"@id\":\"https:\/\/osesa.cl\/#website\",\"url\":\"https:\/\/osesa.cl\/\",\"name\":\"Osesa\",\"description\":\"\",\"potentialAction\":[{\"@type\":\"SearchAction\",\"target\":{\"@type\":\"EntryPoint\",\"urlTemplate\":\"https:\/\/osesa.cl\/?s={search_term_string}\"},\"query-input\":{\"@type\":\"PropertyValueSpecification\",\"valueRequired\":true,\"valueName\":\"search_term_string\"}}],\"inLanguage\":\"es\"}]}<\/script>\n<!-- \/ Yoast SEO plugin. -->","yoast_head_json":{"title":"Cerradura mueble Cerraduras Klav CEM709 - Osesa","robots":{"index":"index","follow":"follow","max-snippet":"max-snippet:-1","max-image-preview":"max-image-preview:large","max-video-preview":"max-video-preview:-1"},"canonical":"https:\/\/osesa.cl\/index.php\/producto\/cerradura-mueble-cerraduras-klav-cem709\/","og_locale":"es_ES","og_type":"article","og_title":"Cerradura mueble Cerraduras Klav CEM709 - Osesa","og_description":"Cerradura mueble Cerraduras Klav Adaptador plano para guantera. Vidrio 2 hojas","og_url":"https:\/\/osesa.cl\/index.php\/producto\/cerradura-mueble-cerraduras-klav-cem709\/","og_site_name":"Osesa","article_modified_time":"2025-04-09T04:29:48+00:00","og_image":[{"url":"https:\/\/osesa.cl\/wp-content\/uploads\/2023\/07\/CEM709.jpg","width":1,"height":1,"type":"image\/jpeg"}],"twitter_card":"summary_large_image","twitter_misc":{"Tiempo de lectura":"1 minuto"},"schema":{"@context":"https:\/\/schema.org","@graph":[{"@type":"WebPage","@id":"https:\/\/osesa.cl\/index.php\/producto\/cerradura-mueble-cerraduras-klav-cem709\/","url":"https:\/\/osesa.cl\/index.php\/producto\/cerradura-mueble-cerraduras-klav-cem709\/","name":"Cerradura mueble Cerraduras Klav CEM709 - Osesa","isPartOf":{"@id":"https:\/\/osesa.cl\/#website"},"primaryImageOfPage":{"@id":"https:\/\/osesa.cl\/index.php\/producto\/cerradura-mueble-cerraduras-klav-cem709\/#primaryimage"},"image":{"@id":"https:\/\/osesa.cl\/index.php\/producto\/cerradura-mueble-cerraduras-klav-cem709\/#primaryimage"},"thumbnailUrl":"https:\/\/osesa.cl\/wp-content\/uploads\/2023\/07\/CEM709.jpg","datePublished":"2023-07-28T21:21:20+00:00","dateModified":"2025-04-09T04:29:48+00:00","breadcrumb":{"@id":"https:\/\/osesa.cl\/index.php\/producto\/cerradura-mueble-cerraduras-klav-cem709\/#breadcrumb"},"inLanguage":"es","potentialAction":[{"@type":"ReadAction","target":["https:\/\/osesa.cl\/index.php\/producto\/cerradura-mueble-cerraduras-klav-cem709\/"]}]},{"@type":"ImageObject","inLanguage":"es","@id":"https:\/\/osesa.cl\/index.php\/producto\/cerradura-mueble-cerraduras-klav-cem709\/#primaryimage","url":"https:\/\/osesa.cl\/wp-content\/uploads\/2023\/07\/CEM709.jpg","contentUrl":"https:\/\/osesa.cl\/wp-content\/uploads\/2023\/07\/CEM709.jpg"},{"@type":"BreadcrumbList","@id":"https:\/\/osesa.cl\/index.php\/producto\/cerradura-mueble-cerraduras-klav-cem709\/#breadcrumb","itemListElement":[{"@type":"ListItem","position":1,"name":"Portada","item":"https:\/\/osesa.cl\/"},{"@type":"ListItem","position":2,"name":"Tienda","item":"https:\/\/osesa.cl\/index.php\/tienda-2\/"},{"@type":"ListItem","position":3,"name":"Cerradura mueble Cerraduras Klav CEM709"}]},{"@type":"WebSite","@id":"https:\/\/osesa.cl\/#website","url":"https:\/\/osesa.cl\/","name":"Osesa","description":"","potentialAction":[{"@type":"SearchAction","target":{"@type":"EntryPoint","urlTemplate":"https:\/\/osesa.cl\/?s={search_term_string}"},"query-input":{"@type":"PropertyValueSpecification","valueRequired":true,"valueName":"search_term_string"}}],"inLanguage":"es"}]}},"_links":{"self":[{"href":"https:\/\/osesa.cl\/index.php\/wp-json\/wp\/v2\/product\/9256","targetHints":{"allow":["GET"]}}],"collection":[{"href":"https:\/\/osesa.cl\/index.php\/wp-json\/wp\/v2\/product"}],"about":[{"href":"https:\/\/osesa.cl\/index.php\/wp-json\/wp\/v2\/types\/product"}],"wp:featuredmedia":[{"embeddable":true,"href":"https:\/\/osesa.cl\/index.php\/wp-json\/wp\/v2\/media\/9257"}],"wp:attachment":[{"href":"https:\/\/osesa.cl\/index.php\/wp-json\/wp\/v2\/media?parent=9256"}],"wp:term":[{"taxonomy":"product_brand","embeddable":true,"href":"https:\/\/osesa.cl\/index.php\/wp-json\/wp\/v2\/product_brand?post=9256"},{"taxonomy":"product_cat","embeddable":true,"href":"https:\/\/osesa.cl\/index.php\/wp-json\/wp\/v2\/product_cat?post=9256"},{"taxonomy":"product_tag","embeddable":true,"href":"https:\/\/osesa.cl\/index.php\/wp-json\/wp\/v2\/product_tag?post=9256"}],"curies":[{"name":"wp","href":"https:\/\/api.w.org\/{rel}","templated":true}]}}