{"id":9260,"date":"2023-07-28T21:21:21","date_gmt":"2023-07-28T21:21:21","guid":{"rendered":"http:\/\/andesrank.cl\/?product=cerradura-para-puertas-de-vidrio-abloy-of430"},"modified":"2025-10-07T19:44:47","modified_gmt":"2025-10-07T19:44:47","slug":"cerradura-para-puertas-de-vidrio-abloy-of430","status":"publish","type":"product","link":"https:\/\/osesa.cl\/index.php\/producto\/cerradura-para-puertas-de-vidrio-abloy-of430\/","title":{"rendered":"Cerradura para Puertas de Vidrio ABLOY OF430"},"content":{"rendered":"<p>La Cerradura para Puertas de Vidrio ABLOY OF430 es una soluci\u00f3n de alta seguridad dise\u00f1ada para aplicaciones en vitrinas, puertas corredizas, gabinetes y otros muebles que requieren protecci\u00f3n confiable. Su mecanismo de bot\u00f3n permite un uso pr\u00e1ctico y eficiente, ideal para oficinas, casilleros y cofres de almacenamiento. Este modelo destaca por su compatibilidad con sistemas de amaestramiento, permitiendo integrarse con otros productos ABLOY para una gesti\u00f3n unificada de accesos. Est\u00e1 disponible en los perfiles de llave Sentry, Protec2 y Protec, asegurando un nivel de seguridad superior y una resistencia excepcional al desgaste.<\/p>\n<p>&nbsp;<\/p>\n<p><iframe title=\"YouTube video player\" src=\"https:\/\/www.youtube.com\/embed\/NIIwN8T133g?si=OzdwewvLOje2iBkC\" width=\"100%\" height=\"400\" frameborder=\"0\" allowfullscreen=\"allowfullscreen\"><\/iframe><\/p>\n","protected":false},"excerpt":{"rendered":"<p>Cerradura tipo bot\u00f3n para Puertas de Vidrio ABLOY OF430<\/p>\n","protected":false},"featured_media":9980,"template":"","meta":{"_joinchat":[]},"product_brand":[],"product_cat":[48,174],"product_tag":[],"class_list":{"0":"post-9260","1":"product","2":"type-product","3":"status-publish","4":"has-post-thumbnail","6":"product_cat-abloy","7":"product_cat-cerradura","9":"first","10":"instock","11":"shipping-taxable","12":"product-type-simple"},"yoast_head":"<!-- This site is optimized with the Yoast SEO plugin v24.9 - https:\/\/yoast.com\/wordpress\/plugins\/seo\/ -->\n<title>Cerradura para Puertas de Vidrio ABLOY OF430 - Osesa<\/title>\n<meta name=\"robots\" content=\"index, follow, max-snippet:-1, max-image-preview:large, max-video-preview:-1\" \/>\n<link rel=\"canonical\" href=\"https:\/\/osesa.cl\/index.php\/producto\/cerradura-para-puertas-de-vidrio-abloy-of430\/\" \/>\n<meta property=\"og:locale\" content=\"es_ES\" \/>\n<meta property=\"og:type\" content=\"article\" \/>\n<meta property=\"og:title\" content=\"Cerradura para Puertas de Vidrio ABLOY OF430 - Osesa\" \/>\n<meta property=\"og:description\" content=\"Cerradura tipo bot\u00f3n para Puertas de Vidrio ABLOY OF430\" \/>\n<meta property=\"og:url\" content=\"https:\/\/osesa.cl\/index.php\/producto\/cerradura-para-puertas-de-vidrio-abloy-of430\/\" \/>\n<meta property=\"og:site_name\" content=\"Osesa\" \/>\n<meta property=\"article:modified_time\" content=\"2025-10-07T19:44:47+00:00\" \/>\n<meta property=\"og:image\" content=\"https:\/\/osesa.cl\/wp-content\/uploads\/2023\/07\/OF430-scaled.jpg\" \/>\n\t<meta property=\"og:image:width\" content=\"2560\" \/>\n\t<meta property=\"og:image:height\" content=\"2560\" \/>\n\t<meta property=\"og:image:type\" content=\"image\/jpeg\" \/>\n<meta name=\"twitter:card\" content=\"summary_large_image\" \/>\n<meta name=\"twitter:label1\" content=\"Tiempo de lectura\" \/>\n\t<meta name=\"twitter:data1\" content=\"1 minuto\" \/>\n<script type=\"application\/ld+json\" class=\"yoast-schema-graph\">{\"@context\":\"https:\/\/schema.org\",\"@graph\":[{\"@type\":\"WebPage\",\"@id\":\"https:\/\/osesa.cl\/index.php\/producto\/cerradura-para-puertas-de-vidrio-abloy-of430\/\",\"url\":\"https:\/\/osesa.cl\/index.php\/producto\/cerradura-para-puertas-de-vidrio-abloy-of430\/\",\"name\":\"Cerradura para Puertas de Vidrio ABLOY OF430 - Osesa\",\"isPartOf\":{\"@id\":\"https:\/\/osesa.cl\/#website\"},\"primaryImageOfPage\":{\"@id\":\"https:\/\/osesa.cl\/index.php\/producto\/cerradura-para-puertas-de-vidrio-abloy-of430\/#primaryimage\"},\"image\":{\"@id\":\"https:\/\/osesa.cl\/index.php\/producto\/cerradura-para-puertas-de-vidrio-abloy-of430\/#primaryimage\"},\"thumbnailUrl\":\"https:\/\/osesa.cl\/wp-content\/uploads\/2023\/07\/OF430-scaled.jpg\",\"datePublished\":\"2023-07-28T21:21:21+00:00\",\"dateModified\":\"2025-10-07T19:44:47+00:00\",\"breadcrumb\":{\"@id\":\"https:\/\/osesa.cl\/index.php\/producto\/cerradura-para-puertas-de-vidrio-abloy-of430\/#breadcrumb\"},\"inLanguage\":\"es\",\"potentialAction\":[{\"@type\":\"ReadAction\",\"target\":[\"https:\/\/osesa.cl\/index.php\/producto\/cerradura-para-puertas-de-vidrio-abloy-of430\/\"]}]},{\"@type\":\"ImageObject\",\"inLanguage\":\"es\",\"@id\":\"https:\/\/osesa.cl\/index.php\/producto\/cerradura-para-puertas-de-vidrio-abloy-of430\/#primaryimage\",\"url\":\"https:\/\/osesa.cl\/wp-content\/uploads\/2023\/07\/OF430-scaled.jpg\",\"contentUrl\":\"https:\/\/osesa.cl\/wp-content\/uploads\/2023\/07\/OF430-scaled.jpg\",\"width\":2560,\"height\":2560},{\"@type\":\"BreadcrumbList\",\"@id\":\"https:\/\/osesa.cl\/index.php\/producto\/cerradura-para-puertas-de-vidrio-abloy-of430\/#breadcrumb\",\"itemListElement\":[{\"@type\":\"ListItem\",\"position\":1,\"name\":\"Portada\",\"item\":\"https:\/\/osesa.cl\/\"},{\"@type\":\"ListItem\",\"position\":2,\"name\":\"Tienda\",\"item\":\"https:\/\/osesa.cl\/index.php\/tienda-2\/\"},{\"@type\":\"ListItem\",\"position\":3,\"name\":\"Cerradura para Puertas de Vidrio ABLOY OF430\"}]},{\"@type\":\"WebSite\",\"@id\":\"https:\/\/osesa.cl\/#website\",\"url\":\"https:\/\/osesa.cl\/\",\"name\":\"Osesa\",\"description\":\"\",\"potentialAction\":[{\"@type\":\"SearchAction\",\"target\":{\"@type\":\"EntryPoint\",\"urlTemplate\":\"https:\/\/osesa.cl\/?s={search_term_string}\"},\"query-input\":{\"@type\":\"PropertyValueSpecification\",\"valueRequired\":true,\"valueName\":\"search_term_string\"}}],\"inLanguage\":\"es\"}]}<\/script>\n<!-- \/ Yoast SEO plugin. -->","yoast_head_json":{"title":"Cerradura para Puertas de Vidrio ABLOY OF430 - Osesa","robots":{"index":"index","follow":"follow","max-snippet":"max-snippet:-1","max-image-preview":"max-image-preview:large","max-video-preview":"max-video-preview:-1"},"canonical":"https:\/\/osesa.cl\/index.php\/producto\/cerradura-para-puertas-de-vidrio-abloy-of430\/","og_locale":"es_ES","og_type":"article","og_title":"Cerradura para Puertas de Vidrio ABLOY OF430 - Osesa","og_description":"Cerradura tipo bot\u00f3n para Puertas de Vidrio ABLOY OF430","og_url":"https:\/\/osesa.cl\/index.php\/producto\/cerradura-para-puertas-de-vidrio-abloy-of430\/","og_site_name":"Osesa","article_modified_time":"2025-10-07T19:44:47+00:00","og_image":[{"width":2560,"height":2560,"url":"https:\/\/osesa.cl\/wp-content\/uploads\/2023\/07\/OF430-scaled.jpg","type":"image\/jpeg"}],"twitter_card":"summary_large_image","twitter_misc":{"Tiempo de lectura":"1 minuto"},"schema":{"@context":"https:\/\/schema.org","@graph":[{"@type":"WebPage","@id":"https:\/\/osesa.cl\/index.php\/producto\/cerradura-para-puertas-de-vidrio-abloy-of430\/","url":"https:\/\/osesa.cl\/index.php\/producto\/cerradura-para-puertas-de-vidrio-abloy-of430\/","name":"Cerradura para Puertas de Vidrio ABLOY OF430 - Osesa","isPartOf":{"@id":"https:\/\/osesa.cl\/#website"},"primaryImageOfPage":{"@id":"https:\/\/osesa.cl\/index.php\/producto\/cerradura-para-puertas-de-vidrio-abloy-of430\/#primaryimage"},"image":{"@id":"https:\/\/osesa.cl\/index.php\/producto\/cerradura-para-puertas-de-vidrio-abloy-of430\/#primaryimage"},"thumbnailUrl":"https:\/\/osesa.cl\/wp-content\/uploads\/2023\/07\/OF430-scaled.jpg","datePublished":"2023-07-28T21:21:21+00:00","dateModified":"2025-10-07T19:44:47+00:00","breadcrumb":{"@id":"https:\/\/osesa.cl\/index.php\/producto\/cerradura-para-puertas-de-vidrio-abloy-of430\/#breadcrumb"},"inLanguage":"es","potentialAction":[{"@type":"ReadAction","target":["https:\/\/osesa.cl\/index.php\/producto\/cerradura-para-puertas-de-vidrio-abloy-of430\/"]}]},{"@type":"ImageObject","inLanguage":"es","@id":"https:\/\/osesa.cl\/index.php\/producto\/cerradura-para-puertas-de-vidrio-abloy-of430\/#primaryimage","url":"https:\/\/osesa.cl\/wp-content\/uploads\/2023\/07\/OF430-scaled.jpg","contentUrl":"https:\/\/osesa.cl\/wp-content\/uploads\/2023\/07\/OF430-scaled.jpg","width":2560,"height":2560},{"@type":"BreadcrumbList","@id":"https:\/\/osesa.cl\/index.php\/producto\/cerradura-para-puertas-de-vidrio-abloy-of430\/#breadcrumb","itemListElement":[{"@type":"ListItem","position":1,"name":"Portada","item":"https:\/\/osesa.cl\/"},{"@type":"ListItem","position":2,"name":"Tienda","item":"https:\/\/osesa.cl\/index.php\/tienda-2\/"},{"@type":"ListItem","position":3,"name":"Cerradura para Puertas de Vidrio ABLOY OF430"}]},{"@type":"WebSite","@id":"https:\/\/osesa.cl\/#website","url":"https:\/\/osesa.cl\/","name":"Osesa","description":"","potentialAction":[{"@type":"SearchAction","target":{"@type":"EntryPoint","urlTemplate":"https:\/\/osesa.cl\/?s={search_term_string}"},"query-input":{"@type":"PropertyValueSpecification","valueRequired":true,"valueName":"search_term_string"}}],"inLanguage":"es"}]}},"_links":{"self":[{"href":"https:\/\/osesa.cl\/index.php\/wp-json\/wp\/v2\/product\/9260","targetHints":{"allow":["GET"]}}],"collection":[{"href":"https:\/\/osesa.cl\/index.php\/wp-json\/wp\/v2\/product"}],"about":[{"href":"https:\/\/osesa.cl\/index.php\/wp-json\/wp\/v2\/types\/product"}],"wp:featuredmedia":[{"embeddable":true,"href":"https:\/\/osesa.cl\/index.php\/wp-json\/wp\/v2\/media\/9980"}],"wp:attachment":[{"href":"https:\/\/osesa.cl\/index.php\/wp-json\/wp\/v2\/media?parent=9260"}],"wp:term":[{"taxonomy":"product_brand","embeddable":true,"href":"https:\/\/osesa.cl\/index.php\/wp-json\/wp\/v2\/product_brand?post=9260"},{"taxonomy":"product_cat","embeddable":true,"href":"https:\/\/osesa.cl\/index.php\/wp-json\/wp\/v2\/product_cat?post=9260"},{"taxonomy":"product_tag","embeddable":true,"href":"https:\/\/osesa.cl\/index.php\/wp-json\/wp\/v2\/product_tag?post=9260"}],"curies":[{"name":"wp","href":"https:\/\/api.w.org\/{rel}","templated":true}]}}