{"id":9268,"date":"2023-07-28T21:21:24","date_gmt":"2023-07-28T21:21:24","guid":{"rendered":"http:\/\/andesrank.cl\/?product=cilindro-euro-estandar-abloy-cy321t"},"modified":"2025-10-07T19:41:41","modified_gmt":"2025-10-07T19:41:41","slug":"cilindro-euro-estandar-abloy-cy321t","status":"publish","type":"product","link":"https:\/\/osesa.cl\/index.php\/producto\/cilindro-euro-estandar-abloy-cy321t\/","title":{"rendered":"Cilindro Euro Estandar ABLOY CY321T"},"content":{"rendered":"<p>El cilindro Euro DIN ABLOY CY321T es un cilindro de perfil europeo dise\u00f1ado para cerraduras DIN, con longitud ajustable en incrementos de 5 mm y posici\u00f3n de leva configurable. Es compatible con los sistemas de llaves ABLOY PROTEC2, ABLOY PROTEC y ABLOY NOVEL. Est\u00e1 disponible en varios acabados, incluyendo cromo brillante, cromo satinado, n\u00edquel cepillado, lat\u00f3n brillante y lat\u00f3n satinado. Su longitud b\u00e1sica es de 31 mm, y puede ajustarse en incrementos de 5 mm desde 31 mm hasta 81 mm, y en incrementos de 10 mm desde 81 mm hasta 131 mm. El cilindro cumple con la norma DIN 18252 y tiene un peso aproximado de 0,17 kg.<\/p>\n<p>&nbsp;<\/p>\n<p><iframe title=\"YouTube video player\" src=\"https:\/\/www.youtube.com\/embed\/o8boPQ6UviE?si=006BX6s4Sr9MIND3\" width=\"100%\" height=\"400\" frameborder=\"0\" allowfullscreen=\"allowfullscreen\"><\/iframe><\/p>\n","protected":false},"excerpt":{"rendered":"<p>CILINDRO EURO ESTANDAR CR KD MOD. CY321T ABLOY<\/p>\n<p><a class=\"ficha-desc\" href=\"https:\/\/osesa.cl\/wp-content\/uploads\/2023\/03\/CY321T.pdf\" target=\"_blank\" rel=\"noopener\">Ver ficha t\u00e9cnica<\/a><\/p>\n","protected":false},"featured_media":9269,"template":"","meta":{"_joinchat":[]},"product_brand":[],"product_cat":[48,176],"product_tag":[],"class_list":{"0":"post-9268","1":"product","2":"type-product","3":"status-publish","4":"has-post-thumbnail","6":"product_cat-abloy","7":"product_cat-cilindro","9":"first","10":"instock","11":"shipping-taxable","12":"product-type-simple"},"yoast_head":"<!-- This site is optimized with the Yoast SEO plugin v24.9 - https:\/\/yoast.com\/wordpress\/plugins\/seo\/ -->\n<title>Cilindro Euro Estandar ABLOY CY321T - Osesa<\/title>\n<meta name=\"robots\" content=\"index, follow, max-snippet:-1, max-image-preview:large, max-video-preview:-1\" \/>\n<link rel=\"canonical\" href=\"https:\/\/osesa.cl\/index.php\/producto\/cilindro-euro-estandar-abloy-cy321t\/\" \/>\n<meta property=\"og:locale\" content=\"es_ES\" \/>\n<meta property=\"og:type\" content=\"article\" \/>\n<meta property=\"og:title\" content=\"Cilindro Euro Estandar ABLOY CY321T - Osesa\" \/>\n<meta property=\"og:description\" content=\"CILINDRO EURO ESTANDAR CR KD MOD. CY321T ABLOY  Ver ficha t\u00e9cnica\" \/>\n<meta property=\"og:url\" content=\"https:\/\/osesa.cl\/index.php\/producto\/cilindro-euro-estandar-abloy-cy321t\/\" \/>\n<meta property=\"og:site_name\" content=\"Osesa\" \/>\n<meta property=\"article:modified_time\" content=\"2025-10-07T19:41:41+00:00\" \/>\n<meta property=\"og:image\" content=\"https:\/\/osesa.cl\/wp-content\/uploads\/2023\/07\/CY321T.jpg\" \/>\n\t<meta property=\"og:image:width\" content=\"1\" \/>\n\t<meta property=\"og:image:height\" content=\"1\" \/>\n\t<meta property=\"og:image:type\" content=\"image\/jpeg\" \/>\n<meta name=\"twitter:card\" content=\"summary_large_image\" \/>\n<meta name=\"twitter:label1\" content=\"Tiempo de lectura\" \/>\n\t<meta name=\"twitter:data1\" content=\"1 minuto\" \/>\n<script type=\"application\/ld+json\" class=\"yoast-schema-graph\">{\"@context\":\"https:\/\/schema.org\",\"@graph\":[{\"@type\":\"WebPage\",\"@id\":\"https:\/\/osesa.cl\/index.php\/producto\/cilindro-euro-estandar-abloy-cy321t\/\",\"url\":\"https:\/\/osesa.cl\/index.php\/producto\/cilindro-euro-estandar-abloy-cy321t\/\",\"name\":\"Cilindro Euro Estandar ABLOY CY321T - Osesa\",\"isPartOf\":{\"@id\":\"https:\/\/osesa.cl\/#website\"},\"primaryImageOfPage\":{\"@id\":\"https:\/\/osesa.cl\/index.php\/producto\/cilindro-euro-estandar-abloy-cy321t\/#primaryimage\"},\"image\":{\"@id\":\"https:\/\/osesa.cl\/index.php\/producto\/cilindro-euro-estandar-abloy-cy321t\/#primaryimage\"},\"thumbnailUrl\":\"https:\/\/osesa.cl\/wp-content\/uploads\/2023\/07\/CY321T.jpg\",\"datePublished\":\"2023-07-28T21:21:24+00:00\",\"dateModified\":\"2025-10-07T19:41:41+00:00\",\"breadcrumb\":{\"@id\":\"https:\/\/osesa.cl\/index.php\/producto\/cilindro-euro-estandar-abloy-cy321t\/#breadcrumb\"},\"inLanguage\":\"es\",\"potentialAction\":[{\"@type\":\"ReadAction\",\"target\":[\"https:\/\/osesa.cl\/index.php\/producto\/cilindro-euro-estandar-abloy-cy321t\/\"]}]},{\"@type\":\"ImageObject\",\"inLanguage\":\"es\",\"@id\":\"https:\/\/osesa.cl\/index.php\/producto\/cilindro-euro-estandar-abloy-cy321t\/#primaryimage\",\"url\":\"https:\/\/osesa.cl\/wp-content\/uploads\/2023\/07\/CY321T.jpg\",\"contentUrl\":\"https:\/\/osesa.cl\/wp-content\/uploads\/2023\/07\/CY321T.jpg\"},{\"@type\":\"BreadcrumbList\",\"@id\":\"https:\/\/osesa.cl\/index.php\/producto\/cilindro-euro-estandar-abloy-cy321t\/#breadcrumb\",\"itemListElement\":[{\"@type\":\"ListItem\",\"position\":1,\"name\":\"Portada\",\"item\":\"https:\/\/osesa.cl\/\"},{\"@type\":\"ListItem\",\"position\":2,\"name\":\"Tienda\",\"item\":\"https:\/\/osesa.cl\/index.php\/tienda-2\/\"},{\"@type\":\"ListItem\",\"position\":3,\"name\":\"Cilindro Euro Estandar ABLOY CY321T\"}]},{\"@type\":\"WebSite\",\"@id\":\"https:\/\/osesa.cl\/#website\",\"url\":\"https:\/\/osesa.cl\/\",\"name\":\"Osesa\",\"description\":\"\",\"potentialAction\":[{\"@type\":\"SearchAction\",\"target\":{\"@type\":\"EntryPoint\",\"urlTemplate\":\"https:\/\/osesa.cl\/?s={search_term_string}\"},\"query-input\":{\"@type\":\"PropertyValueSpecification\",\"valueRequired\":true,\"valueName\":\"search_term_string\"}}],\"inLanguage\":\"es\"}]}<\/script>\n<!-- \/ Yoast SEO plugin. -->","yoast_head_json":{"title":"Cilindro Euro Estandar ABLOY CY321T - Osesa","robots":{"index":"index","follow":"follow","max-snippet":"max-snippet:-1","max-image-preview":"max-image-preview:large","max-video-preview":"max-video-preview:-1"},"canonical":"https:\/\/osesa.cl\/index.php\/producto\/cilindro-euro-estandar-abloy-cy321t\/","og_locale":"es_ES","og_type":"article","og_title":"Cilindro Euro Estandar ABLOY CY321T - Osesa","og_description":"CILINDRO EURO ESTANDAR CR KD MOD. CY321T ABLOY  Ver ficha t\u00e9cnica","og_url":"https:\/\/osesa.cl\/index.php\/producto\/cilindro-euro-estandar-abloy-cy321t\/","og_site_name":"Osesa","article_modified_time":"2025-10-07T19:41:41+00:00","og_image":[{"url":"https:\/\/osesa.cl\/wp-content\/uploads\/2023\/07\/CY321T.jpg","width":1,"height":1,"type":"image\/jpeg"}],"twitter_card":"summary_large_image","twitter_misc":{"Tiempo de lectura":"1 minuto"},"schema":{"@context":"https:\/\/schema.org","@graph":[{"@type":"WebPage","@id":"https:\/\/osesa.cl\/index.php\/producto\/cilindro-euro-estandar-abloy-cy321t\/","url":"https:\/\/osesa.cl\/index.php\/producto\/cilindro-euro-estandar-abloy-cy321t\/","name":"Cilindro Euro Estandar ABLOY CY321T - Osesa","isPartOf":{"@id":"https:\/\/osesa.cl\/#website"},"primaryImageOfPage":{"@id":"https:\/\/osesa.cl\/index.php\/producto\/cilindro-euro-estandar-abloy-cy321t\/#primaryimage"},"image":{"@id":"https:\/\/osesa.cl\/index.php\/producto\/cilindro-euro-estandar-abloy-cy321t\/#primaryimage"},"thumbnailUrl":"https:\/\/osesa.cl\/wp-content\/uploads\/2023\/07\/CY321T.jpg","datePublished":"2023-07-28T21:21:24+00:00","dateModified":"2025-10-07T19:41:41+00:00","breadcrumb":{"@id":"https:\/\/osesa.cl\/index.php\/producto\/cilindro-euro-estandar-abloy-cy321t\/#breadcrumb"},"inLanguage":"es","potentialAction":[{"@type":"ReadAction","target":["https:\/\/osesa.cl\/index.php\/producto\/cilindro-euro-estandar-abloy-cy321t\/"]}]},{"@type":"ImageObject","inLanguage":"es","@id":"https:\/\/osesa.cl\/index.php\/producto\/cilindro-euro-estandar-abloy-cy321t\/#primaryimage","url":"https:\/\/osesa.cl\/wp-content\/uploads\/2023\/07\/CY321T.jpg","contentUrl":"https:\/\/osesa.cl\/wp-content\/uploads\/2023\/07\/CY321T.jpg"},{"@type":"BreadcrumbList","@id":"https:\/\/osesa.cl\/index.php\/producto\/cilindro-euro-estandar-abloy-cy321t\/#breadcrumb","itemListElement":[{"@type":"ListItem","position":1,"name":"Portada","item":"https:\/\/osesa.cl\/"},{"@type":"ListItem","position":2,"name":"Tienda","item":"https:\/\/osesa.cl\/index.php\/tienda-2\/"},{"@type":"ListItem","position":3,"name":"Cilindro Euro Estandar ABLOY CY321T"}]},{"@type":"WebSite","@id":"https:\/\/osesa.cl\/#website","url":"https:\/\/osesa.cl\/","name":"Osesa","description":"","potentialAction":[{"@type":"SearchAction","target":{"@type":"EntryPoint","urlTemplate":"https:\/\/osesa.cl\/?s={search_term_string}"},"query-input":{"@type":"PropertyValueSpecification","valueRequired":true,"valueName":"search_term_string"}}],"inLanguage":"es"}]}},"_links":{"self":[{"href":"https:\/\/osesa.cl\/index.php\/wp-json\/wp\/v2\/product\/9268","targetHints":{"allow":["GET"]}}],"collection":[{"href":"https:\/\/osesa.cl\/index.php\/wp-json\/wp\/v2\/product"}],"about":[{"href":"https:\/\/osesa.cl\/index.php\/wp-json\/wp\/v2\/types\/product"}],"wp:featuredmedia":[{"embeddable":true,"href":"https:\/\/osesa.cl\/index.php\/wp-json\/wp\/v2\/media\/9269"}],"wp:attachment":[{"href":"https:\/\/osesa.cl\/index.php\/wp-json\/wp\/v2\/media?parent=9268"}],"wp:term":[{"taxonomy":"product_brand","embeddable":true,"href":"https:\/\/osesa.cl\/index.php\/wp-json\/wp\/v2\/product_brand?post=9268"},{"taxonomy":"product_cat","embeddable":true,"href":"https:\/\/osesa.cl\/index.php\/wp-json\/wp\/v2\/product_cat?post=9268"},{"taxonomy":"product_tag","embeddable":true,"href":"https:\/\/osesa.cl\/index.php\/wp-json\/wp\/v2\/product_tag?post=9268"}],"curies":[{"name":"wp","href":"https:\/\/api.w.org\/{rel}","templated":true}]}}