{"id":9274,"date":"2023-07-28T21:21:25","date_gmt":"2023-07-28T21:21:25","guid":{"rendered":"http:\/\/andesrank.cl\/?product=cilindro-mueble-anver-igualados-cil980"},"modified":"2025-04-09T04:30:02","modified_gmt":"2025-04-09T04:30:02","slug":"cilindro-mueble-cerraduras-klav-igualados-cil980","status":"publish","type":"product","link":"https:\/\/osesa.cl\/index.php\/producto\/cilindro-mueble-cerraduras-klav-igualados-cil980\/","title":{"rendered":"Cilindro mueble Cerraduras Klav Igualados CIL980"},"content":{"rendered":"<p>El cilindro Klav CIL980 es una soluci\u00f3n de seguridad confiable y vers\u00e1til dise\u00f1ada para proteger tus pertenencias en muebles de diversos tipos. Su dise\u00f1o compacto y funcional lo hace ideal para armarios, cajones, archivadores y otros muebles que requieran un cierre seguro. La principal ventaja de este modelo es que permite igualar varios cilindros, lo que significa que puedes abrir varios muebles con la misma llave, lo que facilita el uso y la gesti\u00f3n de las llaves. Este cilindro intercambiable permite cambiarlo de forma r\u00e1pida y sencilla en caso de p\u00e9rdida de llaves o necesidad de aumentar la seguridad. Fabricado en n\u00edquel, un material resistente a la corrosi\u00f3n y al desgaste, este cilindro incluye dos llaves con cabeza articulable para mayor comodidad y es compatible con todas las cerraduras intercambiables de Klav, excepto el modelo CEM243\/25 frontal kardex.<\/p>\n","protected":false},"excerpt":{"rendered":"<p>Cilindro Cerraduras Klav intercambiable<\/p>\n","protected":false},"featured_media":9275,"template":"","meta":{"_joinchat":[]},"product_brand":[],"product_cat":[91,180],"product_tag":[],"class_list":{"0":"post-9274","1":"product","2":"type-product","3":"status-publish","4":"has-post-thumbnail","6":"product_cat-cerraduras-para-muebles-klav","7":"product_cat-cilindro-cerraduras-klav","9":"first","10":"instock","11":"shipping-taxable","12":"product-type-simple"},"yoast_head":"<!-- This site is optimized with the Yoast SEO plugin v24.9 - https:\/\/yoast.com\/wordpress\/plugins\/seo\/ -->\n<title>Cilindro mueble Cerraduras Klav Igualados CIL980 - Osesa<\/title>\n<meta name=\"robots\" content=\"index, follow, max-snippet:-1, max-image-preview:large, max-video-preview:-1\" \/>\n<link rel=\"canonical\" href=\"https:\/\/osesa.cl\/index.php\/producto\/cilindro-mueble-cerraduras-klav-igualados-cil980\/\" \/>\n<meta property=\"og:locale\" content=\"es_ES\" \/>\n<meta property=\"og:type\" content=\"article\" \/>\n<meta property=\"og:title\" content=\"Cilindro mueble Cerraduras Klav Igualados CIL980 - Osesa\" \/>\n<meta property=\"og:description\" content=\"Cilindro Cerraduras Klav intercambiable\" \/>\n<meta property=\"og:url\" content=\"https:\/\/osesa.cl\/index.php\/producto\/cilindro-mueble-cerraduras-klav-igualados-cil980\/\" \/>\n<meta property=\"og:site_name\" content=\"Osesa\" \/>\n<meta property=\"article:modified_time\" content=\"2025-04-09T04:30:02+00:00\" \/>\n<meta property=\"og:image\" content=\"https:\/\/osesa.cl\/wp-content\/uploads\/2023\/07\/CIL980.jpg\" \/>\n\t<meta property=\"og:image:width\" content=\"1\" \/>\n\t<meta property=\"og:image:height\" content=\"1\" \/>\n\t<meta property=\"og:image:type\" content=\"image\/jpeg\" \/>\n<meta name=\"twitter:card\" content=\"summary_large_image\" \/>\n<meta name=\"twitter:label1\" content=\"Tiempo de lectura\" \/>\n\t<meta name=\"twitter:data1\" content=\"1 minuto\" \/>\n<script type=\"application\/ld+json\" class=\"yoast-schema-graph\">{\"@context\":\"https:\/\/schema.org\",\"@graph\":[{\"@type\":\"WebPage\",\"@id\":\"https:\/\/osesa.cl\/index.php\/producto\/cilindro-mueble-cerraduras-klav-igualados-cil980\/\",\"url\":\"https:\/\/osesa.cl\/index.php\/producto\/cilindro-mueble-cerraduras-klav-igualados-cil980\/\",\"name\":\"Cilindro mueble Cerraduras Klav Igualados CIL980 - Osesa\",\"isPartOf\":{\"@id\":\"https:\/\/osesa.cl\/#website\"},\"primaryImageOfPage\":{\"@id\":\"https:\/\/osesa.cl\/index.php\/producto\/cilindro-mueble-cerraduras-klav-igualados-cil980\/#primaryimage\"},\"image\":{\"@id\":\"https:\/\/osesa.cl\/index.php\/producto\/cilindro-mueble-cerraduras-klav-igualados-cil980\/#primaryimage\"},\"thumbnailUrl\":\"https:\/\/osesa.cl\/wp-content\/uploads\/2023\/07\/CIL980.jpg\",\"datePublished\":\"2023-07-28T21:21:25+00:00\",\"dateModified\":\"2025-04-09T04:30:02+00:00\",\"breadcrumb\":{\"@id\":\"https:\/\/osesa.cl\/index.php\/producto\/cilindro-mueble-cerraduras-klav-igualados-cil980\/#breadcrumb\"},\"inLanguage\":\"es\",\"potentialAction\":[{\"@type\":\"ReadAction\",\"target\":[\"https:\/\/osesa.cl\/index.php\/producto\/cilindro-mueble-cerraduras-klav-igualados-cil980\/\"]}]},{\"@type\":\"ImageObject\",\"inLanguage\":\"es\",\"@id\":\"https:\/\/osesa.cl\/index.php\/producto\/cilindro-mueble-cerraduras-klav-igualados-cil980\/#primaryimage\",\"url\":\"https:\/\/osesa.cl\/wp-content\/uploads\/2023\/07\/CIL980.jpg\",\"contentUrl\":\"https:\/\/osesa.cl\/wp-content\/uploads\/2023\/07\/CIL980.jpg\"},{\"@type\":\"BreadcrumbList\",\"@id\":\"https:\/\/osesa.cl\/index.php\/producto\/cilindro-mueble-cerraduras-klav-igualados-cil980\/#breadcrumb\",\"itemListElement\":[{\"@type\":\"ListItem\",\"position\":1,\"name\":\"Portada\",\"item\":\"https:\/\/osesa.cl\/\"},{\"@type\":\"ListItem\",\"position\":2,\"name\":\"Tienda\",\"item\":\"https:\/\/osesa.cl\/index.php\/tienda-2\/\"},{\"@type\":\"ListItem\",\"position\":3,\"name\":\"Cilindro mueble Cerraduras Klav Igualados CIL980\"}]},{\"@type\":\"WebSite\",\"@id\":\"https:\/\/osesa.cl\/#website\",\"url\":\"https:\/\/osesa.cl\/\",\"name\":\"Osesa\",\"description\":\"\",\"potentialAction\":[{\"@type\":\"SearchAction\",\"target\":{\"@type\":\"EntryPoint\",\"urlTemplate\":\"https:\/\/osesa.cl\/?s={search_term_string}\"},\"query-input\":{\"@type\":\"PropertyValueSpecification\",\"valueRequired\":true,\"valueName\":\"search_term_string\"}}],\"inLanguage\":\"es\"}]}<\/script>\n<!-- \/ Yoast SEO plugin. -->","yoast_head_json":{"title":"Cilindro mueble Cerraduras Klav Igualados CIL980 - Osesa","robots":{"index":"index","follow":"follow","max-snippet":"max-snippet:-1","max-image-preview":"max-image-preview:large","max-video-preview":"max-video-preview:-1"},"canonical":"https:\/\/osesa.cl\/index.php\/producto\/cilindro-mueble-cerraduras-klav-igualados-cil980\/","og_locale":"es_ES","og_type":"article","og_title":"Cilindro mueble Cerraduras Klav Igualados CIL980 - Osesa","og_description":"Cilindro Cerraduras Klav intercambiable","og_url":"https:\/\/osesa.cl\/index.php\/producto\/cilindro-mueble-cerraduras-klav-igualados-cil980\/","og_site_name":"Osesa","article_modified_time":"2025-04-09T04:30:02+00:00","og_image":[{"url":"https:\/\/osesa.cl\/wp-content\/uploads\/2023\/07\/CIL980.jpg","width":1,"height":1,"type":"image\/jpeg"}],"twitter_card":"summary_large_image","twitter_misc":{"Tiempo de lectura":"1 minuto"},"schema":{"@context":"https:\/\/schema.org","@graph":[{"@type":"WebPage","@id":"https:\/\/osesa.cl\/index.php\/producto\/cilindro-mueble-cerraduras-klav-igualados-cil980\/","url":"https:\/\/osesa.cl\/index.php\/producto\/cilindro-mueble-cerraduras-klav-igualados-cil980\/","name":"Cilindro mueble Cerraduras Klav Igualados CIL980 - Osesa","isPartOf":{"@id":"https:\/\/osesa.cl\/#website"},"primaryImageOfPage":{"@id":"https:\/\/osesa.cl\/index.php\/producto\/cilindro-mueble-cerraduras-klav-igualados-cil980\/#primaryimage"},"image":{"@id":"https:\/\/osesa.cl\/index.php\/producto\/cilindro-mueble-cerraduras-klav-igualados-cil980\/#primaryimage"},"thumbnailUrl":"https:\/\/osesa.cl\/wp-content\/uploads\/2023\/07\/CIL980.jpg","datePublished":"2023-07-28T21:21:25+00:00","dateModified":"2025-04-09T04:30:02+00:00","breadcrumb":{"@id":"https:\/\/osesa.cl\/index.php\/producto\/cilindro-mueble-cerraduras-klav-igualados-cil980\/#breadcrumb"},"inLanguage":"es","potentialAction":[{"@type":"ReadAction","target":["https:\/\/osesa.cl\/index.php\/producto\/cilindro-mueble-cerraduras-klav-igualados-cil980\/"]}]},{"@type":"ImageObject","inLanguage":"es","@id":"https:\/\/osesa.cl\/index.php\/producto\/cilindro-mueble-cerraduras-klav-igualados-cil980\/#primaryimage","url":"https:\/\/osesa.cl\/wp-content\/uploads\/2023\/07\/CIL980.jpg","contentUrl":"https:\/\/osesa.cl\/wp-content\/uploads\/2023\/07\/CIL980.jpg"},{"@type":"BreadcrumbList","@id":"https:\/\/osesa.cl\/index.php\/producto\/cilindro-mueble-cerraduras-klav-igualados-cil980\/#breadcrumb","itemListElement":[{"@type":"ListItem","position":1,"name":"Portada","item":"https:\/\/osesa.cl\/"},{"@type":"ListItem","position":2,"name":"Tienda","item":"https:\/\/osesa.cl\/index.php\/tienda-2\/"},{"@type":"ListItem","position":3,"name":"Cilindro mueble Cerraduras Klav Igualados CIL980"}]},{"@type":"WebSite","@id":"https:\/\/osesa.cl\/#website","url":"https:\/\/osesa.cl\/","name":"Osesa","description":"","potentialAction":[{"@type":"SearchAction","target":{"@type":"EntryPoint","urlTemplate":"https:\/\/osesa.cl\/?s={search_term_string}"},"query-input":{"@type":"PropertyValueSpecification","valueRequired":true,"valueName":"search_term_string"}}],"inLanguage":"es"}]}},"_links":{"self":[{"href":"https:\/\/osesa.cl\/index.php\/wp-json\/wp\/v2\/product\/9274","targetHints":{"allow":["GET"]}}],"collection":[{"href":"https:\/\/osesa.cl\/index.php\/wp-json\/wp\/v2\/product"}],"about":[{"href":"https:\/\/osesa.cl\/index.php\/wp-json\/wp\/v2\/types\/product"}],"wp:featuredmedia":[{"embeddable":true,"href":"https:\/\/osesa.cl\/index.php\/wp-json\/wp\/v2\/media\/9275"}],"wp:attachment":[{"href":"https:\/\/osesa.cl\/index.php\/wp-json\/wp\/v2\/media?parent=9274"}],"wp:term":[{"taxonomy":"product_brand","embeddable":true,"href":"https:\/\/osesa.cl\/index.php\/wp-json\/wp\/v2\/product_brand?post=9274"},{"taxonomy":"product_cat","embeddable":true,"href":"https:\/\/osesa.cl\/index.php\/wp-json\/wp\/v2\/product_cat?post=9274"},{"taxonomy":"product_tag","embeddable":true,"href":"https:\/\/osesa.cl\/index.php\/wp-json\/wp\/v2\/product_tag?post=9274"}],"curies":[{"name":"wp","href":"https:\/\/api.w.org\/{rel}","templated":true}]}}