{"id":9284,"date":"2023-07-28T21:21:26","date_gmt":"2023-07-28T21:21:26","guid":{"rendered":"http:\/\/andesrank.cl\/?product=cilindro-para-lockers-anver-cem233"},"modified":"2025-04-09T04:30:09","modified_gmt":"2025-04-09T04:30:09","slug":"cilindro-para-lockers-cerraduras-klav-cem233","status":"publish","type":"product","link":"https:\/\/osesa.cl\/index.php\/producto\/cilindro-para-lockers-cerraduras-klav-cem233\/","title":{"rendered":"Cilindro para lockers Cerraduras Klav CEM233"},"content":{"rendered":"<p>El cilindro de recambio para la cerradura de moneda Klav CEM233 est\u00e1 dise\u00f1ado para restaurar la funcionalidad de sistemas de cierre en lockers y casilleros que utilizan este modelo de cerradura. Fabricado con materiales de alta calidad, ofrece durabilidad y seguridad. El cilindro viene acompa\u00f1ado de dos llaves, facilitando el acceso y la gesti\u00f3n de los lockers. Este repuesto es ideal para mantener en \u00f3ptimas condiciones los sistemas de cierre en entornos como gimnasios, escuelas y otras instalaciones que emplean lockers con cerraduras de moneda CEM233.<\/p>\n","protected":false},"excerpt":{"rendered":"<p>Cilindro para cerradura de moneda para lockers Cerraduras Klav<\/p>\n","protected":false},"featured_media":8462,"template":"","meta":{"_joinchat":[]},"product_brand":[],"product_cat":[91,180],"product_tag":[],"class_list":{"0":"post-9284","1":"product","2":"type-product","3":"status-publish","4":"has-post-thumbnail","6":"product_cat-cerraduras-para-muebles-klav","7":"product_cat-cilindro-cerraduras-klav","9":"first","10":"instock","11":"shipping-taxable","12":"product-type-simple"},"yoast_head":"<!-- This site is optimized with the Yoast SEO plugin v24.9 - https:\/\/yoast.com\/wordpress\/plugins\/seo\/ -->\n<title>Cilindro para lockers Cerraduras Klav CEM233 - Osesa<\/title>\n<meta name=\"robots\" content=\"index, follow, max-snippet:-1, max-image-preview:large, max-video-preview:-1\" \/>\n<link rel=\"canonical\" href=\"https:\/\/osesa.cl\/index.php\/producto\/cilindro-para-lockers-cerraduras-klav-cem233\/\" \/>\n<meta property=\"og:locale\" content=\"es_ES\" \/>\n<meta property=\"og:type\" content=\"article\" \/>\n<meta property=\"og:title\" content=\"Cilindro para lockers Cerraduras Klav CEM233 - Osesa\" \/>\n<meta property=\"og:description\" content=\"Cilindro para cerradura de moneda para lockers Cerraduras Klav\" \/>\n<meta property=\"og:url\" content=\"https:\/\/osesa.cl\/index.php\/producto\/cilindro-para-lockers-cerraduras-klav-cem233\/\" \/>\n<meta property=\"og:site_name\" content=\"Osesa\" \/>\n<meta property=\"article:modified_time\" content=\"2025-04-09T04:30:09+00:00\" \/>\n<meta property=\"og:image\" content=\"https:\/\/osesa.cl\/wp-content\/uploads\/2023\/03\/PYP903-scaled.jpg\" \/>\n\t<meta property=\"og:image:width\" content=\"2560\" \/>\n\t<meta property=\"og:image:height\" content=\"2560\" \/>\n\t<meta property=\"og:image:type\" content=\"image\/jpeg\" \/>\n<meta name=\"twitter:card\" content=\"summary_large_image\" \/>\n<meta name=\"twitter:label1\" content=\"Tiempo de lectura\" \/>\n\t<meta name=\"twitter:data1\" content=\"1 minuto\" \/>\n<script type=\"application\/ld+json\" class=\"yoast-schema-graph\">{\"@context\":\"https:\/\/schema.org\",\"@graph\":[{\"@type\":\"WebPage\",\"@id\":\"https:\/\/osesa.cl\/index.php\/producto\/cilindro-para-lockers-cerraduras-klav-cem233\/\",\"url\":\"https:\/\/osesa.cl\/index.php\/producto\/cilindro-para-lockers-cerraduras-klav-cem233\/\",\"name\":\"Cilindro para lockers Cerraduras Klav CEM233 - Osesa\",\"isPartOf\":{\"@id\":\"https:\/\/osesa.cl\/#website\"},\"primaryImageOfPage\":{\"@id\":\"https:\/\/osesa.cl\/index.php\/producto\/cilindro-para-lockers-cerraduras-klav-cem233\/#primaryimage\"},\"image\":{\"@id\":\"https:\/\/osesa.cl\/index.php\/producto\/cilindro-para-lockers-cerraduras-klav-cem233\/#primaryimage\"},\"thumbnailUrl\":\"https:\/\/osesa.cl\/wp-content\/uploads\/2023\/03\/PYP903-scaled.jpg\",\"datePublished\":\"2023-07-28T21:21:26+00:00\",\"dateModified\":\"2025-04-09T04:30:09+00:00\",\"breadcrumb\":{\"@id\":\"https:\/\/osesa.cl\/index.php\/producto\/cilindro-para-lockers-cerraduras-klav-cem233\/#breadcrumb\"},\"inLanguage\":\"es\",\"potentialAction\":[{\"@type\":\"ReadAction\",\"target\":[\"https:\/\/osesa.cl\/index.php\/producto\/cilindro-para-lockers-cerraduras-klav-cem233\/\"]}]},{\"@type\":\"ImageObject\",\"inLanguage\":\"es\",\"@id\":\"https:\/\/osesa.cl\/index.php\/producto\/cilindro-para-lockers-cerraduras-klav-cem233\/#primaryimage\",\"url\":\"https:\/\/osesa.cl\/wp-content\/uploads\/2023\/03\/PYP903-scaled.jpg\",\"contentUrl\":\"https:\/\/osesa.cl\/wp-content\/uploads\/2023\/03\/PYP903-scaled.jpg\",\"width\":2560,\"height\":2560},{\"@type\":\"BreadcrumbList\",\"@id\":\"https:\/\/osesa.cl\/index.php\/producto\/cilindro-para-lockers-cerraduras-klav-cem233\/#breadcrumb\",\"itemListElement\":[{\"@type\":\"ListItem\",\"position\":1,\"name\":\"Portada\",\"item\":\"https:\/\/osesa.cl\/\"},{\"@type\":\"ListItem\",\"position\":2,\"name\":\"Tienda\",\"item\":\"https:\/\/osesa.cl\/index.php\/tienda-2\/\"},{\"@type\":\"ListItem\",\"position\":3,\"name\":\"Cilindro para lockers Cerraduras Klav CEM233\"}]},{\"@type\":\"WebSite\",\"@id\":\"https:\/\/osesa.cl\/#website\",\"url\":\"https:\/\/osesa.cl\/\",\"name\":\"Osesa\",\"description\":\"\",\"potentialAction\":[{\"@type\":\"SearchAction\",\"target\":{\"@type\":\"EntryPoint\",\"urlTemplate\":\"https:\/\/osesa.cl\/?s={search_term_string}\"},\"query-input\":{\"@type\":\"PropertyValueSpecification\",\"valueRequired\":true,\"valueName\":\"search_term_string\"}}],\"inLanguage\":\"es\"}]}<\/script>\n<!-- \/ Yoast SEO plugin. -->","yoast_head_json":{"title":"Cilindro para lockers Cerraduras Klav CEM233 - Osesa","robots":{"index":"index","follow":"follow","max-snippet":"max-snippet:-1","max-image-preview":"max-image-preview:large","max-video-preview":"max-video-preview:-1"},"canonical":"https:\/\/osesa.cl\/index.php\/producto\/cilindro-para-lockers-cerraduras-klav-cem233\/","og_locale":"es_ES","og_type":"article","og_title":"Cilindro para lockers Cerraduras Klav CEM233 - Osesa","og_description":"Cilindro para cerradura de moneda para lockers Cerraduras Klav","og_url":"https:\/\/osesa.cl\/index.php\/producto\/cilindro-para-lockers-cerraduras-klav-cem233\/","og_site_name":"Osesa","article_modified_time":"2025-04-09T04:30:09+00:00","og_image":[{"width":2560,"height":2560,"url":"https:\/\/osesa.cl\/wp-content\/uploads\/2023\/03\/PYP903-scaled.jpg","type":"image\/jpeg"}],"twitter_card":"summary_large_image","twitter_misc":{"Tiempo de lectura":"1 minuto"},"schema":{"@context":"https:\/\/schema.org","@graph":[{"@type":"WebPage","@id":"https:\/\/osesa.cl\/index.php\/producto\/cilindro-para-lockers-cerraduras-klav-cem233\/","url":"https:\/\/osesa.cl\/index.php\/producto\/cilindro-para-lockers-cerraduras-klav-cem233\/","name":"Cilindro para lockers Cerraduras Klav CEM233 - Osesa","isPartOf":{"@id":"https:\/\/osesa.cl\/#website"},"primaryImageOfPage":{"@id":"https:\/\/osesa.cl\/index.php\/producto\/cilindro-para-lockers-cerraduras-klav-cem233\/#primaryimage"},"image":{"@id":"https:\/\/osesa.cl\/index.php\/producto\/cilindro-para-lockers-cerraduras-klav-cem233\/#primaryimage"},"thumbnailUrl":"https:\/\/osesa.cl\/wp-content\/uploads\/2023\/03\/PYP903-scaled.jpg","datePublished":"2023-07-28T21:21:26+00:00","dateModified":"2025-04-09T04:30:09+00:00","breadcrumb":{"@id":"https:\/\/osesa.cl\/index.php\/producto\/cilindro-para-lockers-cerraduras-klav-cem233\/#breadcrumb"},"inLanguage":"es","potentialAction":[{"@type":"ReadAction","target":["https:\/\/osesa.cl\/index.php\/producto\/cilindro-para-lockers-cerraduras-klav-cem233\/"]}]},{"@type":"ImageObject","inLanguage":"es","@id":"https:\/\/osesa.cl\/index.php\/producto\/cilindro-para-lockers-cerraduras-klav-cem233\/#primaryimage","url":"https:\/\/osesa.cl\/wp-content\/uploads\/2023\/03\/PYP903-scaled.jpg","contentUrl":"https:\/\/osesa.cl\/wp-content\/uploads\/2023\/03\/PYP903-scaled.jpg","width":2560,"height":2560},{"@type":"BreadcrumbList","@id":"https:\/\/osesa.cl\/index.php\/producto\/cilindro-para-lockers-cerraduras-klav-cem233\/#breadcrumb","itemListElement":[{"@type":"ListItem","position":1,"name":"Portada","item":"https:\/\/osesa.cl\/"},{"@type":"ListItem","position":2,"name":"Tienda","item":"https:\/\/osesa.cl\/index.php\/tienda-2\/"},{"@type":"ListItem","position":3,"name":"Cilindro para lockers Cerraduras Klav CEM233"}]},{"@type":"WebSite","@id":"https:\/\/osesa.cl\/#website","url":"https:\/\/osesa.cl\/","name":"Osesa","description":"","potentialAction":[{"@type":"SearchAction","target":{"@type":"EntryPoint","urlTemplate":"https:\/\/osesa.cl\/?s={search_term_string}"},"query-input":{"@type":"PropertyValueSpecification","valueRequired":true,"valueName":"search_term_string"}}],"inLanguage":"es"}]}},"_links":{"self":[{"href":"https:\/\/osesa.cl\/index.php\/wp-json\/wp\/v2\/product\/9284","targetHints":{"allow":["GET"]}}],"collection":[{"href":"https:\/\/osesa.cl\/index.php\/wp-json\/wp\/v2\/product"}],"about":[{"href":"https:\/\/osesa.cl\/index.php\/wp-json\/wp\/v2\/types\/product"}],"wp:featuredmedia":[{"embeddable":true,"href":"https:\/\/osesa.cl\/index.php\/wp-json\/wp\/v2\/media\/8462"}],"wp:attachment":[{"href":"https:\/\/osesa.cl\/index.php\/wp-json\/wp\/v2\/media?parent=9284"}],"wp:term":[{"taxonomy":"product_brand","embeddable":true,"href":"https:\/\/osesa.cl\/index.php\/wp-json\/wp\/v2\/product_brand?post=9284"},{"taxonomy":"product_cat","embeddable":true,"href":"https:\/\/osesa.cl\/index.php\/wp-json\/wp\/v2\/product_cat?post=9284"},{"taxonomy":"product_tag","embeddable":true,"href":"https:\/\/osesa.cl\/index.php\/wp-json\/wp\/v2\/product_tag?post=9284"}],"curies":[{"name":"wp","href":"https:\/\/api.w.org\/{rel}","templated":true}]}}