{"id":9288,"date":"2023-07-28T21:21:29","date_gmt":"2023-07-28T21:21:29","guid":{"rendered":"http:\/\/andesrank.cl\/?product=containlock-reforzado-osesa"},"modified":"2025-04-09T04:30:12","modified_gmt":"2025-04-09T04:30:12","slug":"containlock-reforzado-osesa","status":"publish","type":"product","link":"https:\/\/osesa.cl\/index.php\/producto\/containlock-reforzado-osesa\/","title":{"rendered":"Containlock reforzado OSESA"},"content":{"rendered":"<p>El Containlock Reforzado es una versi\u00f3n mejorada del dispositivo original, desarrollado por OSESA para brindar mayor seguridad en aplicaciones que requieren protecci\u00f3n adicional. Al igual que el modelo est\u00e1ndar, est\u00e1 fabricado en acero SAE1045 y es compatible con candados ABLOY. La principal diferencia radica en su dise\u00f1o reforzado, que incluye caracter\u00edsticas adicionales para resistir intentos de manipulaci\u00f3n o vandalismo.<\/p>\n","protected":false},"excerpt":{"rendered":"<p>Containlock, soluci\u00f3n de bloqueo de las barras de las puertas de contenedores desarrollada por OSESA, ajustable, reforzado = antivand\u00e1lico<\/p>\n<p><a class=\"ficha-desc\" href=\"https:\/\/osesa.cl\/wp-content\/uploads\/2023\/03\/OSCL02.pdf\" target=\"_blank\" rel=\"noopener\">Ver ficha t\u00e9cnica<\/a><\/p>\n","protected":false},"featured_media":8454,"template":"","meta":{"_joinchat":[]},"product_brand":[],"product_cat":[130,128],"product_tag":[],"class_list":{"0":"post-9288","1":"product","2":"type-product","3":"status-publish","4":"has-post-thumbnail","6":"product_cat-desarrollo-osesa","7":"product_cat-osesa","9":"first","10":"instock","11":"shipping-taxable","12":"product-type-simple"},"yoast_head":"<!-- This site is optimized with the Yoast SEO plugin v24.9 - https:\/\/yoast.com\/wordpress\/plugins\/seo\/ -->\n<title>Containlock reforzado OSESA - Osesa<\/title>\n<meta name=\"robots\" content=\"index, follow, max-snippet:-1, max-image-preview:large, max-video-preview:-1\" \/>\n<link rel=\"canonical\" href=\"https:\/\/osesa.cl\/index.php\/producto\/containlock-reforzado-osesa\/\" \/>\n<meta property=\"og:locale\" content=\"es_ES\" \/>\n<meta property=\"og:type\" content=\"article\" \/>\n<meta property=\"og:title\" content=\"Containlock reforzado OSESA - Osesa\" \/>\n<meta property=\"og:description\" content=\"Containlock, soluci\u00f3n de bloqueo de las barras de las puertas de contenedores desarrollada por OSESA, ajustable, reforzado = antivand\u00e1lico Ver ficha t\u00e9cnica\" \/>\n<meta property=\"og:url\" content=\"https:\/\/osesa.cl\/index.php\/producto\/containlock-reforzado-osesa\/\" \/>\n<meta property=\"og:site_name\" content=\"Osesa\" \/>\n<meta property=\"article:modified_time\" content=\"2025-04-09T04:30:12+00:00\" \/>\n<meta property=\"og:image\" content=\"https:\/\/osesa.cl\/wp-content\/uploads\/2023\/03\/OSCL02_1-scaled.jpg\" \/>\n\t<meta property=\"og:image:width\" content=\"2560\" \/>\n\t<meta property=\"og:image:height\" content=\"2492\" \/>\n\t<meta property=\"og:image:type\" content=\"image\/jpeg\" \/>\n<meta name=\"twitter:card\" content=\"summary_large_image\" \/>\n<meta name=\"twitter:label1\" content=\"Tiempo de lectura\" \/>\n\t<meta name=\"twitter:data1\" content=\"1 minuto\" \/>\n<script type=\"application\/ld+json\" class=\"yoast-schema-graph\">{\"@context\":\"https:\/\/schema.org\",\"@graph\":[{\"@type\":\"WebPage\",\"@id\":\"https:\/\/osesa.cl\/index.php\/producto\/containlock-reforzado-osesa\/\",\"url\":\"https:\/\/osesa.cl\/index.php\/producto\/containlock-reforzado-osesa\/\",\"name\":\"Containlock reforzado OSESA - Osesa\",\"isPartOf\":{\"@id\":\"https:\/\/osesa.cl\/#website\"},\"primaryImageOfPage\":{\"@id\":\"https:\/\/osesa.cl\/index.php\/producto\/containlock-reforzado-osesa\/#primaryimage\"},\"image\":{\"@id\":\"https:\/\/osesa.cl\/index.php\/producto\/containlock-reforzado-osesa\/#primaryimage\"},\"thumbnailUrl\":\"https:\/\/osesa.cl\/wp-content\/uploads\/2023\/03\/OSCL02_1-scaled.jpg\",\"datePublished\":\"2023-07-28T21:21:29+00:00\",\"dateModified\":\"2025-04-09T04:30:12+00:00\",\"breadcrumb\":{\"@id\":\"https:\/\/osesa.cl\/index.php\/producto\/containlock-reforzado-osesa\/#breadcrumb\"},\"inLanguage\":\"es\",\"potentialAction\":[{\"@type\":\"ReadAction\",\"target\":[\"https:\/\/osesa.cl\/index.php\/producto\/containlock-reforzado-osesa\/\"]}]},{\"@type\":\"ImageObject\",\"inLanguage\":\"es\",\"@id\":\"https:\/\/osesa.cl\/index.php\/producto\/containlock-reforzado-osesa\/#primaryimage\",\"url\":\"https:\/\/osesa.cl\/wp-content\/uploads\/2023\/03\/OSCL02_1-scaled.jpg\",\"contentUrl\":\"https:\/\/osesa.cl\/wp-content\/uploads\/2023\/03\/OSCL02_1-scaled.jpg\",\"width\":2560,\"height\":2492},{\"@type\":\"BreadcrumbList\",\"@id\":\"https:\/\/osesa.cl\/index.php\/producto\/containlock-reforzado-osesa\/#breadcrumb\",\"itemListElement\":[{\"@type\":\"ListItem\",\"position\":1,\"name\":\"Portada\",\"item\":\"https:\/\/osesa.cl\/\"},{\"@type\":\"ListItem\",\"position\":2,\"name\":\"Tienda\",\"item\":\"https:\/\/osesa.cl\/index.php\/tienda-2\/\"},{\"@type\":\"ListItem\",\"position\":3,\"name\":\"Containlock reforzado OSESA\"}]},{\"@type\":\"WebSite\",\"@id\":\"https:\/\/osesa.cl\/#website\",\"url\":\"https:\/\/osesa.cl\/\",\"name\":\"Osesa\",\"description\":\"\",\"potentialAction\":[{\"@type\":\"SearchAction\",\"target\":{\"@type\":\"EntryPoint\",\"urlTemplate\":\"https:\/\/osesa.cl\/?s={search_term_string}\"},\"query-input\":{\"@type\":\"PropertyValueSpecification\",\"valueRequired\":true,\"valueName\":\"search_term_string\"}}],\"inLanguage\":\"es\"}]}<\/script>\n<!-- \/ Yoast SEO plugin. -->","yoast_head_json":{"title":"Containlock reforzado OSESA - Osesa","robots":{"index":"index","follow":"follow","max-snippet":"max-snippet:-1","max-image-preview":"max-image-preview:large","max-video-preview":"max-video-preview:-1"},"canonical":"https:\/\/osesa.cl\/index.php\/producto\/containlock-reforzado-osesa\/","og_locale":"es_ES","og_type":"article","og_title":"Containlock reforzado OSESA - Osesa","og_description":"Containlock, soluci\u00f3n de bloqueo de las barras de las puertas de contenedores desarrollada por OSESA, ajustable, reforzado = antivand\u00e1lico Ver ficha t\u00e9cnica","og_url":"https:\/\/osesa.cl\/index.php\/producto\/containlock-reforzado-osesa\/","og_site_name":"Osesa","article_modified_time":"2025-04-09T04:30:12+00:00","og_image":[{"width":2560,"height":2492,"url":"https:\/\/osesa.cl\/wp-content\/uploads\/2023\/03\/OSCL02_1-scaled.jpg","type":"image\/jpeg"}],"twitter_card":"summary_large_image","twitter_misc":{"Tiempo de lectura":"1 minuto"},"schema":{"@context":"https:\/\/schema.org","@graph":[{"@type":"WebPage","@id":"https:\/\/osesa.cl\/index.php\/producto\/containlock-reforzado-osesa\/","url":"https:\/\/osesa.cl\/index.php\/producto\/containlock-reforzado-osesa\/","name":"Containlock reforzado OSESA - Osesa","isPartOf":{"@id":"https:\/\/osesa.cl\/#website"},"primaryImageOfPage":{"@id":"https:\/\/osesa.cl\/index.php\/producto\/containlock-reforzado-osesa\/#primaryimage"},"image":{"@id":"https:\/\/osesa.cl\/index.php\/producto\/containlock-reforzado-osesa\/#primaryimage"},"thumbnailUrl":"https:\/\/osesa.cl\/wp-content\/uploads\/2023\/03\/OSCL02_1-scaled.jpg","datePublished":"2023-07-28T21:21:29+00:00","dateModified":"2025-04-09T04:30:12+00:00","breadcrumb":{"@id":"https:\/\/osesa.cl\/index.php\/producto\/containlock-reforzado-osesa\/#breadcrumb"},"inLanguage":"es","potentialAction":[{"@type":"ReadAction","target":["https:\/\/osesa.cl\/index.php\/producto\/containlock-reforzado-osesa\/"]}]},{"@type":"ImageObject","inLanguage":"es","@id":"https:\/\/osesa.cl\/index.php\/producto\/containlock-reforzado-osesa\/#primaryimage","url":"https:\/\/osesa.cl\/wp-content\/uploads\/2023\/03\/OSCL02_1-scaled.jpg","contentUrl":"https:\/\/osesa.cl\/wp-content\/uploads\/2023\/03\/OSCL02_1-scaled.jpg","width":2560,"height":2492},{"@type":"BreadcrumbList","@id":"https:\/\/osesa.cl\/index.php\/producto\/containlock-reforzado-osesa\/#breadcrumb","itemListElement":[{"@type":"ListItem","position":1,"name":"Portada","item":"https:\/\/osesa.cl\/"},{"@type":"ListItem","position":2,"name":"Tienda","item":"https:\/\/osesa.cl\/index.php\/tienda-2\/"},{"@type":"ListItem","position":3,"name":"Containlock reforzado OSESA"}]},{"@type":"WebSite","@id":"https:\/\/osesa.cl\/#website","url":"https:\/\/osesa.cl\/","name":"Osesa","description":"","potentialAction":[{"@type":"SearchAction","target":{"@type":"EntryPoint","urlTemplate":"https:\/\/osesa.cl\/?s={search_term_string}"},"query-input":{"@type":"PropertyValueSpecification","valueRequired":true,"valueName":"search_term_string"}}],"inLanguage":"es"}]}},"_links":{"self":[{"href":"https:\/\/osesa.cl\/index.php\/wp-json\/wp\/v2\/product\/9288","targetHints":{"allow":["GET"]}}],"collection":[{"href":"https:\/\/osesa.cl\/index.php\/wp-json\/wp\/v2\/product"}],"about":[{"href":"https:\/\/osesa.cl\/index.php\/wp-json\/wp\/v2\/types\/product"}],"wp:featuredmedia":[{"embeddable":true,"href":"https:\/\/osesa.cl\/index.php\/wp-json\/wp\/v2\/media\/8454"}],"wp:attachment":[{"href":"https:\/\/osesa.cl\/index.php\/wp-json\/wp\/v2\/media?parent=9288"}],"wp:term":[{"taxonomy":"product_brand","embeddable":true,"href":"https:\/\/osesa.cl\/index.php\/wp-json\/wp\/v2\/product_brand?post=9288"},{"taxonomy":"product_cat","embeddable":true,"href":"https:\/\/osesa.cl\/index.php\/wp-json\/wp\/v2\/product_cat?post=9288"},{"taxonomy":"product_tag","embeddable":true,"href":"https:\/\/osesa.cl\/index.php\/wp-json\/wp\/v2\/product_tag?post=9288"}],"curies":[{"name":"wp","href":"https:\/\/api.w.org\/{rel}","templated":true}]}}