{"id":9293,"date":"2023-07-28T21:21:30","date_gmt":"2023-07-28T21:21:30","guid":{"rendered":"http:\/\/andesrank.cl\/?product=escudo-protector-abloy-ch102"},"modified":"2025-04-09T04:30:17","modified_gmt":"2025-04-09T04:30:17","slug":"escudo-protector-abloy-ch102","status":"publish","type":"product","link":"https:\/\/osesa.cl\/index.php\/producto\/escudo-protector-abloy-ch102\/","title":{"rendered":"Escudo Protector ABLOY CH102"},"content":{"rendered":"<p>El Escudo Protector ABLOY CH102 es una roseta de perfil de aluminio dise\u00f1ada para puertas de perfil estrecho. Este accesorio act\u00faa como anillo protector del cilindro en el interior de la cerradura, proporcionando una capa adicional de seguridad y durabilidad. Es compatible con cilindros de perfil europeo y est\u00e1 fabricado con materiales de alta calidad para garantizar una protecci\u00f3n \u00f3ptima contra intentos de manipulaci\u00f3n o vandalismo.<\/p>\n","protected":false},"excerpt":{"rendered":"<p>ESCUDO PROTECTOR Roseta Perfil Aluminio<\/p>\n","protected":false},"featured_media":9294,"template":"","meta":{"_joinchat":[]},"product_brand":[],"product_cat":[48],"product_tag":[],"class_list":{"0":"post-9293","1":"product","2":"type-product","3":"status-publish","4":"has-post-thumbnail","6":"product_cat-abloy","8":"first","9":"instock","10":"shipping-taxable","11":"product-type-simple"},"yoast_head":"<!-- This site is optimized with the Yoast SEO plugin v24.9 - https:\/\/yoast.com\/wordpress\/plugins\/seo\/ -->\n<title>Escudo Protector ABLOY CH102 - Osesa<\/title>\n<meta name=\"robots\" content=\"index, follow, max-snippet:-1, max-image-preview:large, max-video-preview:-1\" \/>\n<link rel=\"canonical\" href=\"https:\/\/osesa.cl\/index.php\/producto\/escudo-protector-abloy-ch102\/\" \/>\n<meta property=\"og:locale\" content=\"es_ES\" \/>\n<meta property=\"og:type\" content=\"article\" \/>\n<meta property=\"og:title\" content=\"Escudo Protector ABLOY CH102 - Osesa\" \/>\n<meta property=\"og:description\" content=\"ESCUDO PROTECTOR Roseta Perfil Aluminio\" \/>\n<meta property=\"og:url\" content=\"https:\/\/osesa.cl\/index.php\/producto\/escudo-protector-abloy-ch102\/\" \/>\n<meta property=\"og:site_name\" content=\"Osesa\" \/>\n<meta property=\"article:modified_time\" content=\"2025-04-09T04:30:17+00:00\" \/>\n<meta property=\"og:image\" content=\"https:\/\/osesa.cl\/wp-content\/uploads\/2023\/07\/CH102.jpg\" \/>\n\t<meta property=\"og:image:width\" content=\"1\" \/>\n\t<meta property=\"og:image:height\" content=\"1\" \/>\n\t<meta property=\"og:image:type\" content=\"image\/jpeg\" \/>\n<meta name=\"twitter:card\" content=\"summary_large_image\" \/>\n<script type=\"application\/ld+json\" class=\"yoast-schema-graph\">{\"@context\":\"https:\/\/schema.org\",\"@graph\":[{\"@type\":\"WebPage\",\"@id\":\"https:\/\/osesa.cl\/index.php\/producto\/escudo-protector-abloy-ch102\/\",\"url\":\"https:\/\/osesa.cl\/index.php\/producto\/escudo-protector-abloy-ch102\/\",\"name\":\"Escudo Protector ABLOY CH102 - Osesa\",\"isPartOf\":{\"@id\":\"https:\/\/osesa.cl\/#website\"},\"primaryImageOfPage\":{\"@id\":\"https:\/\/osesa.cl\/index.php\/producto\/escudo-protector-abloy-ch102\/#primaryimage\"},\"image\":{\"@id\":\"https:\/\/osesa.cl\/index.php\/producto\/escudo-protector-abloy-ch102\/#primaryimage\"},\"thumbnailUrl\":\"https:\/\/osesa.cl\/wp-content\/uploads\/2023\/07\/CH102.jpg\",\"datePublished\":\"2023-07-28T21:21:30+00:00\",\"dateModified\":\"2025-04-09T04:30:17+00:00\",\"breadcrumb\":{\"@id\":\"https:\/\/osesa.cl\/index.php\/producto\/escudo-protector-abloy-ch102\/#breadcrumb\"},\"inLanguage\":\"es\",\"potentialAction\":[{\"@type\":\"ReadAction\",\"target\":[\"https:\/\/osesa.cl\/index.php\/producto\/escudo-protector-abloy-ch102\/\"]}]},{\"@type\":\"ImageObject\",\"inLanguage\":\"es\",\"@id\":\"https:\/\/osesa.cl\/index.php\/producto\/escudo-protector-abloy-ch102\/#primaryimage\",\"url\":\"https:\/\/osesa.cl\/wp-content\/uploads\/2023\/07\/CH102.jpg\",\"contentUrl\":\"https:\/\/osesa.cl\/wp-content\/uploads\/2023\/07\/CH102.jpg\"},{\"@type\":\"BreadcrumbList\",\"@id\":\"https:\/\/osesa.cl\/index.php\/producto\/escudo-protector-abloy-ch102\/#breadcrumb\",\"itemListElement\":[{\"@type\":\"ListItem\",\"position\":1,\"name\":\"Portada\",\"item\":\"https:\/\/osesa.cl\/\"},{\"@type\":\"ListItem\",\"position\":2,\"name\":\"Tienda\",\"item\":\"https:\/\/osesa.cl\/index.php\/tienda-2\/\"},{\"@type\":\"ListItem\",\"position\":3,\"name\":\"Escudo Protector ABLOY CH102\"}]},{\"@type\":\"WebSite\",\"@id\":\"https:\/\/osesa.cl\/#website\",\"url\":\"https:\/\/osesa.cl\/\",\"name\":\"Osesa\",\"description\":\"\",\"potentialAction\":[{\"@type\":\"SearchAction\",\"target\":{\"@type\":\"EntryPoint\",\"urlTemplate\":\"https:\/\/osesa.cl\/?s={search_term_string}\"},\"query-input\":{\"@type\":\"PropertyValueSpecification\",\"valueRequired\":true,\"valueName\":\"search_term_string\"}}],\"inLanguage\":\"es\"}]}<\/script>\n<!-- \/ Yoast SEO plugin. -->","yoast_head_json":{"title":"Escudo Protector ABLOY CH102 - Osesa","robots":{"index":"index","follow":"follow","max-snippet":"max-snippet:-1","max-image-preview":"max-image-preview:large","max-video-preview":"max-video-preview:-1"},"canonical":"https:\/\/osesa.cl\/index.php\/producto\/escudo-protector-abloy-ch102\/","og_locale":"es_ES","og_type":"article","og_title":"Escudo Protector ABLOY CH102 - Osesa","og_description":"ESCUDO PROTECTOR Roseta Perfil Aluminio","og_url":"https:\/\/osesa.cl\/index.php\/producto\/escudo-protector-abloy-ch102\/","og_site_name":"Osesa","article_modified_time":"2025-04-09T04:30:17+00:00","og_image":[{"url":"https:\/\/osesa.cl\/wp-content\/uploads\/2023\/07\/CH102.jpg","width":1,"height":1,"type":"image\/jpeg"}],"twitter_card":"summary_large_image","schema":{"@context":"https:\/\/schema.org","@graph":[{"@type":"WebPage","@id":"https:\/\/osesa.cl\/index.php\/producto\/escudo-protector-abloy-ch102\/","url":"https:\/\/osesa.cl\/index.php\/producto\/escudo-protector-abloy-ch102\/","name":"Escudo Protector ABLOY CH102 - Osesa","isPartOf":{"@id":"https:\/\/osesa.cl\/#website"},"primaryImageOfPage":{"@id":"https:\/\/osesa.cl\/index.php\/producto\/escudo-protector-abloy-ch102\/#primaryimage"},"image":{"@id":"https:\/\/osesa.cl\/index.php\/producto\/escudo-protector-abloy-ch102\/#primaryimage"},"thumbnailUrl":"https:\/\/osesa.cl\/wp-content\/uploads\/2023\/07\/CH102.jpg","datePublished":"2023-07-28T21:21:30+00:00","dateModified":"2025-04-09T04:30:17+00:00","breadcrumb":{"@id":"https:\/\/osesa.cl\/index.php\/producto\/escudo-protector-abloy-ch102\/#breadcrumb"},"inLanguage":"es","potentialAction":[{"@type":"ReadAction","target":["https:\/\/osesa.cl\/index.php\/producto\/escudo-protector-abloy-ch102\/"]}]},{"@type":"ImageObject","inLanguage":"es","@id":"https:\/\/osesa.cl\/index.php\/producto\/escudo-protector-abloy-ch102\/#primaryimage","url":"https:\/\/osesa.cl\/wp-content\/uploads\/2023\/07\/CH102.jpg","contentUrl":"https:\/\/osesa.cl\/wp-content\/uploads\/2023\/07\/CH102.jpg"},{"@type":"BreadcrumbList","@id":"https:\/\/osesa.cl\/index.php\/producto\/escudo-protector-abloy-ch102\/#breadcrumb","itemListElement":[{"@type":"ListItem","position":1,"name":"Portada","item":"https:\/\/osesa.cl\/"},{"@type":"ListItem","position":2,"name":"Tienda","item":"https:\/\/osesa.cl\/index.php\/tienda-2\/"},{"@type":"ListItem","position":3,"name":"Escudo Protector ABLOY CH102"}]},{"@type":"WebSite","@id":"https:\/\/osesa.cl\/#website","url":"https:\/\/osesa.cl\/","name":"Osesa","description":"","potentialAction":[{"@type":"SearchAction","target":{"@type":"EntryPoint","urlTemplate":"https:\/\/osesa.cl\/?s={search_term_string}"},"query-input":{"@type":"PropertyValueSpecification","valueRequired":true,"valueName":"search_term_string"}}],"inLanguage":"es"}]}},"_links":{"self":[{"href":"https:\/\/osesa.cl\/index.php\/wp-json\/wp\/v2\/product\/9293","targetHints":{"allow":["GET"]}}],"collection":[{"href":"https:\/\/osesa.cl\/index.php\/wp-json\/wp\/v2\/product"}],"about":[{"href":"https:\/\/osesa.cl\/index.php\/wp-json\/wp\/v2\/types\/product"}],"wp:featuredmedia":[{"embeddable":true,"href":"https:\/\/osesa.cl\/index.php\/wp-json\/wp\/v2\/media\/9294"}],"wp:attachment":[{"href":"https:\/\/osesa.cl\/index.php\/wp-json\/wp\/v2\/media?parent=9293"}],"wp:term":[{"taxonomy":"product_brand","embeddable":true,"href":"https:\/\/osesa.cl\/index.php\/wp-json\/wp\/v2\/product_brand?post=9293"},{"taxonomy":"product_cat","embeddable":true,"href":"https:\/\/osesa.cl\/index.php\/wp-json\/wp\/v2\/product_cat?post=9293"},{"taxonomy":"product_tag","embeddable":true,"href":"https:\/\/osesa.cl\/index.php\/wp-json\/wp\/v2\/product_tag?post=9293"}],"curies":[{"name":"wp","href":"https:\/\/api.w.org\/{rel}","templated":true}]}}