{"id":9295,"date":"2023-07-28T21:21:30","date_gmt":"2023-07-28T21:21:30","guid":{"rendered":"http:\/\/andesrank.cl\/?product=hub-aperio-ah20"},"modified":"2025-04-09T04:30:17","modified_gmt":"2025-04-09T04:30:17","slug":"hub-aperio-ah20","status":"publish","type":"product","link":"https:\/\/osesa.cl\/index.php\/producto\/hub-aperio-ah20\/","title":{"rendered":"Hub APERIO AH20"},"content":{"rendered":"<p>El Hub APERIO AH20 es un concentrador de comunicaci\u00f3n inal\u00e1mbrica que act\u00faa como enlace entre las cerraduras inal\u00e1mbricas Aperio y el sistema de control de acceso electr\u00f3nico del OEM, transmitiendo datos de credenciales en una direcci\u00f3n y decisiones de acceso en la otra. Este dispositivo utiliza una interfaz inal\u00e1mbrica basada en IEEE 802.15.4 para comunicarse con las cerraduras Aperio y se conecta al sistema de control de acceso a trav\u00e9s de una interfaz Wiegand. El AH20 est\u00e1 dise\u00f1ado para una comunicaci\u00f3n 1 a 1 entre la cerradura y el hub.<\/p>\n","protected":false},"excerpt":{"rendered":"<p>CONCENTRADOR HUB WIEGAND CERRADURA APERIO MOD. AH20 ABLOY<\/p>\n","protected":false},"featured_media":8385,"template":"","meta":{"_joinchat":[]},"product_brand":[],"product_cat":[48,170],"product_tag":[],"class_list":{"0":"post-9295","1":"product","2":"type-product","3":"status-publish","4":"has-post-thumbnail","6":"product_cat-abloy","7":"product_cat-aperio","9":"first","10":"instock","11":"shipping-taxable","12":"product-type-simple"},"yoast_head":"<!-- This site is optimized with the Yoast SEO plugin v24.9 - https:\/\/yoast.com\/wordpress\/plugins\/seo\/ -->\n<title>Hub APERIO AH20 - Osesa<\/title>\n<meta name=\"robots\" content=\"index, follow, max-snippet:-1, max-image-preview:large, max-video-preview:-1\" \/>\n<link rel=\"canonical\" href=\"https:\/\/osesa.cl\/index.php\/producto\/hub-aperio-ah20\/\" \/>\n<meta property=\"og:locale\" content=\"es_ES\" \/>\n<meta property=\"og:type\" content=\"article\" \/>\n<meta property=\"og:title\" content=\"Hub APERIO AH20 - Osesa\" \/>\n<meta property=\"og:description\" content=\"CONCENTRADOR HUB WIEGAND CERRADURA APERIO MOD. AH20 ABLOY\" \/>\n<meta property=\"og:url\" content=\"https:\/\/osesa.cl\/index.php\/producto\/hub-aperio-ah20\/\" \/>\n<meta property=\"og:site_name\" content=\"Osesa\" \/>\n<meta property=\"article:modified_time\" content=\"2025-04-09T04:30:17+00:00\" \/>\n<meta property=\"og:image\" content=\"https:\/\/osesa.cl\/wp-content\/uploads\/2023\/03\/AH20.jpg\" \/>\n\t<meta property=\"og:image:width\" content=\"1896\" \/>\n\t<meta property=\"og:image:height\" content=\"1904\" \/>\n\t<meta property=\"og:image:type\" content=\"image\/jpeg\" \/>\n<meta name=\"twitter:card\" content=\"summary_large_image\" \/>\n<script type=\"application\/ld+json\" class=\"yoast-schema-graph\">{\"@context\":\"https:\/\/schema.org\",\"@graph\":[{\"@type\":\"WebPage\",\"@id\":\"https:\/\/osesa.cl\/index.php\/producto\/hub-aperio-ah20\/\",\"url\":\"https:\/\/osesa.cl\/index.php\/producto\/hub-aperio-ah20\/\",\"name\":\"Hub APERIO AH20 - Osesa\",\"isPartOf\":{\"@id\":\"https:\/\/osesa.cl\/#website\"},\"primaryImageOfPage\":{\"@id\":\"https:\/\/osesa.cl\/index.php\/producto\/hub-aperio-ah20\/#primaryimage\"},\"image\":{\"@id\":\"https:\/\/osesa.cl\/index.php\/producto\/hub-aperio-ah20\/#primaryimage\"},\"thumbnailUrl\":\"https:\/\/osesa.cl\/wp-content\/uploads\/2023\/03\/AH20.jpg\",\"datePublished\":\"2023-07-28T21:21:30+00:00\",\"dateModified\":\"2025-04-09T04:30:17+00:00\",\"breadcrumb\":{\"@id\":\"https:\/\/osesa.cl\/index.php\/producto\/hub-aperio-ah20\/#breadcrumb\"},\"inLanguage\":\"es\",\"potentialAction\":[{\"@type\":\"ReadAction\",\"target\":[\"https:\/\/osesa.cl\/index.php\/producto\/hub-aperio-ah20\/\"]}]},{\"@type\":\"ImageObject\",\"inLanguage\":\"es\",\"@id\":\"https:\/\/osesa.cl\/index.php\/producto\/hub-aperio-ah20\/#primaryimage\",\"url\":\"https:\/\/osesa.cl\/wp-content\/uploads\/2023\/03\/AH20.jpg\",\"contentUrl\":\"https:\/\/osesa.cl\/wp-content\/uploads\/2023\/03\/AH20.jpg\",\"width\":1896,\"height\":1904},{\"@type\":\"BreadcrumbList\",\"@id\":\"https:\/\/osesa.cl\/index.php\/producto\/hub-aperio-ah20\/#breadcrumb\",\"itemListElement\":[{\"@type\":\"ListItem\",\"position\":1,\"name\":\"Portada\",\"item\":\"https:\/\/osesa.cl\/\"},{\"@type\":\"ListItem\",\"position\":2,\"name\":\"Tienda\",\"item\":\"https:\/\/osesa.cl\/index.php\/tienda-2\/\"},{\"@type\":\"ListItem\",\"position\":3,\"name\":\"Hub APERIO AH20\"}]},{\"@type\":\"WebSite\",\"@id\":\"https:\/\/osesa.cl\/#website\",\"url\":\"https:\/\/osesa.cl\/\",\"name\":\"Osesa\",\"description\":\"\",\"potentialAction\":[{\"@type\":\"SearchAction\",\"target\":{\"@type\":\"EntryPoint\",\"urlTemplate\":\"https:\/\/osesa.cl\/?s={search_term_string}\"},\"query-input\":{\"@type\":\"PropertyValueSpecification\",\"valueRequired\":true,\"valueName\":\"search_term_string\"}}],\"inLanguage\":\"es\"}]}<\/script>\n<!-- \/ Yoast SEO plugin. -->","yoast_head_json":{"title":"Hub APERIO AH20 - Osesa","robots":{"index":"index","follow":"follow","max-snippet":"max-snippet:-1","max-image-preview":"max-image-preview:large","max-video-preview":"max-video-preview:-1"},"canonical":"https:\/\/osesa.cl\/index.php\/producto\/hub-aperio-ah20\/","og_locale":"es_ES","og_type":"article","og_title":"Hub APERIO AH20 - Osesa","og_description":"CONCENTRADOR HUB WIEGAND CERRADURA APERIO MOD. AH20 ABLOY","og_url":"https:\/\/osesa.cl\/index.php\/producto\/hub-aperio-ah20\/","og_site_name":"Osesa","article_modified_time":"2025-04-09T04:30:17+00:00","og_image":[{"width":1896,"height":1904,"url":"https:\/\/osesa.cl\/wp-content\/uploads\/2023\/03\/AH20.jpg","type":"image\/jpeg"}],"twitter_card":"summary_large_image","schema":{"@context":"https:\/\/schema.org","@graph":[{"@type":"WebPage","@id":"https:\/\/osesa.cl\/index.php\/producto\/hub-aperio-ah20\/","url":"https:\/\/osesa.cl\/index.php\/producto\/hub-aperio-ah20\/","name":"Hub APERIO AH20 - Osesa","isPartOf":{"@id":"https:\/\/osesa.cl\/#website"},"primaryImageOfPage":{"@id":"https:\/\/osesa.cl\/index.php\/producto\/hub-aperio-ah20\/#primaryimage"},"image":{"@id":"https:\/\/osesa.cl\/index.php\/producto\/hub-aperio-ah20\/#primaryimage"},"thumbnailUrl":"https:\/\/osesa.cl\/wp-content\/uploads\/2023\/03\/AH20.jpg","datePublished":"2023-07-28T21:21:30+00:00","dateModified":"2025-04-09T04:30:17+00:00","breadcrumb":{"@id":"https:\/\/osesa.cl\/index.php\/producto\/hub-aperio-ah20\/#breadcrumb"},"inLanguage":"es","potentialAction":[{"@type":"ReadAction","target":["https:\/\/osesa.cl\/index.php\/producto\/hub-aperio-ah20\/"]}]},{"@type":"ImageObject","inLanguage":"es","@id":"https:\/\/osesa.cl\/index.php\/producto\/hub-aperio-ah20\/#primaryimage","url":"https:\/\/osesa.cl\/wp-content\/uploads\/2023\/03\/AH20.jpg","contentUrl":"https:\/\/osesa.cl\/wp-content\/uploads\/2023\/03\/AH20.jpg","width":1896,"height":1904},{"@type":"BreadcrumbList","@id":"https:\/\/osesa.cl\/index.php\/producto\/hub-aperio-ah20\/#breadcrumb","itemListElement":[{"@type":"ListItem","position":1,"name":"Portada","item":"https:\/\/osesa.cl\/"},{"@type":"ListItem","position":2,"name":"Tienda","item":"https:\/\/osesa.cl\/index.php\/tienda-2\/"},{"@type":"ListItem","position":3,"name":"Hub APERIO AH20"}]},{"@type":"WebSite","@id":"https:\/\/osesa.cl\/#website","url":"https:\/\/osesa.cl\/","name":"Osesa","description":"","potentialAction":[{"@type":"SearchAction","target":{"@type":"EntryPoint","urlTemplate":"https:\/\/osesa.cl\/?s={search_term_string}"},"query-input":{"@type":"PropertyValueSpecification","valueRequired":true,"valueName":"search_term_string"}}],"inLanguage":"es"}]}},"_links":{"self":[{"href":"https:\/\/osesa.cl\/index.php\/wp-json\/wp\/v2\/product\/9295","targetHints":{"allow":["GET"]}}],"collection":[{"href":"https:\/\/osesa.cl\/index.php\/wp-json\/wp\/v2\/product"}],"about":[{"href":"https:\/\/osesa.cl\/index.php\/wp-json\/wp\/v2\/types\/product"}],"wp:featuredmedia":[{"embeddable":true,"href":"https:\/\/osesa.cl\/index.php\/wp-json\/wp\/v2\/media\/8385"}],"wp:attachment":[{"href":"https:\/\/osesa.cl\/index.php\/wp-json\/wp\/v2\/media?parent=9295"}],"wp:term":[{"taxonomy":"product_brand","embeddable":true,"href":"https:\/\/osesa.cl\/index.php\/wp-json\/wp\/v2\/product_brand?post=9295"},{"taxonomy":"product_cat","embeddable":true,"href":"https:\/\/osesa.cl\/index.php\/wp-json\/wp\/v2\/product_cat?post=9295"},{"taxonomy":"product_tag","embeddable":true,"href":"https:\/\/osesa.cl\/index.php\/wp-json\/wp\/v2\/product_tag?post=9295"}],"curies":[{"name":"wp","href":"https:\/\/api.w.org\/{rel}","templated":true}]}}