{"id":9306,"date":"2023-07-28T21:21:34","date_gmt":"2023-07-28T21:21:34","guid":{"rendered":"http:\/\/andesrank.cl\/?product=llave-cliq-abloy"},"modified":"2025-10-07T19:25:55","modified_gmt":"2025-10-07T19:25:55","slug":"llave-cliq-abloy","status":"publish","type":"product","link":"https:\/\/osesa.cl\/index.php\/producto\/llave-cliq-abloy\/","title":{"rendered":"Llave CLIQ ABLOY"},"content":{"rendered":"<p>La llave electr\u00f3nica CLIQ de ABLOY ofrece una soluci\u00f3n avanzada para la gesti\u00f3n de accesos, permitiendo modificar los derechos de acceso de cada usuario seg\u00fan sea necesario. En caso de p\u00e9rdida, la llave no puede ser revalidada, eliminando el riesgo de acceso no autorizado sin necesidad de reemplazar el sistema. Compatible tanto con cerraduras mec\u00e1nicas ABLOY como con cerraduras electr\u00f3nicas CLIQ, facilita la transici\u00f3n a sistemas electr\u00f3nicos sin necesidad de una sustituci\u00f3n completa. Adem\u00e1s, est\u00e1 disponible en una versi\u00f3n aprobada por ATEX, adecuada para entornos con requisitos de seguridad estrictos.<\/p>\n<p>&nbsp;<\/p>\n<p><iframe title=\"YouTube video player\" src=\"https:\/\/www.youtube.com\/embed\/C5KrWG6YLgk?si=w75NKp3IBQQpR_x1\" width=\"100%\" height=\"400\" frameborder=\"0\" allowfullscreen=\"allowfullscreen\"><\/iframe><\/p>\n","protected":false},"excerpt":{"rendered":"<p>Llave CLIQ ABLOY<\/p>\n","protected":false},"featured_media":9399,"template":"","meta":{"_joinchat":[]},"product_brand":[],"product_cat":[48,182,177],"product_tag":[],"class_list":{"0":"post-9306","1":"product","2":"type-product","3":"status-publish","4":"has-post-thumbnail","6":"product_cat-abloy","7":"product_cat-cliq","8":"product_cat-llave","10":"first","11":"instock","12":"shipping-taxable","13":"product-type-simple"},"yoast_head":"<!-- This site is optimized with the Yoast SEO plugin v24.9 - https:\/\/yoast.com\/wordpress\/plugins\/seo\/ -->\n<title>Llave CLIQ ABLOY - Osesa<\/title>\n<meta name=\"robots\" content=\"index, follow, max-snippet:-1, max-image-preview:large, max-video-preview:-1\" \/>\n<link rel=\"canonical\" href=\"https:\/\/osesa.cl\/index.php\/producto\/llave-cliq-abloy\/\" \/>\n<meta property=\"og:locale\" content=\"es_ES\" \/>\n<meta property=\"og:type\" content=\"article\" \/>\n<meta property=\"og:title\" content=\"Llave CLIQ ABLOY - Osesa\" \/>\n<meta property=\"og:description\" content=\"Llave CLIQ ABLOY\" \/>\n<meta property=\"og:url\" content=\"https:\/\/osesa.cl\/index.php\/producto\/llave-cliq-abloy\/\" \/>\n<meta property=\"og:site_name\" content=\"Osesa\" \/>\n<meta property=\"article:modified_time\" content=\"2025-10-07T19:25:55+00:00\" \/>\n<meta property=\"og:image\" content=\"https:\/\/osesa.cl\/wp-content\/uploads\/2023\/07\/TQB407-scaled.jpg\" \/>\n\t<meta property=\"og:image:width\" content=\"2560\" \/>\n\t<meta property=\"og:image:height\" content=\"2560\" \/>\n\t<meta property=\"og:image:type\" content=\"image\/jpeg\" \/>\n<meta name=\"twitter:card\" content=\"summary_large_image\" \/>\n<meta name=\"twitter:label1\" content=\"Tiempo de lectura\" \/>\n\t<meta name=\"twitter:data1\" content=\"1 minuto\" \/>\n<script type=\"application\/ld+json\" class=\"yoast-schema-graph\">{\"@context\":\"https:\/\/schema.org\",\"@graph\":[{\"@type\":\"WebPage\",\"@id\":\"https:\/\/osesa.cl\/index.php\/producto\/llave-cliq-abloy\/\",\"url\":\"https:\/\/osesa.cl\/index.php\/producto\/llave-cliq-abloy\/\",\"name\":\"Llave CLIQ ABLOY - Osesa\",\"isPartOf\":{\"@id\":\"https:\/\/osesa.cl\/#website\"},\"primaryImageOfPage\":{\"@id\":\"https:\/\/osesa.cl\/index.php\/producto\/llave-cliq-abloy\/#primaryimage\"},\"image\":{\"@id\":\"https:\/\/osesa.cl\/index.php\/producto\/llave-cliq-abloy\/#primaryimage\"},\"thumbnailUrl\":\"https:\/\/osesa.cl\/wp-content\/uploads\/2023\/07\/TQB407-scaled.jpg\",\"datePublished\":\"2023-07-28T21:21:34+00:00\",\"dateModified\":\"2025-10-07T19:25:55+00:00\",\"breadcrumb\":{\"@id\":\"https:\/\/osesa.cl\/index.php\/producto\/llave-cliq-abloy\/#breadcrumb\"},\"inLanguage\":\"es\",\"potentialAction\":[{\"@type\":\"ReadAction\",\"target\":[\"https:\/\/osesa.cl\/index.php\/producto\/llave-cliq-abloy\/\"]}]},{\"@type\":\"ImageObject\",\"inLanguage\":\"es\",\"@id\":\"https:\/\/osesa.cl\/index.php\/producto\/llave-cliq-abloy\/#primaryimage\",\"url\":\"https:\/\/osesa.cl\/wp-content\/uploads\/2023\/07\/TQB407-scaled.jpg\",\"contentUrl\":\"https:\/\/osesa.cl\/wp-content\/uploads\/2023\/07\/TQB407-scaled.jpg\",\"width\":2560,\"height\":2560},{\"@type\":\"BreadcrumbList\",\"@id\":\"https:\/\/osesa.cl\/index.php\/producto\/llave-cliq-abloy\/#breadcrumb\",\"itemListElement\":[{\"@type\":\"ListItem\",\"position\":1,\"name\":\"Portada\",\"item\":\"https:\/\/osesa.cl\/\"},{\"@type\":\"ListItem\",\"position\":2,\"name\":\"Tienda\",\"item\":\"https:\/\/osesa.cl\/index.php\/tienda-2\/\"},{\"@type\":\"ListItem\",\"position\":3,\"name\":\"Llave CLIQ ABLOY\"}]},{\"@type\":\"WebSite\",\"@id\":\"https:\/\/osesa.cl\/#website\",\"url\":\"https:\/\/osesa.cl\/\",\"name\":\"Osesa\",\"description\":\"\",\"potentialAction\":[{\"@type\":\"SearchAction\",\"target\":{\"@type\":\"EntryPoint\",\"urlTemplate\":\"https:\/\/osesa.cl\/?s={search_term_string}\"},\"query-input\":{\"@type\":\"PropertyValueSpecification\",\"valueRequired\":true,\"valueName\":\"search_term_string\"}}],\"inLanguage\":\"es\"}]}<\/script>\n<!-- \/ Yoast SEO plugin. -->","yoast_head_json":{"title":"Llave CLIQ ABLOY - Osesa","robots":{"index":"index","follow":"follow","max-snippet":"max-snippet:-1","max-image-preview":"max-image-preview:large","max-video-preview":"max-video-preview:-1"},"canonical":"https:\/\/osesa.cl\/index.php\/producto\/llave-cliq-abloy\/","og_locale":"es_ES","og_type":"article","og_title":"Llave CLIQ ABLOY - Osesa","og_description":"Llave CLIQ ABLOY","og_url":"https:\/\/osesa.cl\/index.php\/producto\/llave-cliq-abloy\/","og_site_name":"Osesa","article_modified_time":"2025-10-07T19:25:55+00:00","og_image":[{"width":2560,"height":2560,"url":"https:\/\/osesa.cl\/wp-content\/uploads\/2023\/07\/TQB407-scaled.jpg","type":"image\/jpeg"}],"twitter_card":"summary_large_image","twitter_misc":{"Tiempo de lectura":"1 minuto"},"schema":{"@context":"https:\/\/schema.org","@graph":[{"@type":"WebPage","@id":"https:\/\/osesa.cl\/index.php\/producto\/llave-cliq-abloy\/","url":"https:\/\/osesa.cl\/index.php\/producto\/llave-cliq-abloy\/","name":"Llave CLIQ ABLOY - Osesa","isPartOf":{"@id":"https:\/\/osesa.cl\/#website"},"primaryImageOfPage":{"@id":"https:\/\/osesa.cl\/index.php\/producto\/llave-cliq-abloy\/#primaryimage"},"image":{"@id":"https:\/\/osesa.cl\/index.php\/producto\/llave-cliq-abloy\/#primaryimage"},"thumbnailUrl":"https:\/\/osesa.cl\/wp-content\/uploads\/2023\/07\/TQB407-scaled.jpg","datePublished":"2023-07-28T21:21:34+00:00","dateModified":"2025-10-07T19:25:55+00:00","breadcrumb":{"@id":"https:\/\/osesa.cl\/index.php\/producto\/llave-cliq-abloy\/#breadcrumb"},"inLanguage":"es","potentialAction":[{"@type":"ReadAction","target":["https:\/\/osesa.cl\/index.php\/producto\/llave-cliq-abloy\/"]}]},{"@type":"ImageObject","inLanguage":"es","@id":"https:\/\/osesa.cl\/index.php\/producto\/llave-cliq-abloy\/#primaryimage","url":"https:\/\/osesa.cl\/wp-content\/uploads\/2023\/07\/TQB407-scaled.jpg","contentUrl":"https:\/\/osesa.cl\/wp-content\/uploads\/2023\/07\/TQB407-scaled.jpg","width":2560,"height":2560},{"@type":"BreadcrumbList","@id":"https:\/\/osesa.cl\/index.php\/producto\/llave-cliq-abloy\/#breadcrumb","itemListElement":[{"@type":"ListItem","position":1,"name":"Portada","item":"https:\/\/osesa.cl\/"},{"@type":"ListItem","position":2,"name":"Tienda","item":"https:\/\/osesa.cl\/index.php\/tienda-2\/"},{"@type":"ListItem","position":3,"name":"Llave CLIQ ABLOY"}]},{"@type":"WebSite","@id":"https:\/\/osesa.cl\/#website","url":"https:\/\/osesa.cl\/","name":"Osesa","description":"","potentialAction":[{"@type":"SearchAction","target":{"@type":"EntryPoint","urlTemplate":"https:\/\/osesa.cl\/?s={search_term_string}"},"query-input":{"@type":"PropertyValueSpecification","valueRequired":true,"valueName":"search_term_string"}}],"inLanguage":"es"}]}},"_links":{"self":[{"href":"https:\/\/osesa.cl\/index.php\/wp-json\/wp\/v2\/product\/9306","targetHints":{"allow":["GET"]}}],"collection":[{"href":"https:\/\/osesa.cl\/index.php\/wp-json\/wp\/v2\/product"}],"about":[{"href":"https:\/\/osesa.cl\/index.php\/wp-json\/wp\/v2\/types\/product"}],"wp:featuredmedia":[{"embeddable":true,"href":"https:\/\/osesa.cl\/index.php\/wp-json\/wp\/v2\/media\/9399"}],"wp:attachment":[{"href":"https:\/\/osesa.cl\/index.php\/wp-json\/wp\/v2\/media?parent=9306"}],"wp:term":[{"taxonomy":"product_brand","embeddable":true,"href":"https:\/\/osesa.cl\/index.php\/wp-json\/wp\/v2\/product_brand?post=9306"},{"taxonomy":"product_cat","embeddable":true,"href":"https:\/\/osesa.cl\/index.php\/wp-json\/wp\/v2\/product_cat?post=9306"},{"taxonomy":"product_tag","embeddable":true,"href":"https:\/\/osesa.cl\/index.php\/wp-json\/wp\/v2\/product_tag?post=9306"}],"curies":[{"name":"wp","href":"https:\/\/api.w.org\/{rel}","templated":true}]}}