{"id":9310,"date":"2023-07-28T21:21:35","date_gmt":"2023-07-28T21:21:35","guid":{"rendered":"http:\/\/andesrank.cl\/?product=llave-maestra-anver-acc232"},"modified":"2025-04-09T04:30:29","modified_gmt":"2025-04-09T04:30:29","slug":"llave-maestra-cerraduras-klav-acc232","status":"publish","type":"product","link":"https:\/\/osesa.cl\/index.php\/producto\/llave-maestra-cerraduras-klav-acc232\/","title":{"rendered":"Llave maestra Cerraduras Klav ACC232"},"content":{"rendered":"<p>La llave maestra para Cerraduras Klav, modelo ACC232, est\u00e1 dise\u00f1ada para operar cerraduras de dial en lockers del modelo CEM232. Esta llave permite la gesti\u00f3n eficiente de m\u00faltiples lockers bajo un mismo sistema, facilitando el acceso autorizado y el mantenimiento en entornos con alta rotaci\u00f3n de usuarios, como gimnasios, escuelas y oficinas.<\/p>\n","protected":false},"excerpt":{"rendered":"<p>Llave maestra Cerraduras Klav para CEM232<\/p>\n","protected":false},"featured_media":9311,"template":"","meta":{"_joinchat":[]},"product_brand":[],"product_cat":[91,181],"product_tag":[],"class_list":{"0":"post-9310","1":"product","2":"type-product","3":"status-publish","4":"has-post-thumbnail","6":"product_cat-cerraduras-para-muebles-klav","7":"product_cat-llave-cerraduras-klav","9":"first","10":"instock","11":"shipping-taxable","12":"product-type-simple"},"yoast_head":"<!-- This site is optimized with the Yoast SEO plugin v24.9 - https:\/\/yoast.com\/wordpress\/plugins\/seo\/ -->\n<title>Llave maestra Cerraduras Klav ACC232 - Osesa<\/title>\n<meta name=\"robots\" content=\"index, follow, max-snippet:-1, max-image-preview:large, max-video-preview:-1\" \/>\n<link rel=\"canonical\" href=\"https:\/\/osesa.cl\/index.php\/producto\/llave-maestra-cerraduras-klav-acc232\/\" \/>\n<meta property=\"og:locale\" content=\"es_ES\" \/>\n<meta property=\"og:type\" content=\"article\" \/>\n<meta property=\"og:title\" content=\"Llave maestra Cerraduras Klav ACC232 - Osesa\" \/>\n<meta property=\"og:description\" content=\"Llave maestra Cerraduras Klav para CEM232\" \/>\n<meta property=\"og:url\" content=\"https:\/\/osesa.cl\/index.php\/producto\/llave-maestra-cerraduras-klav-acc232\/\" \/>\n<meta property=\"og:site_name\" content=\"Osesa\" \/>\n<meta property=\"article:modified_time\" content=\"2025-04-09T04:30:29+00:00\" \/>\n<meta property=\"og:image\" content=\"https:\/\/osesa.cl\/wp-content\/uploads\/2023\/07\/ACC232.jpg\" \/>\n\t<meta property=\"og:image:width\" content=\"1\" \/>\n\t<meta property=\"og:image:height\" content=\"1\" \/>\n\t<meta property=\"og:image:type\" content=\"image\/jpeg\" \/>\n<meta name=\"twitter:card\" content=\"summary_large_image\" \/>\n<meta name=\"twitter:label1\" content=\"Tiempo de lectura\" \/>\n\t<meta name=\"twitter:data1\" content=\"1 minuto\" \/>\n<script type=\"application\/ld+json\" class=\"yoast-schema-graph\">{\"@context\":\"https:\/\/schema.org\",\"@graph\":[{\"@type\":\"WebPage\",\"@id\":\"https:\/\/osesa.cl\/index.php\/producto\/llave-maestra-cerraduras-klav-acc232\/\",\"url\":\"https:\/\/osesa.cl\/index.php\/producto\/llave-maestra-cerraduras-klav-acc232\/\",\"name\":\"Llave maestra Cerraduras Klav ACC232 - Osesa\",\"isPartOf\":{\"@id\":\"https:\/\/osesa.cl\/#website\"},\"primaryImageOfPage\":{\"@id\":\"https:\/\/osesa.cl\/index.php\/producto\/llave-maestra-cerraduras-klav-acc232\/#primaryimage\"},\"image\":{\"@id\":\"https:\/\/osesa.cl\/index.php\/producto\/llave-maestra-cerraduras-klav-acc232\/#primaryimage\"},\"thumbnailUrl\":\"https:\/\/osesa.cl\/wp-content\/uploads\/2023\/07\/ACC232.jpg\",\"datePublished\":\"2023-07-28T21:21:35+00:00\",\"dateModified\":\"2025-04-09T04:30:29+00:00\",\"breadcrumb\":{\"@id\":\"https:\/\/osesa.cl\/index.php\/producto\/llave-maestra-cerraduras-klav-acc232\/#breadcrumb\"},\"inLanguage\":\"es\",\"potentialAction\":[{\"@type\":\"ReadAction\",\"target\":[\"https:\/\/osesa.cl\/index.php\/producto\/llave-maestra-cerraduras-klav-acc232\/\"]}]},{\"@type\":\"ImageObject\",\"inLanguage\":\"es\",\"@id\":\"https:\/\/osesa.cl\/index.php\/producto\/llave-maestra-cerraduras-klav-acc232\/#primaryimage\",\"url\":\"https:\/\/osesa.cl\/wp-content\/uploads\/2023\/07\/ACC232.jpg\",\"contentUrl\":\"https:\/\/osesa.cl\/wp-content\/uploads\/2023\/07\/ACC232.jpg\"},{\"@type\":\"BreadcrumbList\",\"@id\":\"https:\/\/osesa.cl\/index.php\/producto\/llave-maestra-cerraduras-klav-acc232\/#breadcrumb\",\"itemListElement\":[{\"@type\":\"ListItem\",\"position\":1,\"name\":\"Portada\",\"item\":\"https:\/\/osesa.cl\/\"},{\"@type\":\"ListItem\",\"position\":2,\"name\":\"Tienda\",\"item\":\"https:\/\/osesa.cl\/index.php\/tienda-2\/\"},{\"@type\":\"ListItem\",\"position\":3,\"name\":\"Llave maestra Cerraduras Klav ACC232\"}]},{\"@type\":\"WebSite\",\"@id\":\"https:\/\/osesa.cl\/#website\",\"url\":\"https:\/\/osesa.cl\/\",\"name\":\"Osesa\",\"description\":\"\",\"potentialAction\":[{\"@type\":\"SearchAction\",\"target\":{\"@type\":\"EntryPoint\",\"urlTemplate\":\"https:\/\/osesa.cl\/?s={search_term_string}\"},\"query-input\":{\"@type\":\"PropertyValueSpecification\",\"valueRequired\":true,\"valueName\":\"search_term_string\"}}],\"inLanguage\":\"es\"}]}<\/script>\n<!-- \/ Yoast SEO plugin. -->","yoast_head_json":{"title":"Llave maestra Cerraduras Klav ACC232 - Osesa","robots":{"index":"index","follow":"follow","max-snippet":"max-snippet:-1","max-image-preview":"max-image-preview:large","max-video-preview":"max-video-preview:-1"},"canonical":"https:\/\/osesa.cl\/index.php\/producto\/llave-maestra-cerraduras-klav-acc232\/","og_locale":"es_ES","og_type":"article","og_title":"Llave maestra Cerraduras Klav ACC232 - Osesa","og_description":"Llave maestra Cerraduras Klav para CEM232","og_url":"https:\/\/osesa.cl\/index.php\/producto\/llave-maestra-cerraduras-klav-acc232\/","og_site_name":"Osesa","article_modified_time":"2025-04-09T04:30:29+00:00","og_image":[{"url":"https:\/\/osesa.cl\/wp-content\/uploads\/2023\/07\/ACC232.jpg","width":1,"height":1,"type":"image\/jpeg"}],"twitter_card":"summary_large_image","twitter_misc":{"Tiempo de lectura":"1 minuto"},"schema":{"@context":"https:\/\/schema.org","@graph":[{"@type":"WebPage","@id":"https:\/\/osesa.cl\/index.php\/producto\/llave-maestra-cerraduras-klav-acc232\/","url":"https:\/\/osesa.cl\/index.php\/producto\/llave-maestra-cerraduras-klav-acc232\/","name":"Llave maestra Cerraduras Klav ACC232 - Osesa","isPartOf":{"@id":"https:\/\/osesa.cl\/#website"},"primaryImageOfPage":{"@id":"https:\/\/osesa.cl\/index.php\/producto\/llave-maestra-cerraduras-klav-acc232\/#primaryimage"},"image":{"@id":"https:\/\/osesa.cl\/index.php\/producto\/llave-maestra-cerraduras-klav-acc232\/#primaryimage"},"thumbnailUrl":"https:\/\/osesa.cl\/wp-content\/uploads\/2023\/07\/ACC232.jpg","datePublished":"2023-07-28T21:21:35+00:00","dateModified":"2025-04-09T04:30:29+00:00","breadcrumb":{"@id":"https:\/\/osesa.cl\/index.php\/producto\/llave-maestra-cerraduras-klav-acc232\/#breadcrumb"},"inLanguage":"es","potentialAction":[{"@type":"ReadAction","target":["https:\/\/osesa.cl\/index.php\/producto\/llave-maestra-cerraduras-klav-acc232\/"]}]},{"@type":"ImageObject","inLanguage":"es","@id":"https:\/\/osesa.cl\/index.php\/producto\/llave-maestra-cerraduras-klav-acc232\/#primaryimage","url":"https:\/\/osesa.cl\/wp-content\/uploads\/2023\/07\/ACC232.jpg","contentUrl":"https:\/\/osesa.cl\/wp-content\/uploads\/2023\/07\/ACC232.jpg"},{"@type":"BreadcrumbList","@id":"https:\/\/osesa.cl\/index.php\/producto\/llave-maestra-cerraduras-klav-acc232\/#breadcrumb","itemListElement":[{"@type":"ListItem","position":1,"name":"Portada","item":"https:\/\/osesa.cl\/"},{"@type":"ListItem","position":2,"name":"Tienda","item":"https:\/\/osesa.cl\/index.php\/tienda-2\/"},{"@type":"ListItem","position":3,"name":"Llave maestra Cerraduras Klav ACC232"}]},{"@type":"WebSite","@id":"https:\/\/osesa.cl\/#website","url":"https:\/\/osesa.cl\/","name":"Osesa","description":"","potentialAction":[{"@type":"SearchAction","target":{"@type":"EntryPoint","urlTemplate":"https:\/\/osesa.cl\/?s={search_term_string}"},"query-input":{"@type":"PropertyValueSpecification","valueRequired":true,"valueName":"search_term_string"}}],"inLanguage":"es"}]}},"_links":{"self":[{"href":"https:\/\/osesa.cl\/index.php\/wp-json\/wp\/v2\/product\/9310","targetHints":{"allow":["GET"]}}],"collection":[{"href":"https:\/\/osesa.cl\/index.php\/wp-json\/wp\/v2\/product"}],"about":[{"href":"https:\/\/osesa.cl\/index.php\/wp-json\/wp\/v2\/types\/product"}],"wp:featuredmedia":[{"embeddable":true,"href":"https:\/\/osesa.cl\/index.php\/wp-json\/wp\/v2\/media\/9311"}],"wp:attachment":[{"href":"https:\/\/osesa.cl\/index.php\/wp-json\/wp\/v2\/media?parent=9310"}],"wp:term":[{"taxonomy":"product_brand","embeddable":true,"href":"https:\/\/osesa.cl\/index.php\/wp-json\/wp\/v2\/product_brand?post=9310"},{"taxonomy":"product_cat","embeddable":true,"href":"https:\/\/osesa.cl\/index.php\/wp-json\/wp\/v2\/product_cat?post=9310"},{"taxonomy":"product_tag","embeddable":true,"href":"https:\/\/osesa.cl\/index.php\/wp-json\/wp\/v2\/product_tag?post=9310"}],"curies":[{"name":"wp","href":"https:\/\/api.w.org\/{rel}","templated":true}]}}