{"id":9323,"date":"2023-07-28T21:21:39","date_gmt":"2023-07-28T21:21:39","guid":{"rendered":"http:\/\/andesrank.cl\/?product=smart-cabinet-tarjeta-4u-osesa"},"modified":"2025-04-09T04:30:39","modified_gmt":"2025-04-09T04:30:39","slug":"smart-cabinet-tarjeta-4u-osesa","status":"publish","type":"product","link":"https:\/\/osesa.cl\/index.php\/producto\/smart-cabinet-tarjeta-4u-osesa\/","title":{"rendered":"Smart Cabinet Tarjeta 4u OSESA"},"content":{"rendered":"<p>El Smart Cabinet Tarjeta 4U es un administrador de llaves desarrollado por OSESA, dise\u00f1ado para gestionar de manera eficiente y segura las llaves en diversas aplicaciones. Este gabinete cuenta con una unidad de 4U de altura, lo que permite una integraci\u00f3n flexible en entornos que requieren una gesti\u00f3n centralizada de llaves. Est\u00e1 basado en la tecnolog\u00eda de ABLOY, reconocida por su alta calidad y seguridad en sistemas de cierre. Aunque la informaci\u00f3n espec\u00edfica sobre este modelo es limitada, se sabe que OSESA ha desarrollado otros administradores de llaves, como el de 14U, tambi\u00e9n basados en tecnolog\u00eda ABLOY.<\/p>\n","protected":false},"excerpt":{"rendered":"<p>Administrador de llaves de 4u desarrollado por OSESA<\/p>\n","protected":false},"featured_media":9402,"template":"","meta":{"_joinchat":[]},"product_brand":[],"product_cat":[130,128],"product_tag":[],"class_list":{"0":"post-9323","1":"product","2":"type-product","3":"status-publish","4":"has-post-thumbnail","6":"product_cat-desarrollo-osesa","7":"product_cat-osesa","9":"first","10":"instock","11":"shipping-taxable","12":"product-type-simple"},"yoast_head":"<!-- This site is optimized with the Yoast SEO plugin v24.9 - https:\/\/yoast.com\/wordpress\/plugins\/seo\/ -->\n<title>Smart Cabinet Tarjeta 4u OSESA - Osesa<\/title>\n<meta name=\"robots\" content=\"index, follow, max-snippet:-1, max-image-preview:large, max-video-preview:-1\" \/>\n<link rel=\"canonical\" href=\"https:\/\/osesa.cl\/index.php\/producto\/smart-cabinet-tarjeta-4u-osesa\/\" \/>\n<meta property=\"og:locale\" content=\"es_ES\" \/>\n<meta property=\"og:type\" content=\"article\" \/>\n<meta property=\"og:title\" content=\"Smart Cabinet Tarjeta 4u OSESA - Osesa\" \/>\n<meta property=\"og:description\" content=\"Administrador de llaves de 4u desarrollado por OSESA\" \/>\n<meta property=\"og:url\" content=\"https:\/\/osesa.cl\/index.php\/producto\/smart-cabinet-tarjeta-4u-osesa\/\" \/>\n<meta property=\"og:site_name\" content=\"Osesa\" \/>\n<meta property=\"article:modified_time\" content=\"2025-04-09T04:30:39+00:00\" \/>\n<meta property=\"og:image\" content=\"https:\/\/osesa.cl\/wp-content\/uploads\/2023\/07\/OSSCT04-scaled.jpg\" \/>\n\t<meta property=\"og:image:width\" content=\"2560\" \/>\n\t<meta property=\"og:image:height\" content=\"2560\" \/>\n\t<meta property=\"og:image:type\" content=\"image\/jpeg\" \/>\n<meta name=\"twitter:card\" content=\"summary_large_image\" \/>\n<meta name=\"twitter:label1\" content=\"Tiempo de lectura\" \/>\n\t<meta name=\"twitter:data1\" content=\"1 minuto\" \/>\n<script type=\"application\/ld+json\" class=\"yoast-schema-graph\">{\"@context\":\"https:\/\/schema.org\",\"@graph\":[{\"@type\":\"WebPage\",\"@id\":\"https:\/\/osesa.cl\/index.php\/producto\/smart-cabinet-tarjeta-4u-osesa\/\",\"url\":\"https:\/\/osesa.cl\/index.php\/producto\/smart-cabinet-tarjeta-4u-osesa\/\",\"name\":\"Smart Cabinet Tarjeta 4u OSESA - Osesa\",\"isPartOf\":{\"@id\":\"https:\/\/osesa.cl\/#website\"},\"primaryImageOfPage\":{\"@id\":\"https:\/\/osesa.cl\/index.php\/producto\/smart-cabinet-tarjeta-4u-osesa\/#primaryimage\"},\"image\":{\"@id\":\"https:\/\/osesa.cl\/index.php\/producto\/smart-cabinet-tarjeta-4u-osesa\/#primaryimage\"},\"thumbnailUrl\":\"https:\/\/osesa.cl\/wp-content\/uploads\/2023\/07\/OSSCT04-scaled.jpg\",\"datePublished\":\"2023-07-28T21:21:39+00:00\",\"dateModified\":\"2025-04-09T04:30:39+00:00\",\"breadcrumb\":{\"@id\":\"https:\/\/osesa.cl\/index.php\/producto\/smart-cabinet-tarjeta-4u-osesa\/#breadcrumb\"},\"inLanguage\":\"es\",\"potentialAction\":[{\"@type\":\"ReadAction\",\"target\":[\"https:\/\/osesa.cl\/index.php\/producto\/smart-cabinet-tarjeta-4u-osesa\/\"]}]},{\"@type\":\"ImageObject\",\"inLanguage\":\"es\",\"@id\":\"https:\/\/osesa.cl\/index.php\/producto\/smart-cabinet-tarjeta-4u-osesa\/#primaryimage\",\"url\":\"https:\/\/osesa.cl\/wp-content\/uploads\/2023\/07\/OSSCT04-scaled.jpg\",\"contentUrl\":\"https:\/\/osesa.cl\/wp-content\/uploads\/2023\/07\/OSSCT04-scaled.jpg\",\"width\":2560,\"height\":2560},{\"@type\":\"BreadcrumbList\",\"@id\":\"https:\/\/osesa.cl\/index.php\/producto\/smart-cabinet-tarjeta-4u-osesa\/#breadcrumb\",\"itemListElement\":[{\"@type\":\"ListItem\",\"position\":1,\"name\":\"Portada\",\"item\":\"https:\/\/osesa.cl\/\"},{\"@type\":\"ListItem\",\"position\":2,\"name\":\"Tienda\",\"item\":\"https:\/\/osesa.cl\/index.php\/tienda-2\/\"},{\"@type\":\"ListItem\",\"position\":3,\"name\":\"Smart Cabinet Tarjeta 4u OSESA\"}]},{\"@type\":\"WebSite\",\"@id\":\"https:\/\/osesa.cl\/#website\",\"url\":\"https:\/\/osesa.cl\/\",\"name\":\"Osesa\",\"description\":\"\",\"potentialAction\":[{\"@type\":\"SearchAction\",\"target\":{\"@type\":\"EntryPoint\",\"urlTemplate\":\"https:\/\/osesa.cl\/?s={search_term_string}\"},\"query-input\":{\"@type\":\"PropertyValueSpecification\",\"valueRequired\":true,\"valueName\":\"search_term_string\"}}],\"inLanguage\":\"es\"}]}<\/script>\n<!-- \/ Yoast SEO plugin. -->","yoast_head_json":{"title":"Smart Cabinet Tarjeta 4u OSESA - Osesa","robots":{"index":"index","follow":"follow","max-snippet":"max-snippet:-1","max-image-preview":"max-image-preview:large","max-video-preview":"max-video-preview:-1"},"canonical":"https:\/\/osesa.cl\/index.php\/producto\/smart-cabinet-tarjeta-4u-osesa\/","og_locale":"es_ES","og_type":"article","og_title":"Smart Cabinet Tarjeta 4u OSESA - Osesa","og_description":"Administrador de llaves de 4u desarrollado por OSESA","og_url":"https:\/\/osesa.cl\/index.php\/producto\/smart-cabinet-tarjeta-4u-osesa\/","og_site_name":"Osesa","article_modified_time":"2025-04-09T04:30:39+00:00","og_image":[{"width":2560,"height":2560,"url":"https:\/\/osesa.cl\/wp-content\/uploads\/2023\/07\/OSSCT04-scaled.jpg","type":"image\/jpeg"}],"twitter_card":"summary_large_image","twitter_misc":{"Tiempo de lectura":"1 minuto"},"schema":{"@context":"https:\/\/schema.org","@graph":[{"@type":"WebPage","@id":"https:\/\/osesa.cl\/index.php\/producto\/smart-cabinet-tarjeta-4u-osesa\/","url":"https:\/\/osesa.cl\/index.php\/producto\/smart-cabinet-tarjeta-4u-osesa\/","name":"Smart Cabinet Tarjeta 4u OSESA - Osesa","isPartOf":{"@id":"https:\/\/osesa.cl\/#website"},"primaryImageOfPage":{"@id":"https:\/\/osesa.cl\/index.php\/producto\/smart-cabinet-tarjeta-4u-osesa\/#primaryimage"},"image":{"@id":"https:\/\/osesa.cl\/index.php\/producto\/smart-cabinet-tarjeta-4u-osesa\/#primaryimage"},"thumbnailUrl":"https:\/\/osesa.cl\/wp-content\/uploads\/2023\/07\/OSSCT04-scaled.jpg","datePublished":"2023-07-28T21:21:39+00:00","dateModified":"2025-04-09T04:30:39+00:00","breadcrumb":{"@id":"https:\/\/osesa.cl\/index.php\/producto\/smart-cabinet-tarjeta-4u-osesa\/#breadcrumb"},"inLanguage":"es","potentialAction":[{"@type":"ReadAction","target":["https:\/\/osesa.cl\/index.php\/producto\/smart-cabinet-tarjeta-4u-osesa\/"]}]},{"@type":"ImageObject","inLanguage":"es","@id":"https:\/\/osesa.cl\/index.php\/producto\/smart-cabinet-tarjeta-4u-osesa\/#primaryimage","url":"https:\/\/osesa.cl\/wp-content\/uploads\/2023\/07\/OSSCT04-scaled.jpg","contentUrl":"https:\/\/osesa.cl\/wp-content\/uploads\/2023\/07\/OSSCT04-scaled.jpg","width":2560,"height":2560},{"@type":"BreadcrumbList","@id":"https:\/\/osesa.cl\/index.php\/producto\/smart-cabinet-tarjeta-4u-osesa\/#breadcrumb","itemListElement":[{"@type":"ListItem","position":1,"name":"Portada","item":"https:\/\/osesa.cl\/"},{"@type":"ListItem","position":2,"name":"Tienda","item":"https:\/\/osesa.cl\/index.php\/tienda-2\/"},{"@type":"ListItem","position":3,"name":"Smart Cabinet Tarjeta 4u OSESA"}]},{"@type":"WebSite","@id":"https:\/\/osesa.cl\/#website","url":"https:\/\/osesa.cl\/","name":"Osesa","description":"","potentialAction":[{"@type":"SearchAction","target":{"@type":"EntryPoint","urlTemplate":"https:\/\/osesa.cl\/?s={search_term_string}"},"query-input":{"@type":"PropertyValueSpecification","valueRequired":true,"valueName":"search_term_string"}}],"inLanguage":"es"}]}},"_links":{"self":[{"href":"https:\/\/osesa.cl\/index.php\/wp-json\/wp\/v2\/product\/9323","targetHints":{"allow":["GET"]}}],"collection":[{"href":"https:\/\/osesa.cl\/index.php\/wp-json\/wp\/v2\/product"}],"about":[{"href":"https:\/\/osesa.cl\/index.php\/wp-json\/wp\/v2\/types\/product"}],"wp:featuredmedia":[{"embeddable":true,"href":"https:\/\/osesa.cl\/index.php\/wp-json\/wp\/v2\/media\/9402"}],"wp:attachment":[{"href":"https:\/\/osesa.cl\/index.php\/wp-json\/wp\/v2\/media?parent=9323"}],"wp:term":[{"taxonomy":"product_brand","embeddable":true,"href":"https:\/\/osesa.cl\/index.php\/wp-json\/wp\/v2\/product_brand?post=9323"},{"taxonomy":"product_cat","embeddable":true,"href":"https:\/\/osesa.cl\/index.php\/wp-json\/wp\/v2\/product_cat?post=9323"},{"taxonomy":"product_tag","embeddable":true,"href":"https:\/\/osesa.cl\/index.php\/wp-json\/wp\/v2\/product_tag?post=9323"}],"curies":[{"name":"wp","href":"https:\/\/api.w.org\/{rel}","templated":true}]}}